{"id":648,"date":"2017-09-13T05:57:20","date_gmt":"2017-09-13T05:57:20","guid":{"rendered":"http:\/\/sportdream-aussies-service.de\/?page_id=648"},"modified":"2023-10-03T11:22:00","modified_gmt":"2023-10-03T11:22:00","slug":"katniss-erfolge","status":"publish","type":"page","link":"https:\/\/sportdream-aussies.de\/?page_id=648","title":{"rendered":"Katniss Erfolge"},"content":{"rendered":"<a href=\"https:\/\/sportdream-aussies.de\/?page_id=235\" class=\"su-button su-button-style-3d\" style=\"color:#040404;background-color:#39ef2d;border-color:#2ec024;border-radius:6px\" target=\"_self\"><span style=\"color:#040404;padding:0px 18px;font-size:14px;line-height:28px;border-color:#75f46c;border-radius:6px;text-shadow:none\"> <img src='https:\/\/sportdream-aussies.de\/wp-content\/plugins\/wp-monalisa\/icons\/' alt='' width='29' height='24' class='wpml_ico' \/>  Katniss  <img src='https:\/\/sportdream-aussies.de\/wp-content\/plugins\/wp-monalisa\/icons\/' alt='' width='29' height='24' class='wpml_ico' \/> <\/span><\/a><a href=\"https:\/\/sportdream-aussies.de\/?page_id=641\" class=\"su-button su-button-style-3d\" style=\"color:#040404;background-color:#39ef2d;border-color:#2ec024;border-radius:6px\" target=\"_self\"><span style=\"color:#040404;padding:0px 18px;font-size:14px;line-height:28px;border-color:#75f46c;border-radius:6px;text-shadow:none\"> <img src='https:\/\/sportdream-aussies.de\/wp-content\/plugins\/wp-monalisa\/icons\/' alt='' width='29' height='24' class='wpml_ico' \/>  Katniss Steckbrief<\/span><\/a><a href=\"https:\/\/sportdream-aussies.de\/?page_id=651\" class=\"su-button su-button-style-3d\" style=\"color:#040404;background-color:#39ef2d;border-color:#2ec024;border-radius:6px\" target=\"_self\"><span style=\"color:#040404;padding:0px 18px;font-size:14px;line-height:28px;border-color:#75f46c;border-radius:6px;text-shadow:none\"> <img src='https:\/\/sportdream-aussies.de\/wp-content\/plugins\/wp-monalisa\/icons\/' alt='' width='29' height='24' class='wpml_ico' \/>  Katniss Pedigree<\/span><\/a><a href=\"https:\/\/sportdream-aussies.de\/?page_id=655\" class=\"su-button su-button-style-3d\" style=\"color:#040404;background-color:#39ef2d;border-color:#2ec024;border-radius:6px\" target=\"_self\"><span style=\"color:#040404;padding:0px 18px;font-size:14px;line-height:28px;border-color:#75f46c;border-radius:6px;text-shadow:none\"> <img src='https:\/\/sportdream-aussies.de\/wp-content\/plugins\/wp-monalisa\/icons\/' alt='' width='29' height='24' class='wpml_ico' \/>  Katniss Galerie<\/span><\/a>\n<p>Show Erfolge:<\/p>\n<p>10.12.2016 Kassel: H\u00fcndinnen Jugendklasse, SG Platz 2<\/p>\n<p>01.05.2017 Troisdorf Clubschau: H\u00fcndinnen Zwischenklasse, SG Platz 3<\/p>\n<p>Sporterfolge:<\/p>\n<p>24.08.2017 Begleithundepr\u00fcfung mit gut, sehr gut und vorz\u00fcglich bestanden<\/p>\n<p>23.07.2022 Rally Obedience Turnier, Beginner Klasse Vorz\u00fcglich mit 93 Punkten, Aufstieg in Klasse 1<\/p>\n<p>14.09.2023 Rally Obediene Turnier in Mendig, Klasse 1, Vorz\u00fcglich 93 Punkte, Platz 4, Aufstieg in Klasse 2<\/p>\n","protected":false},"excerpt":{"rendered":"<p>Show Erfolge: 10.12.2016 Kassel: H\u00fcndinnen Jugendklasse, SG Platz 2 01.05.2017 Troisdorf Clubschau: H\u00fcndinnen Zwischenklasse, SG Platz 3 Sporterfolge: 24.08.2017 Begleithundepr\u00fcfung mit gut, sehr gut und vorz\u00fcglich bestanden 23.07.2022 Rally Obedience Turnier, Beginner Klasse Vorz\u00fcglich mit 93 Punkten, Aufstieg in Klasse 1 14.09.2023 Rally Obediene Turnier in Mendig, Klasse 1, Vorz\u00fcglich 93 Punkte, Platz 4, Aufstieg [&hellip;]<\/p>\n","protected":false},"author":1,"featured_media":762,"parent":235,"menu_order":2,"comment_status":"closed","ping_status":"closed","template":"page-templates\/full-width-page.php","meta":{"ngg_post_thumbnail":0,"footnotes":""},"class_list":["post-648","page","type-page","status-publish","has-post-thumbnail","hentry"],"aioseo_notices":[],"jetpack_sharing_enabled":true,"_links":{"self":[{"href":"https:\/\/sportdream-aussies.de\/index.php?rest_route=\/wp\/v2\/pages\/648","targetHints":{"allow":["GET"]}}],"collection":[{"href":"https:\/\/sportdream-aussies.de\/index.php?rest_route=\/wp\/v2\/pages"}],"about":[{"href":"https:\/\/sportdream-aussies.de\/index.php?rest_route=\/wp\/v2\/types\/page"}],"author":[{"embeddable":true,"href":"https:\/\/sportdream-aussies.de\/index.php?rest_route=\/wp\/v2\/users\/1"}],"replies":[{"embeddable":true,"href":"https:\/\/sportdream-aussies.de\/index.php?rest_route=%2Fwp%2Fv2%2Fcomments&post=648"}],"version-history":[{"count":7,"href":"https:\/\/sportdream-aussies.de\/index.php?rest_route=\/wp\/v2\/pages\/648\/revisions"}],"predecessor-version":[{"id":4997,"href":"https:\/\/sportdream-aussies.de\/index.php?rest_route=\/wp\/v2\/pages\/648\/revisions\/4997"}],"up":[{"embeddable":true,"href":"https:\/\/sportdream-aussies.de\/index.php?rest_route=\/wp\/v2\/pages\/235"}],"wp:featuredmedia":[{"embeddable":true,"href":"https:\/\/sportdream-aussies.de\/index.php?rest_route=\/wp\/v2\/media\/762"}],"wp:attachment":[{"href":"https:\/\/sportdream-aussies.de\/index.php?rest_route=%2Fwp%2Fv2%2Fmedia&parent=648"}],"curies":[{"name":"wp","href":"https:\/\/api.w.org\/{rel}","templated":true}]}}