{"id":625,"date":"2017-09-12T20:35:03","date_gmt":"2017-09-12T20:35:03","guid":{"rendered":"http:\/\/sportdream-aussies-service.de\/?page_id=625"},"modified":"2021-08-03T14:39:15","modified_gmt":"2021-08-03T14:39:15","slug":"impressum","status":"publish","type":"page","link":"https:\/\/sportdream-aussies.de\/?page_id=625","title":{"rendered":"Impressum"},"content":{"rendered":"<div class=\"csc-header csc-header-n1\">\n<h1 class=\"csc-firstHeader\">Impressum<\/h1>\n<\/div>\n<p class=\"bodytext\">Diese private und nicht kommerzielle Website wurde in einer ersten Fassung im August 2008 ins Internet gestellt und wird in unregelm\u00e4\u00dfigen Abst\u00e4nden st\u00e4ndig erweitert und \u00fcberarbeitet.<\/p>\n<p class=\"bodytext\">Verantwortlich f\u00fcr den Inhalt und die Gestaltung dieser Website:<\/p>\n<p class=\"bodytext\">Elke Ernst (Banz)<\/p>\n<p class=\"bodytext\">Weiherstrasse 21<\/p>\n<p class=\"bodytext\">53578 Windhagen<\/p>\n<p class=\"bodytext\">02683 9667944<\/p>\n<p class=\"bodytext\">info(@)sportdream-aussies.de (aufgrund der ganzen Spam Mails, haben wir den direkten Link entfernt)<\/p>\n<p class=\"bodytext\">Alle auf dieser Seite enthaltenen Texte und Fotos &#8211; bis auf die Texte und Fotos, die mit anderen Namen gekennzeichnet wurden &#8211; sind im Besitz des Verantwortlichen dieser Website.<\/p>\n<p class=\"bodytext\">Es ist untersagt lediglich Texte oder Fotos dieser Website oder Teile davon &#8211; ohne die Erlaubnis des Verantwortlichen dieser Website &#8211; in jedm\u00f6glicher Form zu kopieren, zu verbreiten oder in die eigene Website einzubinden.2<\/p>\n","protected":false},"excerpt":{"rendered":"<p>Impressum Diese private und nicht kommerzielle Website wurde in einer ersten Fassung im August 2008 ins Internet gestellt und wird in unregelm\u00e4\u00dfigen Abst\u00e4nden st\u00e4ndig erweitert und \u00fcberarbeitet. Verantwortlich f\u00fcr den Inhalt und die Gestaltung dieser Website: Elke Ernst (Banz) Weiherstrasse 21 53578 Windhagen 02683 9667944 info(@)sportdream-aussies.de (aufgrund der ganzen Spam Mails, haben wir den direkten [&hellip;]<\/p>\n","protected":false},"author":1,"featured_media":4393,"parent":617,"menu_order":2,"comment_status":"closed","ping_status":"closed","template":"","meta":{"ngg_post_thumbnail":0,"footnotes":""},"class_list":["post-625","page","type-page","status-publish","has-post-thumbnail","hentry"],"aioseo_notices":[],"jetpack_sharing_enabled":true,"_links":{"self":[{"href":"https:\/\/sportdream-aussies.de\/index.php?rest_route=\/wp\/v2\/pages\/625","targetHints":{"allow":["GET"]}}],"collection":[{"href":"https:\/\/sportdream-aussies.de\/index.php?rest_route=\/wp\/v2\/pages"}],"about":[{"href":"https:\/\/sportdream-aussies.de\/index.php?rest_route=\/wp\/v2\/types\/page"}],"author":[{"embeddable":true,"href":"https:\/\/sportdream-aussies.de\/index.php?rest_route=\/wp\/v2\/users\/1"}],"replies":[{"embeddable":true,"href":"https:\/\/sportdream-aussies.de\/index.php?rest_route=%2Fwp%2Fv2%2Fcomments&post=625"}],"version-history":[{"count":5,"href":"https:\/\/sportdream-aussies.de\/index.php?rest_route=\/wp\/v2\/pages\/625\/revisions"}],"predecessor-version":[{"id":4044,"href":"https:\/\/sportdream-aussies.de\/index.php?rest_route=\/wp\/v2\/pages\/625\/revisions\/4044"}],"up":[{"embeddable":true,"href":"https:\/\/sportdream-aussies.de\/index.php?rest_route=\/wp\/v2\/pages\/617"}],"wp:featuredmedia":[{"embeddable":true,"href":"https:\/\/sportdream-aussies.de\/index.php?rest_route=\/wp\/v2\/media\/4393"}],"wp:attachment":[{"href":"https:\/\/sportdream-aussies.de\/index.php?rest_route=%2Fwp%2Fv2%2Fmedia&parent=625"}],"curies":[{"name":"wp","href":"https:\/\/api.w.org\/{rel}","templated":true}]}}