{"id":5619,"date":"2026-04-22T11:46:49","date_gmt":"2026-04-22T11:46:49","guid":{"rendered":"https:\/\/sportdream-aussies.de\/?page_id=5619"},"modified":"2026-04-22T12:04:03","modified_gmt":"2026-04-22T12:04:03","slug":"p-wurf-sportdreams","status":"publish","type":"page","link":"https:\/\/sportdream-aussies.de\/?page_id=5619","title":{"rendered":"P-Wurf Sportdream\u2018s"},"content":{"rendered":"<a href=\"https:\/\/sportdream-aussies.de\/?page_id=196\" class=\"su-button su-button-style-3d\" style=\"color:#040404;background-color:#39ef2d;border-color:#2ec024;border-radius:6px\" target=\"_self\"><span style=\"color:#040404;padding:0px 18px;font-size:14px;line-height:28px;border-color:#75f46c;border-radius:6px;text-shadow:none\"> <img src='https:\/\/sportdream-aussies.de\/wp-content\/plugins\/wp-monalisa\/icons\/' alt='' width='29' height='24' class='wpml_ico' \/>  Nachzucht<\/span><\/a>\n<p style=\"text-align: left;\">Am 15. April 2026 hat uns Chili  <img src='https:\/\/sportdream-aussies.de\/wp-content\/plugins\/wp-monalisa\/icons\/' alt='' width='29' height='24' class='wpml_ico' \/> &nbsp;6 Welpen geschenkt. Die Geburt verlief komplikationslos und innerhalb weniger Stunden waren alle 6 auf der Welt, sie waren nur ein wenig schwer, fast alle \u00fcber 400g. Es sind 3 H\u00fcndinnen und 3 R\u00fcden. Die Welpen sind frei von HSF4, CEA, PRA, CMR1, DM, NCL, MH, IGS, MDR1 beide Eltern haben A1 H\u00fcften und sind ED frei und Augenuntersucht in 2025. Der Inzuchtcoeffizient dieser Verpaarung betr\u00e4gt 4,56 % auf 10 Generationen. Vielen lieben Dank Judhi von der Gearharts Aussies aus den USA  <img src='https:\/\/sportdream-aussies.de\/wp-content\/plugins\/wp-monalisa\/icons\/' alt='' width='29' height='24' class='wpml_ico' \/> &nbsp;f\u00fcr diese tolle Verpaarung.<\/p>\n<p> <img src='https:\/\/sportdream-aussies.de\/wp-content\/plugins\/wp-monalisa\/icons\/' alt='' width='29' height='24' class='wpml_ico' \/> &nbsp; <img src='https:\/\/sportdream-aussies.de\/wp-content\/plugins\/wp-monalisa\/icons\/' alt='' width='29' height='24' class='wpml_ico' \/> <\/p>\n<p><img loading=\"lazy\" decoding=\"async\" class=\"aligncenter wp-image-5606 size-large\" src=\"https:\/\/sportdream-aussies.de\/wp-content\/uploads\/2026\/03\/IMG_1349-1280x914.jpeg\" alt=\"\" width=\"640\" height=\"457\" srcset=\"https:\/\/sportdream-aussies.de\/wp-content\/uploads\/2026\/03\/IMG_1349-1280x914.jpeg 1280w, https:\/\/sportdream-aussies.de\/wp-content\/uploads\/2026\/03\/IMG_1349-300x214.jpeg 300w, https:\/\/sportdream-aussies.de\/wp-content\/uploads\/2026\/03\/IMG_1349-768x549.jpeg 768w, https:\/\/sportdream-aussies.de\/wp-content\/uploads\/2026\/03\/IMG_1349-1536x1097.jpeg 1536w, https:\/\/sportdream-aussies.de\/wp-content\/uploads\/2026\/03\/IMG_1349-2048x1463.jpeg 2048w\" sizes=\"auto, (max-width: 640px) 100vw, 640px\" \/><\/p>\n<p> <img src='https:\/\/sportdream-aussies.de\/wp-content\/plugins\/wp-monalisa\/icons\/' alt='' width='29' height='24' class='wpml_ico' \/> &nbsp; <img src='https:\/\/sportdream-aussies.de\/wp-content\/plugins\/wp-monalisa\/icons\/' alt='' width='29' height='24' class='wpml_ico' \/> <\/p>\n<p style=\"text-align: left;\">Sportdream\u2018s perfect &#8230;&#8230;<\/p>\n<p style=\"text-align: left;\">MDR1 +\/+, CEA, PRA, HSF4, CMR1, DM, NCL, MH und IGS frei \u00fcber Eltern<\/p>\n<p>R\u00fcde blue merle bi ngg_shortcode_0_placeholder\n <img src='https:\/\/sportdream-aussies.de\/wp-content\/plugins\/wp-monalisa\/icons\/' alt='' width='29' height='24' class='wpml_ico' \/> <p> <img src='https:\/\/sportdream-aussies.de\/wp-content\/plugins\/wp-monalisa\/icons\/' alt='' width='29' height='24' class='wpml_ico' \/> &nbsp; <img src='https:\/\/sportdream-aussies.de\/wp-content\/plugins\/wp-monalisa\/icons\/' alt='' width='29' height='24' class='wpml_ico' \/> <\/p>\n<p style=\"text-align: left;\">Sportdream\u2018s perfect &#8230;..<\/p>\n<p style=\"text-align: left;\">MDR1 +\/+, CEA, PRA, HSF4, CMR1, DM, NCL, MH und IGS frei \u00fcber Eltern<\/p>\n<p style=\"text-align: left;\">R\u00fcde blue merle bi ngg_shortcode_1_placeholder\n <img src='https:\/\/sportdream-aussies.de\/wp-content\/plugins\/wp-monalisa\/icons\/' alt='' width='29' height='24' class='wpml_ico' \/> <p> <img src='https:\/\/sportdream-aussies.de\/wp-content\/plugins\/wp-monalisa\/icons\/' alt='' width='29' height='24' class='wpml_ico' \/> &nbsp; <img src='https:\/\/sportdream-aussies.de\/wp-content\/plugins\/wp-monalisa\/icons\/' alt='' width='29' height='24' class='wpml_ico' \/> <\/p>\n<p style=\"text-align: left;\">Sportdream\u2018s perfect &#8230;.<\/p>\n<p style=\"text-align: left;\">MDR1 +\/+, CEA, PRA, HSF4, CMR1, DM, NCL, MH und IGS frei \u00fcber Eltern<\/p>\n<p style=\"text-align: left;\">R\u00fcde black bi ngg_shortcode_2_placeholder\n <img src='https:\/\/sportdream-aussies.de\/wp-content\/plugins\/wp-monalisa\/icons\/' alt='' width='29' height='24' class='wpml_ico' \/> <p> <img src='https:\/\/sportdream-aussies.de\/wp-content\/plugins\/wp-monalisa\/icons\/' alt='' width='29' height='24' class='wpml_ico' \/> &nbsp; <img src='https:\/\/sportdream-aussies.de\/wp-content\/plugins\/wp-monalisa\/icons\/' alt='' width='29' height='24' class='wpml_ico' \/> <\/p>\n<p style=\"text-align: left;\">Sportdream\u2018s perfect &#8230;&#8230;<\/p>\n<p style=\"text-align: left;\">MDR1 +\/+, CEA, PRA, HSF4, CMR1, DM, NCL, MH und IGS frei \u00fcber Eltern<\/p>\n<p style=\"text-align: left;\">H\u00fcndin blue merle w\/c ngg_shortcode_3_placeholder\n <img src='https:\/\/sportdream-aussies.de\/wp-content\/plugins\/wp-monalisa\/icons\/' alt='' width='29' height='24' class='wpml_ico' \/> <p> <img src='https:\/\/sportdream-aussies.de\/wp-content\/plugins\/wp-monalisa\/icons\/' alt='' width='29' height='24' class='wpml_ico' \/> &nbsp; <img src='https:\/\/sportdream-aussies.de\/wp-content\/plugins\/wp-monalisa\/icons\/' alt='' width='29' height='24' class='wpml_ico' \/> <\/p>\n<p style=\"text-align: left;\">Sportdream\u2018s perfect&#8230;&#8230;<\/p>\n<p style=\"text-align: left;\">MDR1 +\/+, CEA, PRA, HSF4, CMR1, DM, NCL, MH und IGS frei \u00fcber Eltern<\/p>\n<p style=\"text-align: left;\">H\u00fcndin red bi ngg_shortcode_4_placeholder\n <img src='https:\/\/sportdream-aussies.de\/wp-content\/plugins\/wp-monalisa\/icons\/' alt='' width='29' height='24' class='wpml_ico' \/> <p> <img src='https:\/\/sportdream-aussies.de\/wp-content\/plugins\/wp-monalisa\/icons\/' alt='' width='29' height='24' class='wpml_ico' \/> &nbsp; <img src='https:\/\/sportdream-aussies.de\/wp-content\/plugins\/wp-monalisa\/icons\/' alt='' width='29' height='24' class='wpml_ico' \/> <\/p>\n<p style=\"text-align: left;\">Sportdream\u2018s perfect &#8230;.<\/p>\n<p style=\"text-align: left;\">MDR1 +\/+, CEA, PRA, HSF4, CMR1, DM, NCL, MH und IGS frei \u00fcber Eltern<\/p>\n<p style=\"text-align: left;\">H\u00fcndin blue merle w\/c ngg_shortcode_5_placeholder\n <img src='https:\/\/sportdream-aussies.de\/wp-content\/plugins\/wp-monalisa\/icons\/' alt='' width='29' height='24' class='wpml_ico' \/> <p> <img src='https:\/\/sportdream-aussies.de\/wp-content\/plugins\/wp-monalisa\/icons\/' alt='' width='29' height='24' class='wpml_ico' \/> &nbsp; <img src='https:\/\/sportdream-aussies.de\/wp-content\/plugins\/wp-monalisa\/icons\/' alt='' width='29' height='24' class='wpml_ico' \/> <\/p>\n<p> <img src='https:\/\/sportdream-aussies.de\/wp-content\/plugins\/wp-monalisa\/icons\/' alt='' width='29' height='24' class='wpml_ico' \/> &nbsp; <img src='https:\/\/sportdream-aussies.de\/wp-content\/plugins\/wp-monalisa\/icons\/' alt='' width='29' height='24' class='wpml_ico' \/> <\/p>\n<p> <img src='https:\/\/sportdream-aussies.de\/wp-content\/plugins\/wp-monalisa\/icons\/' alt='' width='29' height='24' class='wpml_ico' \/> &nbsp; <img src='https:\/\/sportdream-aussies.de\/wp-content\/plugins\/wp-monalisa\/icons\/' alt='' width='29' height='24' class='wpml_ico' \/> <\/p>\n","protected":false},"excerpt":{"rendered":"<p>Am 15. April 2026 hat uns Chili  <img src='https:\/\/sportdream-aussies.de\/wp-content\/plugins\/wp-monalisa\/icons\/' alt='' width='29' height='24' class='wpml_ico' \/> &nbsp;6 Welpen geschenkt. Die Geburt verlief komplikationslos und innerhalb weniger Stunden waren alle 6 auf der Welt, sie waren nur ein wenig schwer, fast alle \u00fcber 400g. Es sind 3 H\u00fcndinnen und 3 R\u00fcden. Die Welpen sind frei von HSF4, CEA, PRA, CMR1, DM, NCL, MH, IGS, MDR1 [&hellip;]<\/p>\n","protected":false},"author":1,"featured_media":5354,"parent":196,"menu_order":10,"comment_status":"closed","ping_status":"closed","template":"","meta":{"ngg_post_thumbnail":0,"footnotes":""},"class_list":["post-5619","page","type-page","status-publish","has-post-thumbnail","hentry"],"aioseo_notices":[],"jetpack_sharing_enabled":true,"_links":{"self":[{"href":"https:\/\/sportdream-aussies.de\/index.php?rest_route=\/wp\/v2\/pages\/5619","targetHints":{"allow":["GET"]}}],"collection":[{"href":"https:\/\/sportdream-aussies.de\/index.php?rest_route=\/wp\/v2\/pages"}],"about":[{"href":"https:\/\/sportdream-aussies.de\/index.php?rest_route=\/wp\/v2\/types\/page"}],"author":[{"embeddable":true,"href":"https:\/\/sportdream-aussies.de\/index.php?rest_route=\/wp\/v2\/users\/1"}],"replies":[{"embeddable":true,"href":"https:\/\/sportdream-aussies.de\/index.php?rest_route=%2Fwp%2Fv2%2Fcomments&post=5619"}],"version-history":[{"count":4,"href":"https:\/\/sportdream-aussies.de\/index.php?rest_route=\/wp\/v2\/pages\/5619\/revisions"}],"predecessor-version":[{"id":5636,"href":"https:\/\/sportdream-aussies.de\/index.php?rest_route=\/wp\/v2\/pages\/5619\/revisions\/5636"}],"up":[{"embeddable":true,"href":"https:\/\/sportdream-aussies.de\/index.php?rest_route=\/wp\/v2\/pages\/196"}],"wp:featuredmedia":[{"embeddable":true,"href":"https:\/\/sportdream-aussies.de\/index.php?rest_route=\/wp\/v2\/media\/5354"}],"wp:attachment":[{"href":"https:\/\/sportdream-aussies.de\/index.php?rest_route=%2Fwp%2Fv2%2Fmedia&parent=5619"}],"curies":[{"name":"wp","href":"https:\/\/api.w.org\/{rel}","templated":true}]}}