{"id":5559,"date":"2025-12-01T11:48:53","date_gmt":"2025-12-01T11:48:53","guid":{"rendered":"https:\/\/sportdream-aussies.de\/?page_id=5559"},"modified":"2026-01-23T12:07:28","modified_gmt":"2026-01-23T12:07:28","slug":"in-erinnerung-brooke","status":"publish","type":"page","link":"https:\/\/sportdream-aussies.de\/?page_id=5559","title":{"rendered":"In Erinnerung Brooke"},"content":{"rendered":"<h4 style=\"text-align: center;\">Brooke 21.07.2012 &#8211; 17.09.2025<\/h4>\n<h5>Manchmal dauert es l\u00e4nger bis man dr\u00fcber reden oder schreiben kann. Brooke mussten wir am 17.09 gehen lassen. Sie w\u00e4re uns fast erstickt. Bereits 3 Wochen vorher mussten wir mit ihr zum Notdienst und es wurde eine Schlaganfall oder ein Vestibularsyndrom diagnostiziert. Leider kann man das nicht gut auseinander halten. Und von diesem Tag an ging es leider steil bergab mit unserer Brookie. Am letzten Tag hat sie kaum noch Luft bekommen und drohte zu ersticken, wir habe sie dann erl\u00f6sen lassen. Kehlkopfl\u00e4hmung mit einem Tumor (?) im Hals kann man nicht mehr atmen. Auch wenn sie uns viele Nerven gekostet hat, sie war als Junghund eine Herausforderung, hinterl\u00e4sst sie genau wie Ihre Mutter, Ihre Schwester und Buddy eine Riesengro\u00dfe L\u00fccke. Wir vermissen sie so sehr, die die immer f\u00fcr uns da war, die immer alle Welpen versorgt hat, selbst im letzten Wurf hat sie mit ges\u00e4ugt und erzogen, Brooke irgendwann sehen wir uns alle wieder, gr\u00fc\u00df unser anderen Hunde, die schon gehen mussten.&nbsp; <img src='https:\/\/sportdream-aussies.de\/wp-content\/plugins\/wp-monalisa\/icons\/' alt='' width='29' height='24' class='wpml_ico' \/>   <img src='https:\/\/sportdream-aussies.de\/wp-content\/plugins\/wp-monalisa\/icons\/' alt='' width='29' height='24' class='wpml_ico' \/> <img loading=\"lazy\" decoding=\"async\" class=\"wpml_ico\" src=\"https:\/\/sportdream-aussies.de\/wp-content\/plugins\/wp-monalisa\/icons\/\" alt=\"\" width=\"29\" height=\"24\"><\/h5>\n<h4><img loading=\"lazy\" decoding=\"async\" class=\"size-large wp-image-5539 aligncenter\" src=\"https:\/\/sportdream-aussies.de\/wp-content\/uploads\/2025\/12\/IMG_1294-1280x914.jpeg\" alt=\"\" width=\"640\" height=\"457\" srcset=\"https:\/\/sportdream-aussies.de\/wp-content\/uploads\/2025\/12\/IMG_1294-1280x914.jpeg 1280w, https:\/\/sportdream-aussies.de\/wp-content\/uploads\/2025\/12\/IMG_1294-300x214.jpeg 300w, https:\/\/sportdream-aussies.de\/wp-content\/uploads\/2025\/12\/IMG_1294-768x549.jpeg 768w, https:\/\/sportdream-aussies.de\/wp-content\/uploads\/2025\/12\/IMG_1294-1536x1097.jpeg 1536w, https:\/\/sportdream-aussies.de\/wp-content\/uploads\/2025\/12\/IMG_1294-2048x1463.jpeg 2048w\" sizes=\"auto, (max-width: 640px) 100vw, 640px\" \/><\/h4>\n<table border=\"2\" width=\"1349\">\n<tbody>\n<tr class=\"Title\">\n<td colspan=\"2\" width=\"920\"><strong><big><big>Pedigree of: Sportdream\u2019s Cocos Beauty Brooke BH DNA-VP CHR CHRI CHRII<\/big><\/big><\/strong><\/td>\n<\/tr>\n<tr class=\"Header\">\n<td width=\"290\"><img loading=\"lazy\" decoding=\"async\" class=\"aligncenter wp-image-2105\" src=\"https:\/\/sportdream-aussies.de\/wp-content\/uploads\/2017\/09\/brookeklein2-289x300.jpg\" sizes=\"auto, (max-width: 197px) 100vw, 197px\" srcset=\"https:\/\/sportdream-aussies.de\/wp-content\/uploads\/2017\/09\/brookeklein2-289x300.jpg 289w, https:\/\/sportdream-aussies.de\/wp-content\/uploads\/2017\/09\/brookeklein2.jpg 315w\" alt=\"\" width=\"197\" height=\"204\"><\/td>\n<td width=\"630\">\n<table border=\"0\" width=\"906\">\n<tbody>\n<tr class=\"Header\">\n<td width=\"20%\"><strong>Sex<\/strong><\/td>\n<td width=\"30%\">f<\/td>\n<td width=\"20%\"><strong>Reg No.<\/strong><\/td>\n<td width=\"30%\">CASD 12\/0319R<\/td>\n<\/tr>\n<tr class=\"Header\">\n<td width=\"20%\"><strong>Date of Birth<\/strong><\/td>\n<td width=\"30%\">21.07.2012<\/td>\n<td width=\"20%\"><strong>Breed<\/strong><\/td>\n<td width=\"30%\"><img loading=\"lazy\" decoding=\"async\" class=\"wpml_ico\" src=\"https:\/\/sportdream-aussies.de\/wp-content\/plugins\/wp-monalisa\/icons\/\" alt=\"\" width=\"29\" height=\"24\"> <img src='https:\/\/sportdream-aussies.de\/wp-content\/plugins\/wp-monalisa\/icons\/' alt='' width='29' height='24' class='wpml_ico' \/>   <img src='https:\/\/sportdream-aussies.de\/wp-content\/plugins\/wp-monalisa\/icons\/' alt='' width='29' height='24' class='wpml_ico' \/> &nbsp; <img src='https:\/\/sportdream-aussies.de\/wp-content\/plugins\/wp-monalisa\/icons\/' alt='' width='29' height='24' class='wpml_ico' \/>   <img src='https:\/\/sportdream-aussies.de\/wp-content\/plugins\/wp-monalisa\/icons\/' alt='' width='29' height='24' class='wpml_ico' \/> <img loading=\"lazy\" decoding=\"async\" class=\"wpml_ico\" src=\"https:\/\/sportdream-aussies.de\/wp-content\/plugins\/wp-monalisa\/icons\/\" alt=\"\" width=\"29\" height=\"24\"><\/td>\n<\/tr>\n<tr class=\"Header\">\n<td width=\"20%\"><strong>Owner<\/strong><\/td>\n<td width=\"30%\">Elke und Philipp Banz<\/td>\n<td width=\"20%\"><strong>Breeder<\/strong><\/td>\n<td width=\"30%\">Elke Banz<\/td>\n<\/tr>\n<tr class=\"Header\">\n<td width=\"20%\"><strong>Colour &amp; Markings<\/strong><\/td>\n<td width=\"30%\">blue merle white<\/td>\n<td width=\"20%\"><strong>Call Name<\/strong><\/td>\n<td width=\"30%\">Brooke<\/td>\n<\/tr>\n<tr class=\"Header\">\n<td valign=\"top\" width=\"20%\" height=\"98\"><strong>Comments<\/strong><\/td>\n<td colspan=\"3\" valign=\"top\" width=\"80%\" height=\"100\">COI 3,83 % auf 10 Generationen<\/td>\n<\/tr>\n<\/tbody>\n<\/table>\n<\/td>\n<\/tr>\n<\/tbody>\n<\/table>\n<table border=\"2\" width=\"98%\">\n<tbody>\n<tr class=\"Pedigree\">\n<td rowspan=\"8\" width=\"20%\" height=\"144\">Sobelkustens Morten Britse *<\/td>\n<td rowspan=\"4\" width=\"23%\" height=\"72\">Netop Be Forwarned *<\/td>\n<td rowspan=\"2\" width=\"26%\" height=\"36\">NL CH War Paint of Imagineer *<\/td>\n<td width=\"30%\" height=\"18\">Starstuffs Still Crazy *<\/td>\n<\/tr>\n<tr class=\"Pedigree\">\n<td width=\"30%\" height=\"18\">Fairoaks Jami Jo *<\/td>\n<\/tr>\n<tr class=\"Pedigree\">\n<td rowspan=\"2\" width=\"26%\" height=\"36\">Justus Rustlin Ruby *<\/td>\n<td width=\"30%\" height=\"18\">Casa Buena Cadillac Jack *<\/td>\n<\/tr>\n<tr class=\"Pedigree\">\n<td width=\"30%\" height=\"18\">Justus N Katie McCain *<\/td>\n<\/tr>\n<tr class=\"Pedigree\">\n<td rowspan=\"4\" width=\"23%\" height=\"72\">Diamond Bluff Modesty Blaise *<\/td>\n<td rowspan=\"2\" width=\"26%\" height=\"36\">ASCA CH Howards Wanagi-Ishna Ghosteyes *<\/td>\n<td width=\"30%\" height=\"18\">Howards Flash of Blue *<\/td>\n<\/tr>\n<tr class=\"Pedigree\">\n<td width=\"30%\" height=\"18\">Howards Midnight Blue *<\/td>\n<\/tr>\n<tr class=\"Pedigree\">\n<td rowspan=\"2\" width=\"26%\" height=\"36\">Sundew Spirit of Diamond Aire *<\/td>\n<td width=\"30%\" height=\"18\">Sundew Night Chant *<\/td>\n<\/tr>\n<tr class=\"Pedigree\">\n<td width=\"30%\" height=\"18\">Diamond Aire Sundew Khanection *<\/td>\n<\/tr>\n<tr class=\"Pedigree\">\n<td rowspan=\"8\" width=\"20%\" height=\"144\">Little Sister Ashley CASD 08\/0073R *<\/td>\n<td rowspan=\"4\" width=\"23%\" height=\"72\">Lollypops Do it Again *<\/td>\n<td rowspan=\"2\" width=\"26%\" height=\"36\">CH Bearfoots Duel at Dodge *<\/td>\n<td width=\"30%\" height=\"18\">Summertime Showdown of Oldwest *<\/td>\n<\/tr>\n<tr class=\"Pedigree\">\n<td width=\"30%\" height=\"18\">Sugarbushs Center of Attention *<\/td>\n<\/tr>\n<tr class=\"Pedigree\">\n<td rowspan=\"2\" width=\"26%\" height=\"36\">ASCA CH Soundtracks Classic Impresn *<\/td>\n<td width=\"30%\" height=\"18\">Soundtracks Johnny Five *<\/td>\n<\/tr>\n<tr class=\"Pedigree\">\n<td width=\"30%\" height=\"18\">Zuzaxs Original Soundtrack *<\/td>\n<\/tr>\n<tr class=\"Pedigree\">\n<td rowspan=\"4\" width=\"23%\" height=\"72\">Bollwerks Miss Cassey *<\/td>\n<td rowspan=\"2\" width=\"26%\" height=\"36\">Grateful Mini Ranch Amy *<\/td>\n<td width=\"30%\" height=\"18\">Hocks John Deere *<\/td>\n<\/tr>\n<tr class=\"Pedigree\">\n<td width=\"30%\" height=\"18\">Chimney Ranch Blue Bessy *<\/td>\n<\/tr>\n<tr class=\"Pedigree\">\n<td rowspan=\"2\" width=\"26%\" height=\"36\">High Spirit of Gut Losenhaus *<\/td>\n<td width=\"30%\" height=\"18\">Agua Dulce Salsa Optional *<\/td>\n<\/tr>\n<tr class=\"Pedigree\">\n<td width=\"30%\" height=\"18\">Ninas Gruschka *<\/td>\n<\/tr>\n<\/tbody>\n<\/table>\n<h4>Name: Sportdream\u2019s Cocos Beauty CHR CHR I CHR II BH DNA-VP<\/h4>\n<p>uneingeschr\u00e4nkte Zuchtzulassung am 14.12.2014 erhalten<\/p>\n<p>Rufname: Brooke<\/p>\n<p>Geschlecht: Weiblich<\/p>\n<p>Geboren am: 21.07.2012<\/p>\n<p>Farbe: blue merle white<\/p>\n<p>COI 3,83 % (breedmate 10 Generationen)<\/p>\n<p>Rute: Lang<\/p>\n<p>Augenfarbe: Links braun, rechts au\u00dfen blau, innen braun<\/p>\n<p>Z\u00fcchter: Elke Ernst<\/p>\n<p>Gewicht: 19 kg<\/p>\n<p>Gr\u00f6\u00dfe: 51,5<\/p>\n<p>Zb.-Nr.: VDH\/CASD 12\/0319R<\/p>\n<p>ASCA Registriert<\/p>\n<p>Untersuchungen:<\/p>\n<p>Frei von vererbbaren Augenkrankheiten November 2018<\/p>\n<p>MDR1 Defekt: +\/- (nicht betroffen\/Tr\u00e4ger)<\/p>\n<p>DNA-VP<\/p>\n<p>HD: A1<\/p>\n<p>ED: frei Grad 0 OCD frei<\/p>\n<p>Vollst\u00e4ndiges korrektes Scherengebiss<\/p>\n<p>HSF4: clear (ein Tr\u00e4ger)<\/p>\n<p>CEA: clear (kein Tr\u00e4ger)<\/p>\n<p>PRA-prcd: clear (kein Tr\u00e4ger)<\/p>\n<p>CMR1: clear (kein Tr\u00e4ger)<\/p>\n<p>DM: clear (kein Tr\u00e4ger)<\/p>\n<p>C.A. Sharp Auswertung liegt vor<\/p>\n<p>Show Erfolge:<\/p>\n<p>21.04.2013 Spezialzuchtschau Troisdorf J\u00fcngstenklasse VV Platz 1<\/p>\n<p>Sporterfolge:<\/p>\n<p>27.10.2013 Brooke hat mit ihren gerade gewordenen 15 Monaten die Begleithundepr\u00fcfung geschafft!<\/p>\n<p>17.09.2016 Rewe Cup HSG Rhein Sieg, V0 2. Plat<\/p>\n<h4>ngg_shortcode_0_placeholder<\/h4>\n<p> <img src='https:\/\/sportdream-aussies.de\/wp-content\/plugins\/wp-monalisa\/icons\/' alt='' width='29' height='24' class='wpml_ico' \/> &nbsp; <img src='https:\/\/sportdream-aussies.de\/wp-content\/plugins\/wp-monalisa\/icons\/' alt='' width='29' height='24' class='wpml_ico' \/> <\/p>\n","protected":false},"excerpt":{"rendered":"<p>Brooke 21.07.2012 &#8211; 17.09.2025 Manchmal dauert es l\u00e4nger bis man dr\u00fcber reden oder schreiben kann. Brooke mussten wir am 17.09 gehen lassen. Sie w\u00e4re uns fast erstickt. Bereits 3 Wochen vorher mussten wir mit ihr zum Notdienst und es wurde eine Schlaganfall oder ein Vestibularsyndrom diagnostiziert. Leider kann man das nicht gut auseinander halten. Und [&hellip;]<\/p>\n","protected":false},"author":1,"featured_media":0,"parent":4483,"menu_order":4,"comment_status":"closed","ping_status":"closed","template":"","meta":{"ngg_post_thumbnail":0,"footnotes":""},"class_list":["post-5559","page","type-page","status-publish","hentry"],"aioseo_notices":[],"jetpack_sharing_enabled":true,"_links":{"self":[{"href":"https:\/\/sportdream-aussies.de\/index.php?rest_route=\/wp\/v2\/pages\/5559","targetHints":{"allow":["GET"]}}],"collection":[{"href":"https:\/\/sportdream-aussies.de\/index.php?rest_route=\/wp\/v2\/pages"}],"about":[{"href":"https:\/\/sportdream-aussies.de\/index.php?rest_route=\/wp\/v2\/types\/page"}],"author":[{"embeddable":true,"href":"https:\/\/sportdream-aussies.de\/index.php?rest_route=\/wp\/v2\/users\/1"}],"replies":[{"embeddable":true,"href":"https:\/\/sportdream-aussies.de\/index.php?rest_route=%2Fwp%2Fv2%2Fcomments&post=5559"}],"version-history":[{"count":3,"href":"https:\/\/sportdream-aussies.de\/index.php?rest_route=\/wp\/v2\/pages\/5559\/revisions"}],"predecessor-version":[{"id":5575,"href":"https:\/\/sportdream-aussies.de\/index.php?rest_route=\/wp\/v2\/pages\/5559\/revisions\/5575"}],"up":[{"embeddable":true,"href":"https:\/\/sportdream-aussies.de\/index.php?rest_route=\/wp\/v2\/pages\/4483"}],"wp:attachment":[{"href":"https:\/\/sportdream-aussies.de\/index.php?rest_route=%2Fwp%2Fv2%2Fmedia&parent=5559"}],"curies":[{"name":"wp","href":"https:\/\/api.w.org\/{rel}","templated":true}]}}