{"id":5494,"date":"2025-07-01T14:44:32","date_gmt":"2025-07-01T14:44:32","guid":{"rendered":"https:\/\/sportdream-aussies.de\/?page_id=5494"},"modified":"2025-12-01T11:05:08","modified_gmt":"2025-12-01T11:05:08","slug":"milka-erfolge","status":"publish","type":"page","link":"https:\/\/sportdream-aussies.de\/?page_id=5494","title":{"rendered":"Milka Erfolge"},"content":{"rendered":"<a href=\"https:\/\/sportdream-aussies.de\/?page_id=5482\" class=\"su-button su-button-style-3d\" style=\"color:#040404;background-color:#39ef2d;border-color:#2ec024;border-radius:6px\" target=\"_self\"><span style=\"color:#040404;padding:0px 18px;font-size:14px;line-height:28px;border-color:#75f46c;border-radius:6px;text-shadow:none\"> <img src='https:\/\/sportdream-aussies.de\/wp-content\/plugins\/wp-monalisa\/icons\/' alt='' width='29' height='24' class='wpml_ico' \/>  Milka  <img src='https:\/\/sportdream-aussies.de\/wp-content\/plugins\/wp-monalisa\/icons\/' alt='' width='29' height='24' class='wpml_ico' \/> <\/span><\/a><a href=\"https:\/\/sportdream-aussies.de\/?page_id=5492\" class=\"su-button su-button-style-3d\" style=\"color:#040404;background-color:#39ef2d;border-color:#2ec024;border-radius:6px\" target=\"_self\"><span style=\"color:#040404;padding:0px 18px;font-size:14px;line-height:28px;border-color:#75f46c;border-radius:6px;text-shadow:none\"> <img src='https:\/\/sportdream-aussies.de\/wp-content\/plugins\/wp-monalisa\/icons\/' alt='' width='29' height='24' class='wpml_ico' \/>  Milka Steckbrief<\/span><\/a><a href=\"https:\/\/sportdream-aussies.de\/?page_id=5498\" class=\"su-button su-button-style-3d\" style=\"color:#040404;background-color:#39ef2d;border-color:#2ec024;border-radius:6px\" target=\"_self\"><span style=\"color:#040404;padding:0px 18px;font-size:14px;line-height:28px;border-color:#75f46c;border-radius:6px;text-shadow:none\"> <img src='https:\/\/sportdream-aussies.de\/wp-content\/plugins\/wp-monalisa\/icons\/' alt='' width='29' height='24' class='wpml_ico' \/>  Milka Pedigree<\/span><\/a><a href=\"https:\/\/sportdream-aussies.de\/?page_id=5501\" class=\"su-button su-button-style-3d\" style=\"color:#040404;background-color:#39ef2d;border-color:#2ec024;border-radius:6px\" target=\"_self\"><span style=\"color:#040404;padding:0px 18px;font-size:14px;line-height:28px;border-color:#75f46c;border-radius:6px;text-shadow:none\"> <img src='https:\/\/sportdream-aussies.de\/wp-content\/plugins\/wp-monalisa\/icons\/' alt='' width='29' height='24' class='wpml_ico' \/>  Milka Galerie<\/span><\/a>\n<p>Show Erfolge:<\/p>\n<p>05.10.2024 Spezialzuchtshow Troisdorf Jungendklasse H\u00fcndinnen SG, da Milka wieder sehr viel Vielseitigkeit \/ Arbeit in ihrem Pedigree hat, wollen wir sie erstmal erwachsen werden lassen und sp\u00e4ter nochmals ausstellen<\/p>\n<p>Sporterfolge: 18.10.2025 Begleithundepr\u00fcfung mit vielen sehr gut und vorz\u00fcglich bestanden<\/p>\n<p>noch keine<\/p>\n","protected":false},"excerpt":{"rendered":"<p>Show Erfolge: 05.10.2024 Spezialzuchtshow Troisdorf Jungendklasse H\u00fcndinnen SG, da Milka wieder sehr viel Vielseitigkeit \/ Arbeit in ihrem Pedigree hat, wollen wir sie erstmal erwachsen werden lassen und sp\u00e4ter nochmals ausstellen Sporterfolge: 18.10.2025 Begleithundepr\u00fcfung mit vielen sehr gut und vorz\u00fcglich bestanden noch keine<\/p>\n","protected":false},"author":1,"featured_media":5495,"parent":5482,"menu_order":2,"comment_status":"closed","ping_status":"closed","template":"page-templates\/full-width-page.php","meta":{"ngg_post_thumbnail":0,"footnotes":""},"class_list":["post-5494","page","type-page","status-publish","has-post-thumbnail","hentry"],"aioseo_notices":[],"jetpack_sharing_enabled":true,"_links":{"self":[{"href":"https:\/\/sportdream-aussies.de\/index.php?rest_route=\/wp\/v2\/pages\/5494","targetHints":{"allow":["GET"]}}],"collection":[{"href":"https:\/\/sportdream-aussies.de\/index.php?rest_route=\/wp\/v2\/pages"}],"about":[{"href":"https:\/\/sportdream-aussies.de\/index.php?rest_route=\/wp\/v2\/types\/page"}],"author":[{"embeddable":true,"href":"https:\/\/sportdream-aussies.de\/index.php?rest_route=\/wp\/v2\/users\/1"}],"replies":[{"embeddable":true,"href":"https:\/\/sportdream-aussies.de\/index.php?rest_route=%2Fwp%2Fv2%2Fcomments&post=5494"}],"version-history":[{"count":3,"href":"https:\/\/sportdream-aussies.de\/index.php?rest_route=\/wp\/v2\/pages\/5494\/revisions"}],"predecessor-version":[{"id":5546,"href":"https:\/\/sportdream-aussies.de\/index.php?rest_route=\/wp\/v2\/pages\/5494\/revisions\/5546"}],"up":[{"embeddable":true,"href":"https:\/\/sportdream-aussies.de\/index.php?rest_route=\/wp\/v2\/pages\/5482"}],"wp:featuredmedia":[{"embeddable":true,"href":"https:\/\/sportdream-aussies.de\/index.php?rest_route=\/wp\/v2\/media\/5495"}],"wp:attachment":[{"href":"https:\/\/sportdream-aussies.de\/index.php?rest_route=%2Fwp%2Fv2%2Fmedia&parent=5494"}],"curies":[{"name":"wp","href":"https:\/\/api.w.org\/{rel}","templated":true}]}}