{"id":5482,"date":"2025-07-01T14:12:34","date_gmt":"2025-07-01T14:12:34","guid":{"rendered":"https:\/\/sportdream-aussies.de\/?page_id=5482"},"modified":"2025-07-01T15:30:49","modified_gmt":"2025-07-01T15:30:49","slug":"milka","status":"publish","type":"page","link":"https:\/\/sportdream-aussies.de\/?page_id=5482","title":{"rendered":"Milka"},"content":{"rendered":"<a href=\"https:\/\/sportdream-aussies.de\/?page_id=5492\" class=\"su-button su-button-style-3d\" style=\"color:#040404;background-color:#39ef2d;border-color:#2ec024;border-radius:6px\" target=\"_self\"><span style=\"color:#040404;padding:0px 18px;font-size:14px;line-height:28px;border-color:#75f46c;border-radius:6px;text-shadow:none\"> <img src='https:\/\/sportdream-aussies.de\/wp-content\/plugins\/wp-monalisa\/icons\/' alt='' width='29' height='24' class='wpml_ico' \/>  Milka Steckbrief<\/span><\/a><a href=\"https:\/\/sportdream-aussies.de\/?page_id=5494\" class=\"su-button su-button-style-3d\" style=\"color:#040404;background-color:#39ef2d;border-color:#2ec024;border-radius:6px\" target=\"_self\"><span style=\"color:#040404;padding:0px 18px;font-size:14px;line-height:28px;border-color:#75f46c;border-radius:6px;text-shadow:none\"> <img src='https:\/\/sportdream-aussies.de\/wp-content\/plugins\/wp-monalisa\/icons\/' alt='' width='29' height='24' class='wpml_ico' \/>  Milka Erfolge<\/span><\/a><a href=\"https:\/\/sportdream-aussies.de\/?page_id=5498\" class=\"su-button su-button-style-3d\" style=\"color:#040404;background-color:#39ef2d;border-color:#2ec024;border-radius:6px\" target=\"_self\"><span style=\"color:#040404;padding:0px 18px;font-size:14px;line-height:28px;border-color:#75f46c;border-radius:6px;text-shadow:none\"> <img src='https:\/\/sportdream-aussies.de\/wp-content\/plugins\/wp-monalisa\/icons\/' alt='' width='29' height='24' class='wpml_ico' \/>  Milka Pedigree<\/span><\/a><a href=\"https:\/\/sportdream-aussies.de\/?page_id=5501\" class=\"su-button su-button-style-3d\" style=\"color:#040404;background-color:#39ef2d;border-color:#2ec024;border-radius:6px\" target=\"_self\"><span style=\"color:#040404;padding:0px 18px;font-size:14px;line-height:28px;border-color:#75f46c;border-radius:6px;text-shadow:none\"> <img src='https:\/\/sportdream-aussies.de\/wp-content\/plugins\/wp-monalisa\/icons\/' alt='' width='29' height='24' class='wpml_ico' \/>  Milka Galerie<\/span><\/a>\n<p>Sportdream&#8217;s next Beauty Milka, der Name Beauty ist bei den Sporty&#8217;s Programm, wer Beauty im Namen stehen hat bleibt bei uns, so auch Milka, auch sie war mal wieder nicht geplant. Aber sie kam sah uns siegte, hatten wir schon einmal, nun hat es sich wiederholt. Ein guter Hund hat keine Farbe, aber bi&#8217;s sind schon sehr sch\u00f6n oder? Also Milka ist geblieben und ja wir haben es nicht bereut.&nbsp; <img src='https:\/\/sportdream-aussies.de\/wp-content\/plugins\/wp-monalisa\/icons\/' alt='' width='29' height='24' class='wpml_ico' \/> <\/p>\n<p>Sie hat bereits ihre Zuchtzulassung und alle Untersuchungen mehr wie zu unserer Zufriedenheit, alles Tip top, so das wir uns auf die Zukunft mit ihr freuen. Milka wird zuk\u00fcnftig im Obedience ausgebildet und wird auch das ein oder andere Rallye O Turnier laufen d\u00fcrfen. Aber fangen wir klein an und schaffen dieses Jahr erstmal die Begleithundepr\u00fcfung.&nbsp; <img src='https:\/\/sportdream-aussies.de\/wp-content\/plugins\/wp-monalisa\/icons\/' alt='' width='29' height='24' class='wpml_ico' \/> <\/p>\n<p>Die Seiten von Milka werden nach und nach eingepflegt.&nbsp; <img src='https:\/\/sportdream-aussies.de\/wp-content\/plugins\/wp-monalisa\/icons\/' alt='' width='29' height='24' class='wpml_ico' \/> <\/p>\n","protected":false},"excerpt":{"rendered":"<p>Sportdream&#8217;s next Beauty Milka, der Name Beauty ist bei den Sporty&#8217;s Programm, wer Beauty im Namen stehen hat bleibt bei uns, so auch Milka, auch sie war mal wieder nicht geplant. Aber sie kam sah uns siegte, hatten wir schon einmal, nun hat es sich wiederholt. Ein guter Hund hat keine Farbe, aber bi&#8217;s sind [&hellip;]<\/p>\n","protected":false},"author":1,"featured_media":5486,"parent":187,"menu_order":6,"comment_status":"closed","ping_status":"closed","template":"page-templates\/full-width-page.php","meta":{"ngg_post_thumbnail":0,"footnotes":""},"class_list":["post-5482","page","type-page","status-publish","has-post-thumbnail","hentry"],"aioseo_notices":[],"jetpack_sharing_enabled":true,"_links":{"self":[{"href":"https:\/\/sportdream-aussies.de\/index.php?rest_route=\/wp\/v2\/pages\/5482","targetHints":{"allow":["GET"]}}],"collection":[{"href":"https:\/\/sportdream-aussies.de\/index.php?rest_route=\/wp\/v2\/pages"}],"about":[{"href":"https:\/\/sportdream-aussies.de\/index.php?rest_route=\/wp\/v2\/types\/page"}],"author":[{"embeddable":true,"href":"https:\/\/sportdream-aussies.de\/index.php?rest_route=\/wp\/v2\/users\/1"}],"replies":[{"embeddable":true,"href":"https:\/\/sportdream-aussies.de\/index.php?rest_route=%2Fwp%2Fv2%2Fcomments&post=5482"}],"version-history":[{"count":5,"href":"https:\/\/sportdream-aussies.de\/index.php?rest_route=\/wp\/v2\/pages\/5482\/revisions"}],"predecessor-version":[{"id":5510,"href":"https:\/\/sportdream-aussies.de\/index.php?rest_route=\/wp\/v2\/pages\/5482\/revisions\/5510"}],"up":[{"embeddable":true,"href":"https:\/\/sportdream-aussies.de\/index.php?rest_route=\/wp\/v2\/pages\/187"}],"wp:featuredmedia":[{"embeddable":true,"href":"https:\/\/sportdream-aussies.de\/index.php?rest_route=\/wp\/v2\/media\/5486"}],"wp:attachment":[{"href":"https:\/\/sportdream-aussies.de\/index.php?rest_route=%2Fwp%2Fv2%2Fmedia&parent=5482"}],"curies":[{"name":"wp","href":"https:\/\/api.w.org\/{rel}","templated":true}]}}