{"id":5404,"date":"2025-04-01T14:31:33","date_gmt":"2025-04-01T14:31:33","guid":{"rendered":"https:\/\/sportdream-aussies.de\/?page_id=5404"},"modified":"2025-04-01T15:13:24","modified_gmt":"2025-04-01T15:13:24","slug":"o-wurf-sportdreams","status":"publish","type":"page","link":"https:\/\/sportdream-aussies.de\/?page_id=5404","title":{"rendered":"O-Wurf Sportdream\u2018s"},"content":{"rendered":"<a href=\"https:\/\/sportdream-aussies.de\/?page_id=196\" class=\"su-button su-button-style-3d\" style=\"color:#040404;background-color:#39ef2d;border-color:#2ec024;border-radius:6px\" target=\"_self\"><span style=\"color:#040404;padding:0px 18px;font-size:14px;line-height:28px;border-color:#75f46c;border-radius:6px;text-shadow:none\"> <img src='https:\/\/sportdream-aussies.de\/wp-content\/plugins\/wp-monalisa\/icons\/' alt='' width='29' height='24' class='wpml_ico' \/>  Nachzucht<\/span><\/a>\n<p style=\"text-align: left;\">Am 24. Februar 2025 hat uns Liz 6 Welpen geschenkt. Die Geburt verlief komplikationslos und innerhalb weniger Stunden waren alle 6 auf der Welt, f\u00fcr eine Erstlingsh\u00fcndin ist Liz sehr instinktsicher. Man musste ihr nichts zeigen, sie hat alles von alleine gemacht. Wir haben 5 H\u00fcndinnen und 1 R\u00fcden. Die Welpen sind frei von HSF4, CEA, PRA, CMR1, DM, NCL, MH, IGS, MDR1 Tr\u00e4ger k\u00f6nnen dabei sein, beide Eltern haben A H\u00fcften und sind ED frei und Augenuntersucht in 2025. Der Inzuchtcoeffizient dieser Verpaarung betr\u00e4gt 2,18 % auf 10 Generationen. Vielen lieben Dank Sabina f\u00fcr diese tolle Verpaarung.<\/p>\n<p><img loading=\"lazy\" decoding=\"async\" class=\"aligncenter wp-image-5391 size-large\" src=\"https:\/\/sportdream-aussies.de\/wp-content\/uploads\/2025\/01\/IMG_0831-1280x894.png\" alt=\"\" width=\"640\" height=\"447\" srcset=\"https:\/\/sportdream-aussies.de\/wp-content\/uploads\/2025\/01\/IMG_0831-1280x894.png 1280w, https:\/\/sportdream-aussies.de\/wp-content\/uploads\/2025\/01\/IMG_0831-300x210.png 300w, https:\/\/sportdream-aussies.de\/wp-content\/uploads\/2025\/01\/IMG_0831-768x536.png 768w, https:\/\/sportdream-aussies.de\/wp-content\/uploads\/2025\/01\/IMG_0831-1536x1073.png 1536w, https:\/\/sportdream-aussies.de\/wp-content\/uploads\/2025\/01\/IMG_0831-2048x1430.png 2048w\" sizes=\"auto, (max-width: 640px) 100vw, 640px\" \/><\/p>\n<p style=\"text-align: left;\">Sportdream\u2018s Original Pepsi<\/p>\n<p style=\"text-align: left;\">MDR1 +\/+ oder +\/-, CEA, PRA, HSF4, CMR1, DM, NCL, MH und IGS frei \u00fcber Eltern<\/p>\n<p>H\u00fcndin red tri  <img src='https:\/\/sportdream-aussies.de\/wp-content\/plugins\/wp-monalisa\/icons\/' alt='' width='29' height='24' class='wpml_ico' \/> &nbsp;ngg_shortcode_0_placeholder\n <img src='https:\/\/sportdream-aussies.de\/wp-content\/plugins\/wp-monalisa\/icons\/' alt='' width='29' height='24' class='wpml_ico' \/> <p> <img src='https:\/\/sportdream-aussies.de\/wp-content\/plugins\/wp-monalisa\/icons\/' alt='' width='29' height='24' class='wpml_ico' \/> &nbsp; <img src='https:\/\/sportdream-aussies.de\/wp-content\/plugins\/wp-monalisa\/icons\/' alt='' width='29' height='24' class='wpml_ico' \/> <\/p>\n<p style=\"text-align: left;\">Sportdream\u2018s Original Hazel<\/p>\n<p style=\"text-align: left;\">MDR1 +\/+ oder +\/- CEA, PRA, HSF4, CMR1, DM, NCL, MH und IGS frei \u00fcber Eltern<\/p>\n<p style=\"text-align: left;\">H\u00fcndin red merle  <img src='https:\/\/sportdream-aussies.de\/wp-content\/plugins\/wp-monalisa\/icons\/' alt='' width='29' height='24' class='wpml_ico' \/> &nbsp;ngg_shortcode_1_placeholder\n <img src='https:\/\/sportdream-aussies.de\/wp-content\/plugins\/wp-monalisa\/icons\/' alt='' width='29' height='24' class='wpml_ico' \/> <p> <img src='https:\/\/sportdream-aussies.de\/wp-content\/plugins\/wp-monalisa\/icons\/' alt='' width='29' height='24' class='wpml_ico' \/> &nbsp; <img src='https:\/\/sportdream-aussies.de\/wp-content\/plugins\/wp-monalisa\/icons\/' alt='' width='29' height='24' class='wpml_ico' \/> <\/p>\n<p style=\"text-align: left;\">Sportdream\u2018s Original Zola<\/p>\n<p style=\"text-align: left;\">MDR1 +\/+ oder +\/-, CEA, PRA, HSF4, CMR1, DM, NCL, MH und IGS frei \u00fcber Eltern<\/p>\n<p style=\"text-align: left;\">H\u00fcndin black tri  <img src='https:\/\/sportdream-aussies.de\/wp-content\/plugins\/wp-monalisa\/icons\/' alt='' width='29' height='24' class='wpml_ico' \/> &nbsp;ngg_shortcode_2_placeholder\n <img src='https:\/\/sportdream-aussies.de\/wp-content\/plugins\/wp-monalisa\/icons\/' alt='' width='29' height='24' class='wpml_ico' \/> <p> <img src='https:\/\/sportdream-aussies.de\/wp-content\/plugins\/wp-monalisa\/icons\/' alt='' width='29' height='24' class='wpml_ico' \/> &nbsp; <img src='https:\/\/sportdream-aussies.de\/wp-content\/plugins\/wp-monalisa\/icons\/' alt='' width='29' height='24' class='wpml_ico' \/> <\/p>\n<p style=\"text-align: left;\">Sportdream\u2018s Original Coke<\/p>\n<p style=\"text-align: left;\">MDR1 +\/+ oder +\/-, CEA, PRA, HSF4, CMR1, DM, NCL, MH und IGS frei \u00fcber Eltern<\/p>\n<p style=\"text-align: left;\">H\u00fcndin red tri  <img src='https:\/\/sportdream-aussies.de\/wp-content\/plugins\/wp-monalisa\/icons\/' alt='' width='29' height='24' class='wpml_ico' \/> &nbsp;ngg_shortcode_3_placeholder\n <img src='https:\/\/sportdream-aussies.de\/wp-content\/plugins\/wp-monalisa\/icons\/' alt='' width='29' height='24' class='wpml_ico' \/> <p> <img src='https:\/\/sportdream-aussies.de\/wp-content\/plugins\/wp-monalisa\/icons\/' alt='' width='29' height='24' class='wpml_ico' \/> &nbsp; <img src='https:\/\/sportdream-aussies.de\/wp-content\/plugins\/wp-monalisa\/icons\/' alt='' width='29' height='24' class='wpml_ico' \/> <\/p>\n<p style=\"text-align: left;\">Sportdream\u2018s Original Peach<\/p>\n<p style=\"text-align: left;\">MDR1 +\/+ oder +\/-, CEA, PRA, HSF4, CMR1, DM, NCL, MH und IGS frei \u00fcber Eltern<\/p>\n<p style=\"text-align: left;\">H\u00fcndin red merle ngg_shortcode_4_placeholder\n <img src='https:\/\/sportdream-aussies.de\/wp-content\/plugins\/wp-monalisa\/icons\/' alt='' width='29' height='24' class='wpml_ico' \/> <p> <img src='https:\/\/sportdream-aussies.de\/wp-content\/plugins\/wp-monalisa\/icons\/' alt='' width='29' height='24' class='wpml_ico' \/> &nbsp; <img src='https:\/\/sportdream-aussies.de\/wp-content\/plugins\/wp-monalisa\/icons\/' alt='' width='29' height='24' class='wpml_ico' \/> <\/p>\n<p style=\"text-align: left;\">Sportdream\u2018s Original Cooper<\/p>\n<p style=\"text-align: left;\">MDR1 +\/+ oder +\/-, CEA, PRA, HSF4, CMR1, DM, NCL, MH und IGS frei \u00fcber Eltern<\/p>\n<p style=\"text-align: left;\">R\u00fcde red merle ngg_shortcode_5_placeholder\n <img src='https:\/\/sportdream-aussies.de\/wp-content\/plugins\/wp-monalisa\/icons\/' alt='' width='29' height='24' class='wpml_ico' \/> ","protected":false},"excerpt":{"rendered":"<p>Am 24. Februar 2025 hat uns Liz 6 Welpen geschenkt. Die Geburt verlief komplikationslos und innerhalb weniger Stunden waren alle 6 auf der Welt, f\u00fcr eine Erstlingsh\u00fcndin ist Liz sehr instinktsicher. Man musste ihr nichts zeigen, sie hat alles von alleine gemacht. Wir haben 5 H\u00fcndinnen und 1 R\u00fcden. Die Welpen sind frei von HSF4, [&hellip;]<\/p>\n","protected":false},"author":1,"featured_media":5354,"parent":196,"menu_order":10,"comment_status":"closed","ping_status":"closed","template":"","meta":{"ngg_post_thumbnail":0,"footnotes":""},"class_list":["post-5404","page","type-page","status-publish","has-post-thumbnail","hentry"],"aioseo_notices":[],"jetpack_sharing_enabled":true,"_links":{"self":[{"href":"https:\/\/sportdream-aussies.de\/index.php?rest_route=\/wp\/v2\/pages\/5404","targetHints":{"allow":["GET"]}}],"collection":[{"href":"https:\/\/sportdream-aussies.de\/index.php?rest_route=\/wp\/v2\/pages"}],"about":[{"href":"https:\/\/sportdream-aussies.de\/index.php?rest_route=\/wp\/v2\/types\/page"}],"author":[{"embeddable":true,"href":"https:\/\/sportdream-aussies.de\/index.php?rest_route=\/wp\/v2\/users\/1"}],"replies":[{"embeddable":true,"href":"https:\/\/sportdream-aussies.de\/index.php?rest_route=%2Fwp%2Fv2%2Fcomments&post=5404"}],"version-history":[{"count":5,"href":"https:\/\/sportdream-aussies.de\/index.php?rest_route=\/wp\/v2\/pages\/5404\/revisions"}],"predecessor-version":[{"id":5449,"href":"https:\/\/sportdream-aussies.de\/index.php?rest_route=\/wp\/v2\/pages\/5404\/revisions\/5449"}],"up":[{"embeddable":true,"href":"https:\/\/sportdream-aussies.de\/index.php?rest_route=\/wp\/v2\/pages\/196"}],"wp:featuredmedia":[{"embeddable":true,"href":"https:\/\/sportdream-aussies.de\/index.php?rest_route=\/wp\/v2\/media\/5354"}],"wp:attachment":[{"href":"https:\/\/sportdream-aussies.de\/index.php?rest_route=%2Fwp%2Fv2%2Fmedia&parent=5404"}],"curies":[{"name":"wp","href":"https:\/\/api.w.org\/{rel}","templated":true}]}}