{"id":5110,"date":"2024-01-05T21:09:28","date_gmt":"2024-01-05T21:09:28","guid":{"rendered":"https:\/\/sportdream-aussies.de\/?page_id=5110"},"modified":"2024-07-03T13:58:26","modified_gmt":"2024-07-03T13:58:26","slug":"n-wurf-sportdreams","status":"publish","type":"page","link":"https:\/\/sportdream-aussies.de\/?page_id=5110","title":{"rendered":"N-Wurf Sportdream\u2018s"},"content":{"rendered":"<a href=\"https:\/\/sportdream-aussies.de\/?page_id=196\" class=\"su-button su-button-style-3d\" style=\"color:#040404;background-color:#39ef2d;border-color:#2ec024;border-radius:6px\" target=\"_self\"><span style=\"color:#040404;padding:0px 18px;font-size:14px;line-height:28px;border-color:#75f46c;border-radius:6px;text-shadow:none\"> <img src='https:\/\/sportdream-aussies.de\/wp-content\/plugins\/wp-monalisa\/icons\/' alt='' width='29' height='24' class='wpml_ico' \/>  Nachzucht<\/span><\/a>\n<p style=\"text-align: left;\">Am 27. Dezember 2023 hat uns Chili  <img src='https:\/\/sportdream-aussies.de\/wp-content\/plugins\/wp-monalisa\/icons\/' alt='' width='29' height='24' class='wpml_ico' \/> &nbsp;9 dark red und red merle Welpen geschenkt. Die Geburt verlief komplikationslos und innerhalb weniger Stunden waren alle 9 auf der Welt, f\u00fcr eine Erstlingsh\u00fcndin ist Chili sehr instinktsicher. Man musste ihr nichts zeigen, sie hat alles von alleine gemacht. Es sind 5 H\u00fcndinnen und 4 R\u00fcden. Die Welpen sind frei von HSF4, CEA, PRA, CMR1, DM, NCL, MH, IGS, MDR1 beide Eltern haben A1 H\u00fcften und sind ED frei und Augenuntersucht in 2023. Der Inzuchtcoeffizient dieser Verpaarung betr\u00e4gt 4,99 % auf 10 Generationen. Vielen lieben Dank Sabina f\u00fcr diese tolle Verpaarung.<\/p>\n<p> <img src='https:\/\/sportdream-aussies.de\/wp-content\/plugins\/wp-monalisa\/icons\/' alt='' width='29' height='24' class='wpml_ico' \/> &nbsp; <img src='https:\/\/sportdream-aussies.de\/wp-content\/plugins\/wp-monalisa\/icons\/' alt='' width='29' height='24' class='wpml_ico' \/> <\/p>\n<p><img loading=\"lazy\" decoding=\"async\" class=\"aligncenter wp-image-5016 size-large\" src=\"https:\/\/sportdream-aussies.de\/wp-content\/uploads\/2023\/11\/Bild-18-1280x960.jpeg\" alt=\"\" width=\"640\" height=\"480\" srcset=\"https:\/\/sportdream-aussies.de\/wp-content\/uploads\/2023\/11\/Bild-18-1280x960.jpeg 1280w, https:\/\/sportdream-aussies.de\/wp-content\/uploads\/2023\/11\/Bild-18-300x225.jpeg 300w, https:\/\/sportdream-aussies.de\/wp-content\/uploads\/2023\/11\/Bild-18-768x576.jpeg 768w, https:\/\/sportdream-aussies.de\/wp-content\/uploads\/2023\/11\/Bild-18-1536x1151.jpeg 1536w, https:\/\/sportdream-aussies.de\/wp-content\/uploads\/2023\/11\/Bild-18-2048x1535.jpeg 2048w\" sizes=\"auto, (max-width: 640px) 100vw, 640px\" \/><\/p>\n<p> <img src='https:\/\/sportdream-aussies.de\/wp-content\/plugins\/wp-monalisa\/icons\/' alt='' width='29' height='24' class='wpml_ico' \/> &nbsp; <img src='https:\/\/sportdream-aussies.de\/wp-content\/plugins\/wp-monalisa\/icons\/' alt='' width='29' height='24' class='wpml_ico' \/> <\/p>\n<p style=\"text-align: left;\">Sportdream\u2018s next Rusty<\/p>\n<p style=\"text-align: left;\">MDR1 +\/+, CEA, PRA, HSF4, CMR1, DM, NCL, MH und IGS frei \u00fcber Eltern<\/p>\n<p>R\u00fcde red tri  <img src='https:\/\/sportdream-aussies.de\/wp-content\/plugins\/wp-monalisa\/icons\/' alt='' width='29' height='24' class='wpml_ico' \/> &nbsp;ngg_shortcode_0_placeholder\n <img src='https:\/\/sportdream-aussies.de\/wp-content\/plugins\/wp-monalisa\/icons\/' alt='' width='29' height='24' class='wpml_ico' \/> <p> <img src='https:\/\/sportdream-aussies.de\/wp-content\/plugins\/wp-monalisa\/icons\/' alt='' width='29' height='24' class='wpml_ico' \/> &nbsp; <img src='https:\/\/sportdream-aussies.de\/wp-content\/plugins\/wp-monalisa\/icons\/' alt='' width='29' height='24' class='wpml_ico' \/> <\/p>\n<p style=\"text-align: left;\">Sportdream\u2018s next Fl\u00ebpp<\/p>\n<p style=\"text-align: left;\">MDR1 +\/+, CEA, PRA, HSF4, CMR1, DM, NCL, MH und IGS frei \u00fcber Eltern<\/p>\n<p style=\"text-align: left;\">R\u00fcde red tri  <img src='https:\/\/sportdream-aussies.de\/wp-content\/plugins\/wp-monalisa\/icons\/' alt='' width='29' height='24' class='wpml_ico' \/> &nbsp;ngg_shortcode_1_placeholder\n <img src='https:\/\/sportdream-aussies.de\/wp-content\/plugins\/wp-monalisa\/icons\/' alt='' width='29' height='24' class='wpml_ico' \/> <p> <img src='https:\/\/sportdream-aussies.de\/wp-content\/plugins\/wp-monalisa\/icons\/' alt='' width='29' height='24' class='wpml_ico' \/> &nbsp; <img src='https:\/\/sportdream-aussies.de\/wp-content\/plugins\/wp-monalisa\/icons\/' alt='' width='29' height='24' class='wpml_ico' \/> <\/p>\n<p style=\"text-align: left;\">Sportdream\u2018s next golden Timber<\/p>\n<p style=\"text-align: left;\">MDR1 +\/+, CEA, PRA, HSF4, CMR1, DM, NCL, MH und IGS frei \u00fcber Eltern<\/p>\n<p style=\"text-align: left;\">R\u00fcde red tri  <img src='https:\/\/sportdream-aussies.de\/wp-content\/plugins\/wp-monalisa\/icons\/' alt='' width='29' height='24' class='wpml_ico' \/> &nbsp;ngg_shortcode_2_placeholder\n <img src='https:\/\/sportdream-aussies.de\/wp-content\/plugins\/wp-monalisa\/icons\/' alt='' width='29' height='24' class='wpml_ico' \/> <p> <img src='https:\/\/sportdream-aussies.de\/wp-content\/plugins\/wp-monalisa\/icons\/' alt='' width='29' height='24' class='wpml_ico' \/> &nbsp; <img src='https:\/\/sportdream-aussies.de\/wp-content\/plugins\/wp-monalisa\/icons\/' alt='' width='29' height='24' class='wpml_ico' \/> <\/p>\n<p style=\"text-align: left;\">Sportdream\u2018s next beauty Milka<\/p>\n<p style=\"text-align: left;\">MDR1 +\/+, CEA, PRA, HSF4, CMR1, DM, NCL, MH und IGS frei \u00fcber Eltern<\/p>\n<p style=\"text-align: left;\">H\u00fcndin red merle w  <img src='https:\/\/sportdream-aussies.de\/wp-content\/plugins\/wp-monalisa\/icons\/' alt='' width='29' height='24' class='wpml_ico' \/> &nbsp;ngg_shortcode_3_placeholder\n <img src='https:\/\/sportdream-aussies.de\/wp-content\/plugins\/wp-monalisa\/icons\/' alt='' width='29' height='24' class='wpml_ico' \/> <p> <img src='https:\/\/sportdream-aussies.de\/wp-content\/plugins\/wp-monalisa\/icons\/' alt='' width='29' height='24' class='wpml_ico' \/> &nbsp; <img src='https:\/\/sportdream-aussies.de\/wp-content\/plugins\/wp-monalisa\/icons\/' alt='' width='29' height='24' class='wpml_ico' \/> <\/p>\n<p style=\"text-align: left;\">Sportdream\u2018s next Horizon Hazel<\/p>\n<p style=\"text-align: left;\">MDR1 +\/+, CEA, PRA, HSF4, CMR1, DM, NCL, MH und IGS frei \u00fcber Eltern<\/p>\n<p style=\"text-align: left;\">H\u00fcndin red bi ngg_shortcode_4_placeholder\n <img src='https:\/\/sportdream-aussies.de\/wp-content\/plugins\/wp-monalisa\/icons\/' alt='' width='29' height='24' class='wpml_ico' \/> <p> <img src='https:\/\/sportdream-aussies.de\/wp-content\/plugins\/wp-monalisa\/icons\/' alt='' width='29' height='24' class='wpml_ico' \/> &nbsp; <img src='https:\/\/sportdream-aussies.de\/wp-content\/plugins\/wp-monalisa\/icons\/' alt='' width='29' height='24' class='wpml_ico' \/> <\/p>\n<p style=\"text-align: left;\">Sportdream\u2018s next nakahara Chuuya<\/p>\n<p style=\"text-align: left;\">MDR1 +\/+, CEA, PRA, HSF4, CMR1, DM, NCL, MH und IGS frei \u00fcber Eltern<\/p>\n<p style=\"text-align: left;\">R\u00fcde red bi ngg_shortcode_5_placeholder\n <img src='https:\/\/sportdream-aussies.de\/wp-content\/plugins\/wp-monalisa\/icons\/' alt='' width='29' height='24' class='wpml_ico' \/> <p> <img src='https:\/\/sportdream-aussies.de\/wp-content\/plugins\/wp-monalisa\/icons\/' alt='' width='29' height='24' class='wpml_ico' \/> &nbsp; <img src='https:\/\/sportdream-aussies.de\/wp-content\/plugins\/wp-monalisa\/icons\/' alt='' width='29' height='24' class='wpml_ico' \/> <\/p>\n<p style=\"text-align: left;\">Sportdream\u2018s next topmodel Jasmine<\/p>\n<p style=\"text-align: left;\">MDR1 +\/+, CEA, PRA, HSF4, CMR1, DM, NCL, MH und IGS frei \u00fcber Eltern<\/p>\n<p style=\"text-align: left;\">H\u00fcndin red bi ngg_shortcode_6_placeholder\n <img src='https:\/\/sportdream-aussies.de\/wp-content\/plugins\/wp-monalisa\/icons\/' alt='' width='29' height='24' class='wpml_ico' \/> <p> <img src='https:\/\/sportdream-aussies.de\/wp-content\/plugins\/wp-monalisa\/icons\/' alt='' width='29' height='24' class='wpml_ico' \/> &nbsp; <img src='https:\/\/sportdream-aussies.de\/wp-content\/plugins\/wp-monalisa\/icons\/' alt='' width='29' height='24' class='wpml_ico' \/> <\/p>\n<p style=\"text-align: left;\">Sportdream\u2018s next Emmi<\/p>\n<p style=\"text-align: left;\">MDR1 +\/+, CEA, PRA, HSF4, CMR1, DM, NCL, MH und IGS frei \u00fcber Eltern<\/p>\n<p style=\"text-align: left;\">H\u00fcndin red tri ngg_shortcode_7_placeholder\n <img src='https:\/\/sportdream-aussies.de\/wp-content\/plugins\/wp-monalisa\/icons\/' alt='' width='29' height='24' class='wpml_ico' \/> <p> <img src='https:\/\/sportdream-aussies.de\/wp-content\/plugins\/wp-monalisa\/icons\/' alt='' width='29' height='24' class='wpml_ico' \/> &nbsp; <img src='https:\/\/sportdream-aussies.de\/wp-content\/plugins\/wp-monalisa\/icons\/' alt='' width='29' height='24' class='wpml_ico' \/> <\/p>\n<p style=\"text-align: left;\">Sportdream\u2018s new footstep Yuki<\/p>\n<p style=\"text-align: left;\">MDR1 +\/+, CEA, PRA, HSF4, CMR1, DM, NCL, MH und IGS frei \u00fcber Eltern<\/p>\n<p style=\"text-align: left;\">H\u00fcndin red merle w ngg_shortcode_8_placeholder\n <img src='https:\/\/sportdream-aussies.de\/wp-content\/plugins\/wp-monalisa\/icons\/' alt='' width='29' height='24' class='wpml_ico' \/> <p> <img src='https:\/\/sportdream-aussies.de\/wp-content\/plugins\/wp-monalisa\/icons\/' alt='' width='29' height='24' class='wpml_ico' \/> &nbsp; <img src='https:\/\/sportdream-aussies.de\/wp-content\/plugins\/wp-monalisa\/icons\/' alt='' width='29' height='24' class='wpml_ico' \/> <\/p>\n<p> <img src='https:\/\/sportdream-aussies.de\/wp-content\/plugins\/wp-monalisa\/icons\/' alt='' width='29' height='24' class='wpml_ico' \/> &nbsp; <img src='https:\/\/sportdream-aussies.de\/wp-content\/plugins\/wp-monalisa\/icons\/' alt='' width='29' height='24' class='wpml_ico' \/> <\/p>\n","protected":false},"excerpt":{"rendered":"<p>Am 27. Dezember 2023 hat uns Chili  <img src='https:\/\/sportdream-aussies.de\/wp-content\/plugins\/wp-monalisa\/icons\/' alt='' width='29' height='24' class='wpml_ico' \/> &nbsp;9 dark red und red merle Welpen geschenkt. Die Geburt verlief komplikationslos und innerhalb weniger Stunden waren alle 9 auf der Welt, f\u00fcr eine Erstlingsh\u00fcndin ist Chili sehr instinktsicher. Man musste ihr nichts zeigen, sie hat alles von alleine gemacht. Es sind 5 H\u00fcndinnen und 4 R\u00fcden. Die [&hellip;]<\/p>\n","protected":false},"author":1,"featured_media":5354,"parent":196,"menu_order":10,"comment_status":"closed","ping_status":"closed","template":"","meta":{"ngg_post_thumbnail":0,"footnotes":""},"class_list":["post-5110","page","type-page","status-publish","has-post-thumbnail","hentry"],"aioseo_notices":[],"jetpack_sharing_enabled":true,"_links":{"self":[{"href":"https:\/\/sportdream-aussies.de\/index.php?rest_route=\/wp\/v2\/pages\/5110","targetHints":{"allow":["GET"]}}],"collection":[{"href":"https:\/\/sportdream-aussies.de\/index.php?rest_route=\/wp\/v2\/pages"}],"about":[{"href":"https:\/\/sportdream-aussies.de\/index.php?rest_route=\/wp\/v2\/types\/page"}],"author":[{"embeddable":true,"href":"https:\/\/sportdream-aussies.de\/index.php?rest_route=\/wp\/v2\/users\/1"}],"replies":[{"embeddable":true,"href":"https:\/\/sportdream-aussies.de\/index.php?rest_route=%2Fwp%2Fv2%2Fcomments&post=5110"}],"version-history":[{"count":9,"href":"https:\/\/sportdream-aussies.de\/index.php?rest_route=\/wp\/v2\/pages\/5110\/revisions"}],"predecessor-version":[{"id":5161,"href":"https:\/\/sportdream-aussies.de\/index.php?rest_route=\/wp\/v2\/pages\/5110\/revisions\/5161"}],"up":[{"embeddable":true,"href":"https:\/\/sportdream-aussies.de\/index.php?rest_route=\/wp\/v2\/pages\/196"}],"wp:featuredmedia":[{"embeddable":true,"href":"https:\/\/sportdream-aussies.de\/index.php?rest_route=\/wp\/v2\/media\/5354"}],"wp:attachment":[{"href":"https:\/\/sportdream-aussies.de\/index.php?rest_route=%2Fwp%2Fv2%2Fmedia&parent=5110"}],"curies":[{"name":"wp","href":"https:\/\/api.w.org\/{rel}","templated":true}]}}