{"id":4629,"date":"2022-07-21T10:37:27","date_gmt":"2022-07-21T10:37:27","guid":{"rendered":"https:\/\/sportdream-aussies.de\/?page_id=4629"},"modified":"2022-07-21T10:52:03","modified_gmt":"2022-07-21T10:52:03","slug":"sportdreams-jump-to-orakel-oslo","status":"publish","type":"page","link":"https:\/\/sportdream-aussies.de\/?page_id=4629","title":{"rendered":"Sportdream&#8217;s Jump to Orakel Oslo"},"content":{"rendered":"<h3>Sportdream&#8217;s Jump to Orakel Oslo CHR, CHR1, CHR2 &#8222;Oslo&#8220;<\/h3>\r\n<!-- \/wp:post-content -->\r\n\r\n<!-- wp:paragraph -->\r\n<p>Oslo steht ab sofort geeigneten und nur wenigen H\u00fcndinnen zur Verf\u00fcgung.<\/p>\r\n<p>Zuchtzulassung CASD 08\/2020<br \/>R\u00fcde geboren am 1.10.2018 blue merle w\/c red factored<br \/>Rute: lang<br \/>COI: 5,65 % auf 10 Generationen<br \/>MDR +\/-<br \/>Augenfarbe: blau<br \/>Z\u00fcchter: Elke Ernst und Bianca Banz<br \/>Gr\u00f6\u00dfe: 54 cm<br \/>HSF4: clear<br \/>CEA: clear<br \/>PRA-prcd: clear<br \/>CMR1: clear by Parents<br \/>DM: Tr\u00e4ger<br \/>NCL: clear<br \/>MH: clear<\/p>\r\n<p>merle Test: m\/M(267)<\/p>\r\n<p>HD: A1 und ED frei L\u00dcW frei OCD frei<br \/>Augen frei 08\/ 2020<\/p>\r\n<p>12.05.2019 Troisdorf J\u00fcngstenklasse VV1<\/p>\r\n<p>09.11.2019 Nationale Karlsruhe Jungendklasse V2<\/p>\r\n<p>10.11.2019\u00a0 <img src='https:\/\/sportdream-aussies.de\/wp-content\/plugins\/wp-monalisa\/icons\/' alt='' width='29' height='24' class='wpml_ico' \/>  Internationale Karlsruhe Jugendklasse V2<\/p>\r\n<p>07.12.2019 Nationale Kassel Jugendklasse V2<\/p>\r\n<p>28.06.2020 Zwischenklasse R\u00f6dermark V1 (erste Anwartschaft CH)<\/p> <img src='https:\/\/sportdream-aussies.de\/wp-content\/plugins\/wp-monalisa\/icons\/' alt='' width='29' height='24' class='wpml_ico' \/> \r <img src='https:\/\/sportdream-aussies.de\/wp-content\/plugins\/wp-monalisa\/icons\/' alt='' width='29' height='24' class='wpml_ico' \/> \nngg_shortcode_0_placeholder\r <img src='https:\/\/sportdream-aussies.de\/wp-content\/plugins\/wp-monalisa\/icons\/' alt='' width='29' height='24' class='wpml_ico' \/> \n <img src='https:\/\/sportdream-aussies.de\/wp-content\/plugins\/wp-monalisa\/icons\/' alt='' width='29' height='24' class='wpml_ico' \/> <p>Link zur Oslos Seite:<a href=\"http:\/\/www.labradore-vom-suedlichen-orakel.de\/rueden\/australian-shepherd-oslo-stud-dog\/\" target=\"_blank\" rel=\"noreferrer noopener\">http:\/\/www.labradore-vom-suedlichen-orakel.de\/rueden\/australian-shepherd-oslo-stud-dog\/<\/a><\/p>\r\n<!-- \/wp:paragraph -->\r\n\r\n<!-- wp:paragraph \/-->\r\n\r\n<!-- wp:image {\"id\":3577,\"sizeSlug\":\"large\"} -->\r\n<figure class=\"wp-block-image size-large\"><img decoding=\"async\" class=\"wp-image-3577\" src=\"https:\/\/sportdream-aussies.de\/wp-content\/uploads\/2018\/07\/KatnissmalChewy.png\" alt=\"\" \/><\/figure>","protected":false},"excerpt":{"rendered":"<p>Sportdream&#8217;s Jump to Orakel Oslo CHR, CHR1, CHR2 &#8222;Oslo&#8220; Oslo steht ab sofort geeigneten und nur wenigen H\u00fcndinnen zur Verf\u00fcgung. Zuchtzulassung CASD 08\/2020R\u00fcde geboren am 1.10.2018 blue merle w\/c red factoredRute: langCOI: 5,65 % auf 10 GenerationenMDR +\/-Augenfarbe: blauZ\u00fcchter: Elke Ernst und Bianca BanzGr\u00f6\u00dfe: 54 cmHSF4: clearCEA: clearPRA-prcd: clearCMR1: clear by ParentsDM: Tr\u00e4gerNCL: clearMH: clear [&hellip;]<\/p>\n","protected":false},"author":1,"featured_media":4630,"parent":853,"menu_order":2,"comment_status":"closed","ping_status":"closed","template":"","meta":{"ngg_post_thumbnail":0,"footnotes":""},"class_list":["post-4629","page","type-page","status-publish","has-post-thumbnail","hentry"],"aioseo_notices":[],"jetpack_sharing_enabled":true,"_links":{"self":[{"href":"https:\/\/sportdream-aussies.de\/index.php?rest_route=\/wp\/v2\/pages\/4629","targetHints":{"allow":["GET"]}}],"collection":[{"href":"https:\/\/sportdream-aussies.de\/index.php?rest_route=\/wp\/v2\/pages"}],"about":[{"href":"https:\/\/sportdream-aussies.de\/index.php?rest_route=\/wp\/v2\/types\/page"}],"author":[{"embeddable":true,"href":"https:\/\/sportdream-aussies.de\/index.php?rest_route=\/wp\/v2\/users\/1"}],"replies":[{"embeddable":true,"href":"https:\/\/sportdream-aussies.de\/index.php?rest_route=%2Fwp%2Fv2%2Fcomments&post=4629"}],"version-history":[{"count":6,"href":"https:\/\/sportdream-aussies.de\/index.php?rest_route=\/wp\/v2\/pages\/4629\/revisions"}],"predecessor-version":[{"id":4638,"href":"https:\/\/sportdream-aussies.de\/index.php?rest_route=\/wp\/v2\/pages\/4629\/revisions\/4638"}],"up":[{"embeddable":true,"href":"https:\/\/sportdream-aussies.de\/index.php?rest_route=\/wp\/v2\/pages\/853"}],"wp:featuredmedia":[{"embeddable":true,"href":"https:\/\/sportdream-aussies.de\/index.php?rest_route=\/wp\/v2\/media\/4630"}],"wp:attachment":[{"href":"https:\/\/sportdream-aussies.de\/index.php?rest_route=%2Fwp%2Fv2%2Fmedia&parent=4629"}],"curies":[{"name":"wp","href":"https:\/\/api.w.org\/{rel}","templated":true}]}}