{"id":4457,"date":"2022-03-22T12:33:47","date_gmt":"2022-03-22T12:33:47","guid":{"rendered":"https:\/\/sportdream-aussies.de\/?page_id=4457"},"modified":"2022-03-22T19:59:28","modified_gmt":"2022-03-22T19:59:28","slug":"in-erinnerung-july","status":"publish","type":"page","link":"https:\/\/sportdream-aussies.de\/?page_id=4457","title":{"rendered":"In Erinnerung July"},"content":{"rendered":"<h3>July 17.07.2009 &#8211; 24.02.2022<\/h3>\n<p>Seelenhunde<\/p>\n<p>sind unvergessen&#8230;.<\/p>\n<p>weil sie ein Leben ver\u00e4ndert haben und auch nach ihrem Tod in einem weiterleben<\/p>\n<p>man sp\u00fcrt es &#8211;  <img src='https:\/\/sportdream-aussies.de\/wp-content\/plugins\/wp-monalisa\/icons\/' alt='' width='29' height='24' class='wpml_ico' \/> \u00a0in seinem Denken, in seinem Handeln, in seinem F\u00fchlen<\/p>\n<p>Seelenhunde hat sie jemand genannt &#8211; jene Hunde, die es nur einmal geben wird im Leben, die man begleiten durfte und die einen gef\u00fchrt haben auf andere Wege<\/p>\n<p>Die wie ein Schatten waren und wie die Luft zum atmen<\/p>\n<p>Kein Tag wird vergehen, ohne an sie zu denken und ohne sie zu vermissen. Nur Hundemenschen k\u00f6nnen verstehen, wie es ist, einen Hund zu verlieren<\/p>\n<p>Nie wird es so wieder werden wie mit dir, Seelenhunde&#8230;..<\/p>\n<p>Sie gehen nie ganz, sie leben bei uns weiter&#8230;.<\/p>\n<p>Die Welt steht still, nichts ist mehr wie es mal war, July unser erster Wurf, unser erster Welpe, den wir behalten haben, alle suchen Dich \u00fcberall, alle sind verst\u00f6rt, besonders Magic und Brooke. Deine Souver\u00e4nit\u00e4t das Rudel zu f\u00fchren fehlt an jeder Stelle. Selbst Dein Platz am Teich zum trinken wird von Magic und Brooke geteilt. Bei jedem F\u00fcttern vermissen wir Dich, bei den Spazierg\u00e4ngen, beim kuscheln, beim Arbeiten, einfach \u00fcberall fehlst du. Warum nur? Immer wieder m\u00fcssen wir uns vorhalten, das ein Hund nicht Ewigkeiten lebt, auch wenn wir es gerne h\u00e4tten.<\/p>\n<p>Anfang Januar 2021 fing es an, auf einem Spaziergang mit viel Schnee bist du zusammengebrochen, schnell zur Tierklinik, alles untersucht und bis auf einen kleinen Schatten an der Niere nichts gefunden, du bist aus der Klinik raus, als w\u00e4rst Du ein junger Hund, noch alle Sprechstundenhelferinnen um den Finger gewickelt mit Deiner liebensw\u00fcrdigen, immer gut gelaunten Art wieder nach Hause. 3 Wochen sp\u00e4ter Termin in einer gro\u00dfen Tierklinik f\u00fcr ein MRT um abzukl\u00e4ren, was der Schatten ist. Und dann kam die Diagnose Nebennierentumor, nicht operabel, man kann nichts machen, Lebenserwartung 3-6 Monate. Wir haben alles getan f\u00fcr Dich, CBD \u00d6l, alles m\u00f6gliche an Kr\u00e4utern und P\u00fclverchen. Du hast noch \u00fcber 1 Jahr bei uns gelebt, wir haben jeden Tag genossen, waren noch 3 mal am Meer, und Du hast noch 2 W\u00fcrfe von Deinen Kindern mitbekommen. Und trotzdem, da wir es wussten, haut es einen so um, das man nicht mehr weiss warum die Welt sich einfach weiter dreht. Kein Tag wird wieder so wie mit Dir! Die Zeit heilt alle Wunden? Nein, es wird weniger schmerzhaft, aber irgendwann kommt hoffentlich der Zeitpunkt, das wir mit einem L\u00e4cheln an Dich zur\u00fcckdenken und nicht mit Tr\u00e4nen in den Augen.<\/p>\n<p class=\"p1\"><span class=\"s1\">Nun bist Du wieder mit Deiner Mama Ashley und Buddy zusammen, und auch wir werden uns alle wiedersehen, irgendwann&#8230;&#8230;.<\/span><\/p>\n<p><img loading=\"lazy\" decoding=\"async\" class=\"aligncenter wp-image-4453 size-large\" src=\"https:\/\/sportdream-aussies.de\/wp-content\/uploads\/2022\/03\/60590B17-6709-4EE5-83F6-69CCC599A85B_1_201_a-1280x955.jpeg\" alt=\"\" width=\"640\" height=\"478\" srcset=\"https:\/\/sportdream-aussies.de\/wp-content\/uploads\/2022\/03\/60590B17-6709-4EE5-83F6-69CCC599A85B_1_201_a-1280x955.jpeg 1280w, https:\/\/sportdream-aussies.de\/wp-content\/uploads\/2022\/03\/60590B17-6709-4EE5-83F6-69CCC599A85B_1_201_a-300x224.jpeg 300w, https:\/\/sportdream-aussies.de\/wp-content\/uploads\/2022\/03\/60590B17-6709-4EE5-83F6-69CCC599A85B_1_201_a-768x573.jpeg 768w, https:\/\/sportdream-aussies.de\/wp-content\/uploads\/2022\/03\/60590B17-6709-4EE5-83F6-69CCC599A85B_1_201_a-1536x1146.jpeg 1536w, https:\/\/sportdream-aussies.de\/wp-content\/uploads\/2022\/03\/60590B17-6709-4EE5-83F6-69CCC599A85B_1_201_a-2048x1528.jpeg 2048w\" sizes=\"auto, (max-width: 640px) 100vw, 640px\" \/><\/p>\n<table border=\"2\" width=\"100%\">\n<tbody>\n<tr class=\"Title\">\n<td colspan=\"2\" width=\"920\"><strong><big><big>Pedigree of: Spordream\u2019s Australia Beauty July DNA-CP BH CHR CHR I CHR II VT OB<\/big><\/big><\/strong><\/td>\n<\/tr>\n<tr class=\"Header\">\n<td width=\"290\">\n<h4><img loading=\"lazy\" decoding=\"async\" class=\"aligncenter wp-image-2106\" src=\"https:\/\/sportdream-aussies.de\/wp-content\/uploads\/2017\/09\/julyklein1-289x300.jpg\" sizes=\"auto, (max-width: 194px) 100vw, 194px\" srcset=\"https:\/\/sportdream-aussies.de\/wp-content\/uploads\/2017\/09\/julyklein1-289x300.jpg 289w, https:\/\/sportdream-aussies.de\/wp-content\/uploads\/2017\/09\/julyklein1.jpg 315w\" alt=\"\" width=\"194\" height=\"201\" \/><\/h4>\n<\/td>\n<td width=\"630\">\n<table border=\"0\" width=\"100%\">\n<tbody>\n<tr class=\"Header\">\n<td width=\"20%\"><strong>Sex<\/strong><\/td>\n<td width=\"30%\">F<\/td>\n<td width=\"20%\"><strong>Reg No.<\/strong><\/td>\n<td width=\"30%\">CASD 09\/0240R<\/td>\n<\/tr>\n<tr class=\"Header\">\n<td width=\"20%\"><strong>Date of Birth<\/strong><\/td>\n<td width=\"30%\">17.7.2009<\/td>\n<td width=\"20%\"><strong>Breed<\/strong><\/td>\n<td width=\"30%\"><img loading=\"lazy\" decoding=\"async\" class=\"wpml_ico\" src=\"https:\/\/sportdream-aussies.de\/wp-content\/plugins\/wp-monalisa\/icons\/\" alt=\"\" width=\"29\" height=\"24\" \/> <img src='https:\/\/sportdream-aussies.de\/wp-content\/plugins\/wp-monalisa\/icons\/' alt='' width='29' height='24' class='wpml_ico' \/>   <img src='https:\/\/sportdream-aussies.de\/wp-content\/plugins\/wp-monalisa\/icons\/' alt='' width='29' height='24' class='wpml_ico' \/> \u00a0 <img src='https:\/\/sportdream-aussies.de\/wp-content\/plugins\/wp-monalisa\/icons\/' alt='' width='29' height='24' class='wpml_ico' \/>   <img src='https:\/\/sportdream-aussies.de\/wp-content\/plugins\/wp-monalisa\/icons\/' alt='' width='29' height='24' class='wpml_ico' \/> <img loading=\"lazy\" decoding=\"async\" class=\"wpml_ico\" src=\"https:\/\/sportdream-aussies.de\/wp-content\/plugins\/wp-monalisa\/icons\/\" alt=\"\" width=\"29\" height=\"24\" \/><\/td>\n<\/tr>\n<tr class=\"Header\">\n<td width=\"20%\"><strong>Owner<\/strong><\/td>\n<td width=\"30%\">Elke Banz<\/td>\n<td width=\"20%\"><strong>Breeder<\/strong><\/td>\n<td width=\"30%\">Elke Banz<\/td>\n<\/tr>\n<tr class=\"Header\">\n<td width=\"20%\"><strong>Colour &amp; Markings<\/strong><\/td>\n<td width=\"30%\">Blue merle w\/c<\/td>\n<td width=\"20%\"><strong>Call Name<\/strong><\/td>\n<td width=\"30%\">July<\/td>\n<\/tr>\n<tr class=\"Header\">\n<td valign=\"top\" width=\"20%\" height=\"100\"><strong>Comments<\/strong><\/td>\n<td colspan=\"3\" valign=\"top\" width=\"80%\" height=\"100\">COI 5,33 % auf 10 Generationen<\/td>\n<\/tr>\n<\/tbody>\n<\/table>\n<\/td>\n<\/tr>\n<\/tbody>\n<\/table>\n<table border=\"2\" width=\"100%\">\n<tbody>\n<tr class=\"Pedigree\">\n<td rowspan=\"8\" width=\"20%\" height=\"144\">Malpasos Bits\u2019n Spurs<\/td>\n<td rowspan=\"4\" width=\"23%\" height=\"72\">WTCH, CH Malpasos Chaps\u2019n Spurs<\/td>\n<td rowspan=\"2\" width=\"26%\" height=\"36\">Gabrielinos Charlie Chaplin<\/td>\n<td width=\"30%\" height=\"18\">Casa Buena Cadillac Jack<\/td>\n<\/tr>\n<tr class=\"Pedigree\">\n<td width=\"30%\" height=\"18\">Gabrielinos Gloria<\/td>\n<\/tr>\n<tr class=\"Pedigree\">\n<td rowspan=\"2\" width=\"26%\" height=\"36\">Hey You! of Imagineer<\/td>\n<td width=\"30%\" height=\"18\">Captain Kidd of Imagineer<\/td>\n<\/tr>\n<tr class=\"Pedigree\">\n<td width=\"30%\" height=\"18\">Fairoaks Jami Jo<\/td>\n<\/tr>\n<tr class=\"Pedigree\">\n<td rowspan=\"4\" width=\"23%\" height=\"72\">Romeliwawis Blue<\/td>\n<td rowspan=\"2\" width=\"26%\" height=\"36\">Crownpoints Redneck Kahn<\/td>\n<td width=\"30%\" height=\"18\">LasRocosa Kubliakhan Crown<\/td>\n<\/tr>\n<tr class=\"Pedigree\">\n<td width=\"30%\" height=\"18\">Crown Point Chinook<\/td>\n<\/tr>\n<tr class=\"Pedigree\">\n<td rowspan=\"2\" width=\"26%\" height=\"36\">Lady Belle Carter<\/td>\n<td width=\"30%\" height=\"18\">Kirbys Mick<\/td>\n<\/tr>\n<tr class=\"Pedigree\">\n<td width=\"30%\" height=\"18\">Kirbys Buttons<\/td>\n<\/tr>\n<tr class=\"Pedigree\">\n<td rowspan=\"8\" width=\"20%\" height=\"144\">Little Sister Ashley CASD 08\/0073R<\/td>\n<td rowspan=\"4\" width=\"23%\" height=\"72\">Lollypops Do it Again<\/td>\n<td rowspan=\"2\" width=\"26%\" height=\"36\">CH Bearfoots Duel at Dodge<\/td>\n<td width=\"30%\" height=\"18\">Summertime Showdown of Oldwest<\/td>\n<\/tr>\n<tr class=\"Pedigree\">\n<td width=\"30%\" height=\"18\">Sugarbushs Center of Attention<\/td>\n<\/tr>\n<tr class=\"Pedigree\">\n<td rowspan=\"2\" width=\"26%\" height=\"36\">ASCA CH Soundtracks Classic Impresn<\/td>\n<td width=\"30%\" height=\"18\">Soundtracks Johnny Five<\/td>\n<\/tr>\n<tr class=\"Pedigree\">\n<td width=\"30%\" height=\"18\">Zuzaxs Original Soundtrack<\/td>\n<\/tr>\n<tr class=\"Pedigree\">\n<td rowspan=\"4\" width=\"23%\" height=\"72\">Bollwerks Miss Cassey<\/td>\n<td rowspan=\"2\" width=\"26%\" height=\"36\">Grateful Mini Ranch Amy<\/td>\n<td width=\"30%\" height=\"18\">Hocks John Deere<\/td>\n<\/tr>\n<tr class=\"Pedigree\">\n<td width=\"30%\" height=\"18\">Chimney Ranch Blue Bessy<\/td>\n<\/tr>\n<tr class=\"Pedigree\">\n<td rowspan=\"2\" width=\"26%\" height=\"36\">High Spirit of Gut Losenhaus<\/td>\n<td width=\"30%\" height=\"18\">Agua Dulce Salsa Optional<\/td>\n<\/tr>\n<tr class=\"Pedigree\">\n<td width=\"30%\" height=\"18\">Ninas Gruschka<\/td>\n<\/tr>\n<\/tbody>\n<\/table>\n<h4>Name:\u00a0Sportdream\u2018s Australia Beauty, DNA-CP, BH, CHR, CHR I, CHR II, VT, OB<\/h4>\n<p>Angek\u00f6rt mit Vorz\u00fcglich am 27.11.2010<\/p>\n<p>Zuchtzulassung am 4.12.2010 erhalten, July wird nicht mehr zu Zucht eingesetzt, sie darf in Rente gehen.<\/p>\n<p>Rufname:July<\/p>\n<p>Geschlecht: Weiblich<\/p>\n<p>Geboren am:17.07.2009<\/p>\n<p>Farbe: blue merle white\/copper, red factored<\/p>\n<p>COI 5,33 % (breedmate auf 10 Generationen)<\/p>\n<p>Rute: Lang<\/p>\n<p>Augenfarbe: Links braun, Rechts braun<\/p>\n<p>Z\u00fcchter: Elke Ernst<\/p>\n<p>Gewicht: 20 kg<\/p>\n<p>Gr\u00f6\u00dfe: 53 cm<\/p>\n<p>Zb.-Nr. VDH\/CASD: 09\/0240R<\/p>\n<p>ASCA registriert<\/p>\n<h4>Untersuchungen:<\/h4>\n<p>Frei von vererbbaren Augenkrankheiten 11. Oktober 2017<\/p>\n<p>MDR1 Defekt: +\/+ (nicht betroffen\/kein Tr\u00e4ger)<\/p>\n<p>DNA-CP<\/p>\n<p>HD: A2 (Dr. Viefhues\/FCI)<\/p>\n<p>ED: frei Grad 0 beide Seiten (Dr. Viefhues\/FCI)<\/p>\n<p>Vollst\u00e4ndiges korrektes Scherengebiss<\/p>\n<p>HSF4 Hereditary Katarakt Test: clear (kein Tr\u00e4ger)<\/p>\n<p>CEA: clear (kein Tr\u00e4ger)<\/p>\n<p>PRA-prcd: clear (kein Tr\u00e4ger)<\/p>\n<p>CMR1: clear (kein Tr\u00e4ger)<\/p>\n<p>DM: clear (kein Tr\u00e4ger)<\/p>\n<h4>C.A. Sharp Auswertung liegt vor!<\/h4> <img src='https:\/\/sportdream-aussies.de\/wp-content\/plugins\/wp-monalisa\/icons\/' alt='' width='29' height='24' class='wpml_ico' \/> \nngg_shortcode_0_placeholder\n <img src='https:\/\/sportdream-aussies.de\/wp-content\/plugins\/wp-monalisa\/icons\/' alt='' width='29' height='24' class='wpml_ico' \/> <p>Show Erfolge:<\/p>\n<p>20.06.2010 CASD Clubshow in Hanau Jugendklasse H\u00fcndinnen Vorz\u00fcglich 3. Platz<\/p>\n<p>12.09.2010 CASD Spezialzuchtschau in Leverkusen Jugendklasse H\u00fcndinnen Vorz\u00fcglich 2. Platz<\/p>\n<p>27.11.2010 CASD K\u00f6rung in Iserlohn, angek\u00f6rt mit Vorz\u00fcglich und uneingeschr\u00e4nkt zur Zucht empfohlen!<\/p>\n<p>Januar 2011 Der CASD Verhaltenstest ist angekommen, July hat ihn bestanden und darf wieder einen Titel mehr tragen VT.<\/p>\n<p>Sport Erfolge:<\/p>\n<p>06.11.2010 July hat die Begleithundepr\u00fcfung geschafft als j\u00fcngster Hund mit vielen Vorz\u00fcglich, sehr gut, gut und naja auch 2 noch befriedigend!<\/p>\n<p>04.06.2011 Erster Start Obedience Beginner, Platz 3, Vorz\u00fcglich 256 Punkte Aufstieg in Klasse 1<\/p>\n<p>25.06.2011 Erster Start im Agility, Platz 8, SG mit 1 Fehler und einer Verweigerung<\/p>\n<p>16.10.2011 July hat nunr auch mit Bianca die BH bestanden mit 56 Punkten<\/p>\n<p>22.10.2011 Obedience Beginner Rhein Ahr Sinzig, Platz 1, Vorz\u00fcglich 283 Punkte<\/p>\n<p>23.10.2011 Obedience Beginner Rhein Ahr Sinzig, Platz 1, Vorz\u00fcglich 275,5 Punkte<\/p>\n<p>17.02.2012 AOM 2011 Award of Merit des CASD Obedience Beginner Platz 1!<\/p>\n<p>15.09.2013 HSG Rhein Sieg, A Lauf Platz 5 mit 2 Verweigerungen<\/p>\n<p> <img src='https:\/\/sportdream-aussies.de\/wp-content\/plugins\/wp-monalisa\/icons\/' alt='' width='29' height='24' class='wpml_ico' \/> &nbsp; <img src='https:\/\/sportdream-aussies.de\/wp-content\/plugins\/wp-monalisa\/icons\/' alt='' width='29' height='24' class='wpml_ico' \/> <\/p>\n<p> <img src='https:\/\/sportdream-aussies.de\/wp-content\/plugins\/wp-monalisa\/icons\/' alt='' width='29' height='24' class='wpml_ico' \/> &nbsp; <img src='https:\/\/sportdream-aussies.de\/wp-content\/plugins\/wp-monalisa\/icons\/' alt='' width='29' height='24' class='wpml_ico' \/> <\/p>\n<p> <img src='https:\/\/sportdream-aussies.de\/wp-content\/plugins\/wp-monalisa\/icons\/' alt='' width='29' height='24' class='wpml_ico' \/> &nbsp; <img src='https:\/\/sportdream-aussies.de\/wp-content\/plugins\/wp-monalisa\/icons\/' alt='' width='29' height='24' class='wpml_ico' \/> <\/p>\n","protected":false},"excerpt":{"rendered":"<p>July 17.07.2009 &#8211; 24.02.2022 Seelenhunde sind unvergessen&#8230;. weil sie ein Leben ver\u00e4ndert haben und auch nach ihrem Tod in einem weiterleben man sp\u00fcrt es &#8211;  <img src='https:\/\/sportdream-aussies.de\/wp-content\/plugins\/wp-monalisa\/icons\/' alt='' width='29' height='24' class='wpml_ico' \/> \u00a0in seinem Denken, in seinem Handeln, in seinem F\u00fchlen Seelenhunde hat sie jemand genannt &#8211; jene Hunde, die es nur einmal geben wird im Leben, die man begleiten durfte und [&hellip;]<\/p>\n","protected":false},"author":1,"featured_media":482,"parent":4483,"menu_order":5,"comment_status":"closed","ping_status":"closed","template":"page-templates\/full-width-page.php","meta":{"ngg_post_thumbnail":0,"footnotes":""},"class_list":["post-4457","page","type-page","status-publish","has-post-thumbnail","hentry"],"aioseo_notices":[],"jetpack_sharing_enabled":true,"_links":{"self":[{"href":"https:\/\/sportdream-aussies.de\/index.php?rest_route=\/wp\/v2\/pages\/4457","targetHints":{"allow":["GET"]}}],"collection":[{"href":"https:\/\/sportdream-aussies.de\/index.php?rest_route=\/wp\/v2\/pages"}],"about":[{"href":"https:\/\/sportdream-aussies.de\/index.php?rest_route=\/wp\/v2\/types\/page"}],"author":[{"embeddable":true,"href":"https:\/\/sportdream-aussies.de\/index.php?rest_route=\/wp\/v2\/users\/1"}],"replies":[{"embeddable":true,"href":"https:\/\/sportdream-aussies.de\/index.php?rest_route=%2Fwp%2Fv2%2Fcomments&post=4457"}],"version-history":[{"count":2,"href":"https:\/\/sportdream-aussies.de\/index.php?rest_route=\/wp\/v2\/pages\/4457\/revisions"}],"predecessor-version":[{"id":4459,"href":"https:\/\/sportdream-aussies.de\/index.php?rest_route=\/wp\/v2\/pages\/4457\/revisions\/4459"}],"up":[{"embeddable":true,"href":"https:\/\/sportdream-aussies.de\/index.php?rest_route=\/wp\/v2\/pages\/4483"}],"wp:featuredmedia":[{"embeddable":true,"href":"https:\/\/sportdream-aussies.de\/index.php?rest_route=\/wp\/v2\/media\/482"}],"wp:attachment":[{"href":"https:\/\/sportdream-aussies.de\/index.php?rest_route=%2Fwp%2Fv2%2Fmedia&parent=4457"}],"curies":[{"name":"wp","href":"https:\/\/api.w.org\/{rel}","templated":true}]}}