{"id":4247,"date":"2021-05-11T12:39:12","date_gmt":"2021-05-11T12:39:12","guid":{"rendered":"http:\/\/sportdream-aussies.de\/?page_id=4247"},"modified":"2025-07-01T13:17:10","modified_gmt":"2025-07-01T13:17:10","slug":"malibu","status":"publish","type":"page","link":"https:\/\/sportdream-aussies.de\/?page_id=4247","title":{"rendered":"Lilo"},"content":{"rendered":"<a href=\"https:\/\/sportdream-aussies.de\/?page_id=4250\" class=\"su-button su-button-style-3d\" style=\"color:#040404;background-color:#39ef2d;border-color:#2ec024;border-radius:6px\" target=\"_self\"><span style=\"color:#040404;padding:0px 18px;font-size:14px;line-height:28px;border-color:#75f46c;border-radius:6px;text-shadow:none\"> <img src='https:\/\/sportdream-aussies.de\/wp-content\/plugins\/wp-monalisa\/icons\/' alt='' width='29' height='24' class='wpml_ico' \/>  Steckbrief<\/span><\/a><a href=\"https:\/\/sportdream-aussies.de\/?page_id=4252\" class=\"su-button su-button-style-3d\" style=\"color:#040404;background-color:#39ef2d;border-color:#2ec024;border-radius:6px\" target=\"_self\"><span style=\"color:#040404;padding:0px 18px;font-size:14px;line-height:28px;border-color:#75f46c;border-radius:6px;text-shadow:none\"> <img src='https:\/\/sportdream-aussies.de\/wp-content\/plugins\/wp-monalisa\/icons\/' alt='' width='29' height='24' class='wpml_ico' \/>  Erfolge<\/span><\/a><a href=\"https:\/\/sportdream-aussies.de\/?page_id=4254\" class=\"su-button su-button-style-3d\" style=\"color:#040404;background-color:#39ef2d;border-color:#2ec024;border-radius:6px\" target=\"_self\"><span style=\"color:#040404;padding:0px 18px;font-size:14px;line-height:28px;border-color:#75f46c;border-radius:6px;text-shadow:none\"> <img src='https:\/\/sportdream-aussies.de\/wp-content\/plugins\/wp-monalisa\/icons\/' alt='' width='29' height='24' class='wpml_ico' \/>  Pedigree<\/span><\/a><a href=\"https:\/\/sportdream-aussies.de\/?page_id=4258\" class=\"su-button su-button-style-3d\" style=\"color:#040404;background-color:#39ef2d;border-color:#2ec024;border-radius:6px\" target=\"_self\"><span style=\"color:#040404;padding:0px 18px;font-size:14px;line-height:28px;border-color:#75f46c;border-radius:6px;text-shadow:none\"> <img src='https:\/\/sportdream-aussies.de\/wp-content\/plugins\/wp-monalisa\/icons\/' alt='' width='29' height='24' class='wpml_ico' \/>  Galerie<\/span><\/a>\n<p>Lilo, auch nicht geplant, aber sie blieb, hat Michael \u00fcberzeugt zu bleiben. Als Welpe eine der ruhigen Welpen in dem Wurf von Katniss und Thunder, aber mit der Zeit hat sich heraus kristallisiert, das sie wunderbar mit viel Trieb arbeiten kann. Damit hat sie dann alle \u00fcberzeugt. Sie ist einfach durchmarschiert, locker die BH geschafft und schon die ersten Rally O Turniere gelaufen. Sie ist vom Charakter her sehr \u00e4hnlich zu ihrer Oma July, sie mag alles und jeden, egal ob Mensch oder Hund. Optisch derzeit noch sehr Arbeitslinie, in ihr steckt sehr viel von der alten Mistretta Linie, die doch sehr lange brauchen um &#8222;Hund&#8220; zu werden.&nbsp; <img src='https:\/\/sportdream-aussies.de\/wp-content\/plugins\/wp-monalisa\/icons\/' alt='' width='29' height='24' class='wpml_ico' \/> <\/p>\n<p>Schauen wir, wohin der Weg uns f\u00fchrt. Dieses Jahr stehen noch die Untersuchungen f\u00fcr die Zucht an, ihre Ausstellung hat sie schon mit bravour gemeistert. Die K\u00f6rung ist Ende des Jahres noch geplant und dann sehen wir weiter.&nbsp; <img src='https:\/\/sportdream-aussies.de\/wp-content\/plugins\/wp-monalisa\/icons\/' alt='' width='29' height='24' class='wpml_ico' \/> <\/p>\n<p>Update zu Lilo, nun ist auch sie bereit f\u00fcr die Zucht, die K\u00f6rung hat sie Ende letzten Jahres noch mit Bravour bestanden sowie auch die Begleithundepr\u00fcfung. Alle Untersuchungen hat sie hinter sich und nun schauen wir mal, wann und mit wem wir Lilo belegen lassen.&nbsp; <img src='https:\/\/sportdream-aussies.de\/wp-content\/plugins\/wp-monalisa\/icons\/' alt='' width='29' height='24' class='wpml_ico' \/> <\/p>\n","protected":false},"excerpt":{"rendered":"<p>Lilo, auch nicht geplant, aber sie blieb, hat Michael \u00fcberzeugt zu bleiben. Als Welpe eine der ruhigen Welpen in dem Wurf von Katniss und Thunder, aber mit der Zeit hat sich heraus kristallisiert, das sie wunderbar mit viel Trieb arbeiten kann. Damit hat sie dann alle \u00fcberzeugt. Sie ist einfach durchmarschiert, locker die BH geschafft [&hellip;]<\/p>\n","protected":false},"author":1,"featured_media":5340,"parent":187,"menu_order":5,"comment_status":"closed","ping_status":"closed","template":"page-templates\/full-width-page.php","meta":{"ngg_post_thumbnail":0,"footnotes":""},"class_list":["post-4247","page","type-page","status-publish","has-post-thumbnail","hentry"],"aioseo_notices":[],"jetpack_sharing_enabled":true,"_links":{"self":[{"href":"https:\/\/sportdream-aussies.de\/index.php?rest_route=\/wp\/v2\/pages\/4247","targetHints":{"allow":["GET"]}}],"collection":[{"href":"https:\/\/sportdream-aussies.de\/index.php?rest_route=\/wp\/v2\/pages"}],"about":[{"href":"https:\/\/sportdream-aussies.de\/index.php?rest_route=\/wp\/v2\/types\/page"}],"author":[{"embeddable":true,"href":"https:\/\/sportdream-aussies.de\/index.php?rest_route=\/wp\/v2\/users\/1"}],"replies":[{"embeddable":true,"href":"https:\/\/sportdream-aussies.de\/index.php?rest_route=%2Fwp%2Fv2%2Fcomments&post=4247"}],"version-history":[{"count":14,"href":"https:\/\/sportdream-aussies.de\/index.php?rest_route=\/wp\/v2\/pages\/4247\/revisions"}],"predecessor-version":[{"id":5476,"href":"https:\/\/sportdream-aussies.de\/index.php?rest_route=\/wp\/v2\/pages\/4247\/revisions\/5476"}],"up":[{"embeddable":true,"href":"https:\/\/sportdream-aussies.de\/index.php?rest_route=\/wp\/v2\/pages\/187"}],"wp:featuredmedia":[{"embeddable":true,"href":"https:\/\/sportdream-aussies.de\/index.php?rest_route=\/wp\/v2\/media\/5340"}],"wp:attachment":[{"href":"https:\/\/sportdream-aussies.de\/index.php?rest_route=%2Fwp%2Fv2%2Fmedia&parent=4247"}],"curies":[{"name":"wp","href":"https:\/\/api.w.org\/{rel}","templated":true}]}}