{"id":4229,"date":"2021-05-11T09:28:57","date_gmt":"2021-05-11T09:28:57","guid":{"rendered":"http:\/\/sportdream-aussies.de\/?page_id=4229"},"modified":"2021-08-03T14:49:31","modified_gmt":"2021-08-03T14:49:31","slug":"urlaub","status":"publish","type":"page","link":"https:\/\/sportdream-aussies.de\/?page_id=4229","title":{"rendered":"Urlaub"},"content":{"rendered":"<p>Gerne m\u00f6chten wir Euch hier einen Urlaubstip vorstellen. In den Niederlanden in dem sch\u00f6nen Ort Kamperland, gibt es es ab sofort die M\u00f6glichkeit ein Ferienhaus mit 2 Schlafzimmern, K\u00fcche, Wohnzimmer und Bad zu mieten. Nat\u00fcrlich auch mit Hund. Vollst\u00e4ndig umz\u00e4unter Garten, Parkm\u00f6glichkeit auf dem Grundst\u00fcck und Leihfahrr\u00e4der sind vor Ort. Das Meer ist nur wenige km entfernt. Zu jeder Jahreszeit ein Reise wert! Weitere Infos hier:\u00a0 <img src='https:\/\/sportdream-aussies.de\/wp-content\/plugins\/wp-monalisa\/icons\/' alt='' width='29' height='24' class='wpml_ico' \/> <a href=\"www.northern-hideaway.de\" target=\"_blank\" rel=\"noopener\">www.northern-hideaway.de<\/a><\/p>\n<p> <img src='https:\/\/sportdream-aussies.de\/wp-content\/plugins\/wp-monalisa\/icons\/' alt='' width='29' height='24' class='wpml_ico' \/> &nbsp; <img src='https:\/\/sportdream-aussies.de\/wp-content\/plugins\/wp-monalisa\/icons\/' alt='' width='29' height='24' class='wpml_ico' \/> <\/p>\n<p><a href=\"https:\/\/sportdream-aussies.de\/wp-content\/uploads\/2021\/05\/Flyer-Northern-Hideaway_2021_neu_klein.pdf\" target=\"_blank\" rel=\"noopener\">https:\/\/sportdream-aussies.de\/wp-content\/uploads\/2021\/05\/Flyer-Northern-Hideaway_2021_neu_klein.pdf<\/a><\/p>\n<p> <img src='https:\/\/sportdream-aussies.de\/wp-content\/plugins\/wp-monalisa\/icons\/' alt='' width='29' height='24' class='wpml_ico' \/> &nbsp; <img src='https:\/\/sportdream-aussies.de\/wp-content\/plugins\/wp-monalisa\/icons\/' alt='' width='29' height='24' class='wpml_ico' \/> <\/p>\n","protected":false},"excerpt":{"rendered":"<p>Gerne m\u00f6chten wir Euch hier einen Urlaubstip vorstellen. In den Niederlanden in dem sch\u00f6nen Ort Kamperland, gibt es es ab sofort die M\u00f6glichkeit ein Ferienhaus mit 2 Schlafzimmern, K\u00fcche, Wohnzimmer und Bad zu mieten. Nat\u00fcrlich auch mit Hund. Vollst\u00e4ndig umz\u00e4unter Garten, Parkm\u00f6glichkeit auf dem Grundst\u00fcck und Leihfahrr\u00e4der sind vor Ort. Das Meer ist nur wenige [&hellip;]<\/p>\n","protected":false},"author":1,"featured_media":4398,"parent":1039,"menu_order":2,"comment_status":"closed","ping_status":"closed","template":"page-templates\/full-width-page.php","meta":{"ngg_post_thumbnail":0,"footnotes":""},"class_list":["post-4229","page","type-page","status-publish","has-post-thumbnail","hentry"],"aioseo_notices":[],"jetpack_sharing_enabled":true,"_links":{"self":[{"href":"https:\/\/sportdream-aussies.de\/index.php?rest_route=\/wp\/v2\/pages\/4229","targetHints":{"allow":["GET"]}}],"collection":[{"href":"https:\/\/sportdream-aussies.de\/index.php?rest_route=\/wp\/v2\/pages"}],"about":[{"href":"https:\/\/sportdream-aussies.de\/index.php?rest_route=\/wp\/v2\/types\/page"}],"author":[{"embeddable":true,"href":"https:\/\/sportdream-aussies.de\/index.php?rest_route=\/wp\/v2\/users\/1"}],"replies":[{"embeddable":true,"href":"https:\/\/sportdream-aussies.de\/index.php?rest_route=%2Fwp%2Fv2%2Fcomments&post=4229"}],"version-history":[{"count":3,"href":"https:\/\/sportdream-aussies.de\/index.php?rest_route=\/wp\/v2\/pages\/4229\/revisions"}],"predecessor-version":[{"id":4290,"href":"https:\/\/sportdream-aussies.de\/index.php?rest_route=\/wp\/v2\/pages\/4229\/revisions\/4290"}],"up":[{"embeddable":true,"href":"https:\/\/sportdream-aussies.de\/index.php?rest_route=\/wp\/v2\/pages\/1039"}],"wp:featuredmedia":[{"embeddable":true,"href":"https:\/\/sportdream-aussies.de\/index.php?rest_route=\/wp\/v2\/media\/4398"}],"wp:attachment":[{"href":"https:\/\/sportdream-aussies.de\/index.php?rest_route=%2Fwp%2Fv2%2Fmedia&parent=4229"}],"curies":[{"name":"wp","href":"https:\/\/api.w.org\/{rel}","templated":true}]}}