{"id":3871,"date":"2019-06-01T18:49:31","date_gmt":"2019-06-01T18:49:31","guid":{"rendered":"http:\/\/sportdream-aussies.de\/?page_id=3871"},"modified":"2026-02-18T12:52:12","modified_gmt":"2026-02-18T12:52:12","slug":"wurfplanung","status":"publish","type":"page","link":"https:\/\/sportdream-aussies.de\/?page_id=3871","title":{"rendered":"Wurfplanung"},"content":{"rendered":"\r\n<p class=\"bodytext\"><a href=\"https:\/\/sportdream-aussies.de\/?page_id=193\" class=\"su-button su-button-style-3d\" style=\"color:#040404;background-color:#39ef2d;border-color:#2ec024;border-radius:6px\" target=\"_self\"><span style=\"color:#040404;padding:0px 18px;font-size:14px;line-height:28px;border-color:#75f46c;border-radius:6px;text-shadow:none\"> <img src='https:\/\/sportdream-aussies.de\/wp-content\/plugins\/wp-monalisa\/icons\/' alt='' width='29' height='24' class='wpml_ico' \/>  Zucht<\/span><\/a><a href=\"https:\/\/sportdream-aussies.de\/?page_id=204\" class=\"su-button su-button-style-3d\" style=\"color:#040404;background-color:#39ef2d;border-color:#2ec024;border-radius:6px\" target=\"_self\"><span style=\"color:#040404;padding:0px 18px;font-size:14px;line-height:28px;border-color:#75f46c;border-radius:6px;text-shadow:none\"> <img src='https:\/\/sportdream-aussies.de\/wp-content\/plugins\/wp-monalisa\/icons\/' alt='' width='29' height='24' class='wpml_ico' \/>  Allgemeine Infos<\/span><\/a><a href=\"https:\/\/sportdream-aussies.de\/?page_id=208\" class=\"su-button su-button-style-3d\" style=\"color:#040404;background-color:#39ef2d;border-color:#2ec024;border-radius:6px\" target=\"_self\"><span style=\"color:#040404;padding:0px 18px;font-size:14px;line-height:28px;border-color:#75f46c;border-radius:6px;text-shadow:none\"> <img src='https:\/\/sportdream-aussies.de\/wp-content\/plugins\/wp-monalisa\/icons\/' alt='' width='29' height='24' class='wpml_ico' \/>  Welpenanfrage<\/span><\/a>\r\n<p>So nun ist es soweit, wir zeigen Euch endlich, f\u00fcr welchen R\u00fcden wir uns entschieden haben. Alles nat\u00fcrlich erstmal vorbehaltlich der Zustimmung der Zuchtkommission des CASD. Schon lange hegt in uns der Wunsch eine direkte Nachzucht von den Gearharts Aussies in USA zu bekommen, vor ein paar Monaten haben wir uns dann getraut Judhi von der Gearharts Aussies anzuschreiben und nach Ihrem R\u00fcden Baxter Black zu fragen. Und sie hat ja gesagt&#8230; wir sind so happy diese Chance zu bekommen diesen aussergew\u00f6hnlichen R\u00fcden nutzen zu d\u00fcrfen. Baxter ist ein Urtyp der Aussies, sein Vater hat in den 90-er Jahren gelebt und ist eine richtig alte Vielseitigkeit Linie von den Mistrettas aus USA. Baxter ist ein moderater Typ der Rasse und einfach im Umgang mit Mensch und Hund.  <img src='https:\/\/sportdream-aussies.de\/wp-content\/plugins\/wp-monalisa\/icons\/' alt='' width='29' height='24' class='wpml_ico' \/> &nbsp;Nun wurde Baxter letzten Monat abgesamt und dieser wird dann in den n\u00e4chsten Wochen bei Dr. Blendinger eintreffen und dann warten wir geduldig auf die L\u00e4ufigkeit von Chili, die ca. Ende Januar \/ Anfang Februar erwartet wird. Wenn es klappt, k\u00f6nnen Welpen in allen Farben fallen, sowohl bi als auch tri&#8217;s die genetisch in allen von uns durchgef\u00fchrten Untersuchungen frei sind. Der COI betr\u00e4gt auf 10 Generation 4,56 % und der Ahnenverlust bei 40,31%(beides sehr niedrige Werte).<\/p>\r\n<p>Thank you very much Judhi for your Trust.&nbsp; <img src='https:\/\/sportdream-aussies.de\/wp-content\/plugins\/wp-monalisa\/icons\/' alt='' width='29' height='24' class='wpml_ico' \/> <\/p>\r\n<table class=\" aligncenter\" style=\"border-collapse: collapse; width: 59.001098%; height: 351px;\">\r\n<tbody>\r\n<tr style=\"height: 24px;\">\r\n<td style=\"width: 50%; height: 24px;\">Chili<\/td>\r\n<td style=\"width: 52.283539%; height: 24px;\">Baxter<\/td>\r\n<\/tr>\r\n<tr style=\"height: 24px;\">\r\n<td style=\"width: 50%; height: 24px;\">HD: A1<\/td>\r\n<td style=\"width: 52.283539%; height: 24px;\">HD: Ofa excellent<\/td>\r\n<\/tr>\r\n<tr style=\"height: 24px;\">\r\n<td style=\"width: 50%; height: 24px;\">ED: 0<\/td>\r\n<td style=\"width: 52.283539%; height: 24px;\">ED: clear<\/td>\r\n<\/tr>\r\n<tr style=\"height: 24px;\">\r\n<td style=\"width: 50%; height: 24px;\">L\u00dcW: 0<\/td>\r\n<td style=\"width: 52.283539%; height: 24px;\">nicht getestet<\/td>\r\n<\/tr>\r\n<tr style=\"height: 24px;\">\r\n<td style=\"width: 50%; height: 24px;\">MDR1: +\/+<\/td>\r\n<td style=\"width: 52.283539%; height: 24px;\">MDR1: +\/+<\/td>\r\n<\/tr>\r\n<tr style=\"height: 24px;\">\r\n<td style=\"width: 50%; height: 24px;\">CEA: frei<\/td>\r\n<td style=\"width: 52.283539%; height: 24px;\">CEA: clear<\/td>\r\n<\/tr>\r\n<tr style=\"height: 24px;\">\r\n<td style=\"width: 50%; height: 24px;\">PRA: frei<\/td>\r\n<td style=\"width: 52.283539%; height: 24px;\">PRA: clear<\/td>\r\n<\/tr>\r\n<tr style=\"height: 24px;\">\r\n<td style=\"width: 50%; height: 24px;\">HSF4: frei<\/td>\r\n<td style=\"width: 52.283539%; height: 24px;\">HSF4: clear<\/td>\r\n<\/tr>\r\n<tr style=\"height: 24px;\">\r\n<td style=\"width: 50%; height: 24px;\">CMR1: frei<\/td>\r\n<td style=\"width: 52.283539%; height: 24px;\">CMR1: clear<\/td>\r\n<\/tr>\r\n<tr style=\"height: 24px;\">\r\n<td style=\"width: 50%; height: 24px;\">MH: frei<\/td>\r\n<td style=\"width: 52.283539%; height: 24px;\">MH: clear<\/td>\r\n<\/tr>\r\n<tr style=\"height: 15px;\">\r\n<td style=\"width: 50%; height: 15px;\">NCL: frei<\/td>\r\n<td style=\"width: 52.283539%; height: 15px;\">NCL: clear<\/td>\r\n<\/tr>\r\n<tr style=\"height: 24px;\">\r\n<td style=\"width: 50%; height: 24px;\">DM: frei&nbsp; <img src='https:\/\/sportdream-aussies.de\/wp-content\/plugins\/wp-monalisa\/icons\/' alt='' width='29' height='24' class='wpml_ico' \/> <\/td>\r\n<td style=\"width: 52.283539%; height: 24px;\">DM: clear<\/td>\r\n<\/tr>\r\n<tr style=\"height: 24px;\">\r\n<td style=\"width: 50%; height: 24px;\">merle Test m\/M 266  <img src='https:\/\/sportdream-aussies.de\/wp-content\/plugins\/wp-monalisa\/icons\/' alt='' width='29' height='24' class='wpml_ico' \/> &nbsp; <img src='https:\/\/sportdream-aussies.de\/wp-content\/plugins\/wp-monalisa\/icons\/' alt='' width='29' height='24' class='wpml_ico' \/>   <img src='https:\/\/sportdream-aussies.de\/wp-content\/plugins\/wp-monalisa\/icons\/' alt='' width='29' height='24' class='wpml_ico' \/> &nbsp; <img src='https:\/\/sportdream-aussies.de\/wp-content\/plugins\/wp-monalisa\/icons\/' alt='' width='29' height='24' class='wpml_ico' \/>   <img src='https:\/\/sportdream-aussies.de\/wp-content\/plugins\/wp-monalisa\/icons\/' alt='' width='29' height='24' class='wpml_ico' \/> &nbsp; <img src='https:\/\/sportdream-aussies.de\/wp-content\/plugins\/wp-monalisa\/icons\/' alt='' width='29' height='24' class='wpml_ico' \/>   <img src='https:\/\/sportdream-aussies.de\/wp-content\/plugins\/wp-monalisa\/icons\/' alt='' width='29' height='24' class='wpml_ico' \/> &nbsp; <img src='https:\/\/sportdream-aussies.de\/wp-content\/plugins\/wp-monalisa\/icons\/' alt='' width='29' height='24' class='wpml_ico' \/>   <img src='https:\/\/sportdream-aussies.de\/wp-content\/plugins\/wp-monalisa\/icons\/' alt='' width='29' height='24' class='wpml_ico' \/> &nbsp; <img src='https:\/\/sportdream-aussies.de\/wp-content\/plugins\/wp-monalisa\/icons\/' alt='' width='29' height='24' class='wpml_ico' \/>   <img src='https:\/\/sportdream-aussies.de\/wp-content\/plugins\/wp-monalisa\/icons\/' alt='' width='29' height='24' class='wpml_ico' \/> &nbsp; <img src='https:\/\/sportdream-aussies.de\/wp-content\/plugins\/wp-monalisa\/icons\/' alt='' width='29' height='24' class='wpml_ico' \/>   <img src='https:\/\/sportdream-aussies.de\/wp-content\/plugins\/wp-monalisa\/icons\/' alt='' width='29' height='24' class='wpml_ico' \/> &nbsp; <img src='https:\/\/sportdream-aussies.de\/wp-content\/plugins\/wp-monalisa\/icons\/' alt='' width='29' height='24' class='wpml_ico' \/>   <img src='https:\/\/sportdream-aussies.de\/wp-content\/plugins\/wp-monalisa\/icons\/' alt='' width='29' height='24' class='wpml_ico' \/> &nbsp; <img src='https:\/\/sportdream-aussies.de\/wp-content\/plugins\/wp-monalisa\/icons\/' alt='' width='29' height='24' class='wpml_ico' \/>   <img src='https:\/\/sportdream-aussies.de\/wp-content\/plugins\/wp-monalisa\/icons\/' alt='' width='29' height='24' class='wpml_ico' \/> &nbsp; <img src='https:\/\/sportdream-aussies.de\/wp-content\/plugins\/wp-monalisa\/icons\/' alt='' width='29' height='24' class='wpml_ico' \/>   <img src='https:\/\/sportdream-aussies.de\/wp-content\/plugins\/wp-monalisa\/icons\/' alt='' width='29' height='24' class='wpml_ico' \/> &nbsp; <img src='https:\/\/sportdream-aussies.de\/wp-content\/plugins\/wp-monalisa\/icons\/' alt='' width='29' height='24' class='wpml_ico' \/>   <img src='https:\/\/sportdream-aussies.de\/wp-content\/plugins\/wp-monalisa\/icons\/' alt='' width='29' height='24' class='wpml_ico' \/> &nbsp; <img src='https:\/\/sportdream-aussies.de\/wp-content\/plugins\/wp-monalisa\/icons\/' alt='' width='29' height='24' class='wpml_ico' \/>   <img src='https:\/\/sportdream-aussies.de\/wp-content\/plugins\/wp-monalisa\/icons\/' alt='' width='29' height='24' class='wpml_ico' \/> &nbsp; <img src='https:\/\/sportdream-aussies.de\/wp-content\/plugins\/wp-monalisa\/icons\/' alt='' width='29' height='24' class='wpml_ico' \/>   <img src='https:\/\/sportdream-aussies.de\/wp-content\/plugins\/wp-monalisa\/icons\/' alt='' width='29' height='24' class='wpml_ico' \/> &nbsp; <img src='https:\/\/sportdream-aussies.de\/wp-content\/plugins\/wp-monalisa\/icons\/' alt='' width='29' height='24' class='wpml_ico' \/> <\/td>\r\n<td style=\"width: 52.283539%; height: 24px;\">merle Test: m\/m<\/td>\r\n<\/tr>\r\n<tr style=\"height: 24px;\">\r\n<td style=\"width: 50%; height: 24px;\">Augenuntersuchung:&nbsp; <img src='https:\/\/sportdream-aussies.de\/wp-content\/plugins\/wp-monalisa\/icons\/' alt='' width='29' height='24' class='wpml_ico' \/> <\/td>\r\n<td style=\"width: 52.283539%; height: 24px;\">Augenuntersuchung&nbsp; <img src='https:\/\/sportdream-aussies.de\/wp-content\/plugins\/wp-monalisa\/icons\/' alt='' width='29' height='24' class='wpml_ico' \/> <\/td>\r\n<\/tr>\r\n<tr style=\"height: 24px;\">\r\n<td style=\"width: 50%; height: 24px;\">05\/2025<\/td>\r\n<td style=\"width: 52.283539%; height: 24px;\">09\/2024<\/td>\r\n<\/tr>\r\n<\/tbody>\r\n<\/table>\r\n<p> <img src='https:\/\/sportdream-aussies.de\/wp-content\/plugins\/wp-monalisa\/icons\/' alt='' width='29' height='24' class='wpml_ico' \/> &nbsp; <img src='https:\/\/sportdream-aussies.de\/wp-content\/plugins\/wp-monalisa\/icons\/' alt='' width='29' height='24' class='wpml_ico' \/> <\/p>\r\n<p><img loading=\"lazy\" decoding=\"async\" class=\"size-large wp-image-5521 aligncenter\" src=\"https:\/\/sportdream-aussies.de\/wp-content\/uploads\/2025\/09\/IMG_1022-1280x914.jpeg\" alt=\"\" width=\"640\" height=\"457\" srcset=\"https:\/\/sportdream-aussies.de\/wp-content\/uploads\/2025\/09\/IMG_1022-1280x914.jpeg 1280w, https:\/\/sportdream-aussies.de\/wp-content\/uploads\/2025\/09\/IMG_1022-300x214.jpeg 300w, https:\/\/sportdream-aussies.de\/wp-content\/uploads\/2025\/09\/IMG_1022-768x549.jpeg 768w, https:\/\/sportdream-aussies.de\/wp-content\/uploads\/2025\/09\/IMG_1022-1536x1097.jpeg 1536w, https:\/\/sportdream-aussies.de\/wp-content\/uploads\/2025\/09\/IMG_1022-2048x1463.jpeg 2048w\" sizes=\"auto, (max-width: 640px) 100vw, 640px\" \/><\/p>\r\n<p><img loading=\"lazy\" decoding=\"async\" class=\"size-full wp-image-5522 aligncenter\" src=\"https:\/\/sportdream-aussies.de\/wp-content\/uploads\/2025\/09\/153-horse-Baxter.jpeg\" alt=\"\" width=\"593\" height=\"1000\" srcset=\"https:\/\/sportdream-aussies.de\/wp-content\/uploads\/2025\/09\/153-horse-Baxter.jpeg 593w, https:\/\/sportdream-aussies.de\/wp-content\/uploads\/2025\/09\/153-horse-Baxter-178x300.jpeg 178w\" sizes=\"auto, (max-width: 593px) 100vw, 593px\" \/> <img loading=\"lazy\" decoding=\"async\" class=\"size-large wp-image-5523 aligncenter\" src=\"https:\/\/sportdream-aussies.de\/wp-content\/uploads\/2025\/09\/166-headshot-Baxter-002.jpeg\" alt=\"\" width=\"446\" height=\"571\" srcset=\"https:\/\/sportdream-aussies.de\/wp-content\/uploads\/2025\/09\/166-headshot-Baxter-002.jpeg 446w, https:\/\/sportdream-aussies.de\/wp-content\/uploads\/2025\/09\/166-headshot-Baxter-002-234x300.jpeg 234w\" sizes=\"auto, (max-width: 446px) 100vw, 446px\" \/> <img loading=\"lazy\" decoding=\"async\" class=\"size-large wp-image-5524 aligncenter\" src=\"https:\/\/sportdream-aussies.de\/wp-content\/uploads\/2025\/09\/071-Standing-edited-1126x1024.jpeg\" alt=\"\" width=\"640\" height=\"582\" srcset=\"https:\/\/sportdream-aussies.de\/wp-content\/uploads\/2025\/09\/071-Standing-edited-1126x1024.jpeg 1126w, https:\/\/sportdream-aussies.de\/wp-content\/uploads\/2025\/09\/071-Standing-edited-300x273.jpeg 300w, https:\/\/sportdream-aussies.de\/wp-content\/uploads\/2025\/09\/071-Standing-edited-768x698.jpeg 768w, https:\/\/sportdream-aussies.de\/wp-content\/uploads\/2025\/09\/071-Standing-edited.jpeg 1147w\" sizes=\"auto, (max-width: 640px) 100vw, 640px\" \/> <img loading=\"lazy\" decoding=\"async\" class=\"size-large wp-image-5525 aligncenter\" src=\"https:\/\/sportdream-aussies.de\/wp-content\/uploads\/2025\/09\/027-Sitting-Baxter.jpeg\" alt=\"\" width=\"640\" height=\"741\" srcset=\"https:\/\/sportdream-aussies.de\/wp-content\/uploads\/2025\/09\/027-Sitting-Baxter.jpeg 864w, https:\/\/sportdream-aussies.de\/wp-content\/uploads\/2025\/09\/027-Sitting-Baxter-259x300.jpeg 259w, https:\/\/sportdream-aussies.de\/wp-content\/uploads\/2025\/09\/027-Sitting-Baxter-768x889.jpeg 768w\" sizes=\"auto, (max-width: 640px) 100vw, 640px\" \/> <img loading=\"lazy\" decoding=\"async\" class=\"size-large wp-image-5526 aligncenter\" src=\"https:\/\/sportdream-aussies.de\/wp-content\/uploads\/2025\/09\/Gearharts-Baxter-Black-pedigree-773x1024.jpeg\" alt=\"\" width=\"640\" height=\"848\" srcset=\"https:\/\/sportdream-aussies.de\/wp-content\/uploads\/2025\/09\/Gearharts-Baxter-Black-pedigree-773x1024.jpeg 773w, https:\/\/sportdream-aussies.de\/wp-content\/uploads\/2025\/09\/Gearharts-Baxter-Black-pedigree-226x300.jpeg 226w, https:\/\/sportdream-aussies.de\/wp-content\/uploads\/2025\/09\/Gearharts-Baxter-Black-pedigree-768x1018.jpeg 768w, https:\/\/sportdream-aussies.de\/wp-content\/uploads\/2025\/09\/Gearharts-Baxter-Black-pedigree-1159x1536.jpeg 1159w, https:\/\/sportdream-aussies.de\/wp-content\/uploads\/2025\/09\/Gearharts-Baxter-Black-pedigree-1545x2048.jpeg 1545w, https:\/\/sportdream-aussies.de\/wp-content\/uploads\/2025\/09\/Gearharts-Baxter-Black-pedigree-scaled.jpeg 1932w\" sizes=\"auto, (max-width: 640px) 100vw, 640px\" \/> <img loading=\"lazy\" decoding=\"async\" class=\"size-large wp-image-5527 aligncenter\" src=\"https:\/\/sportdream-aussies.de\/wp-content\/uploads\/2025\/09\/Baxter-Black1485Toy-2-1097x1024.jpeg\" alt=\"\" width=\"640\" height=\"597\" srcset=\"https:\/\/sportdream-aussies.de\/wp-content\/uploads\/2025\/09\/Baxter-Black1485Toy-2-1097x1024.jpeg 1097w, https:\/\/sportdream-aussies.de\/wp-content\/uploads\/2025\/09\/Baxter-Black1485Toy-2-300x280.jpeg 300w, https:\/\/sportdream-aussies.de\/wp-content\/uploads\/2025\/09\/Baxter-Black1485Toy-2-768x717.jpeg 768w, https:\/\/sportdream-aussies.de\/wp-content\/uploads\/2025\/09\/Baxter-Black1485Toy-2-1536x1433.jpeg 1536w, https:\/\/sportdream-aussies.de\/wp-content\/uploads\/2025\/09\/Baxter-Black1485Toy-2.jpeg 1691w\" sizes=\"auto, (max-width: 640px) 100vw, 640px\" \/><\/p>\r\n<p> <img src='https:\/\/sportdream-aussies.de\/wp-content\/plugins\/wp-monalisa\/icons\/' alt='' width='29' height='24' class='wpml_ico' \/> &nbsp; <img src='https:\/\/sportdream-aussies.de\/wp-content\/plugins\/wp-monalisa\/icons\/' alt='' width='29' height='24' class='wpml_ico' \/> <\/p>\r\n\r\n\r\n\r\n\r\n\r\n<p>Wer g<span style=\"font-size: inherit;\">erne einen Welpen von uns haben m\u00f6chte geht bitte \u00fcber unsere  <img src='https:\/\/sportdream-aussies.de\/wp-content\/plugins\/wp-monalisa\/icons\/' alt='' width='29' height='24' class='wpml_ico' \/> <\/span><a style=\"font-size: inherit;\" href=\"http:\/\/sportdream-aussies-service.de\/?page_id=208\">Welpenanfrage  <img src='https:\/\/sportdream-aussies.de\/wp-content\/plugins\/wp-monalisa\/icons\/' alt='' width='29' height='24' class='wpml_ico' \/> <\/a><span style=\"font-size: inherit;\">und wir werden uns so schnell es geht mit Ihnen in Verbindung setzen.<\/span><\/p>\r\n\r\n\r\n\r\n<p> <img src='https:\/\/sportdream-aussies.de\/wp-content\/plugins\/wp-monalisa\/icons\/' alt='' width='29' height='24' class='wpml_ico' \/> &nbsp; <img src='https:\/\/sportdream-aussies.de\/wp-content\/plugins\/wp-monalisa\/icons\/' alt='' width='29' height='24' class='wpml_ico' \/> <\/p>\r\n","protected":false},"excerpt":{"rendered":"<p>So nun ist es soweit, wir zeigen Euch endlich, f\u00fcr welchen R\u00fcden wir uns entschieden haben. Alles nat\u00fcrlich erstmal vorbehaltlich der Zustimmung der Zuchtkommission des CASD. Schon lange hegt in uns der Wunsch eine direkte Nachzucht von den Gearharts Aussies in USA zu bekommen, vor ein paar Monaten haben wir uns dann getraut Judhi von [&hellip;]<\/p>\n","protected":false},"author":1,"featured_media":3139,"parent":193,"menu_order":2,"comment_status":"closed","ping_status":"closed","template":"","meta":{"ngg_post_thumbnail":0,"footnotes":""},"class_list":["post-3871","page","type-page","status-publish","has-post-thumbnail","hentry"],"aioseo_notices":[],"jetpack_sharing_enabled":true,"_links":{"self":[{"href":"https:\/\/sportdream-aussies.de\/index.php?rest_route=\/wp\/v2\/pages\/3871","targetHints":{"allow":["GET"]}}],"collection":[{"href":"https:\/\/sportdream-aussies.de\/index.php?rest_route=\/wp\/v2\/pages"}],"about":[{"href":"https:\/\/sportdream-aussies.de\/index.php?rest_route=\/wp\/v2\/types\/page"}],"author":[{"embeddable":true,"href":"https:\/\/sportdream-aussies.de\/index.php?rest_route=\/wp\/v2\/users\/1"}],"replies":[{"embeddable":true,"href":"https:\/\/sportdream-aussies.de\/index.php?rest_route=%2Fwp%2Fv2%2Fcomments&post=3871"}],"version-history":[{"count":84,"href":"https:\/\/sportdream-aussies.de\/index.php?rest_route=\/wp\/v2\/pages\/3871\/revisions"}],"predecessor-version":[{"id":5594,"href":"https:\/\/sportdream-aussies.de\/index.php?rest_route=\/wp\/v2\/pages\/3871\/revisions\/5594"}],"up":[{"embeddable":true,"href":"https:\/\/sportdream-aussies.de\/index.php?rest_route=\/wp\/v2\/pages\/193"}],"wp:featuredmedia":[{"embeddable":true,"href":"https:\/\/sportdream-aussies.de\/index.php?rest_route=\/wp\/v2\/media\/3139"}],"wp:attachment":[{"href":"https:\/\/sportdream-aussies.de\/index.php?rest_route=%2Fwp%2Fv2%2Fmedia&parent=3871"}],"curies":[{"name":"wp","href":"https:\/\/api.w.org\/{rel}","templated":true}]}}