{"id":3642,"date":"2018-10-03T19:30:19","date_gmt":"2018-10-03T19:30:19","guid":{"rendered":"http:\/\/sportdream-aussies.de\/?page_id=3642"},"modified":"2022-03-22T19:48:12","modified_gmt":"2022-03-22T19:48:12","slug":"j-wurf-sportdreams","status":"publish","type":"page","link":"https:\/\/sportdream-aussies.de\/?page_id=3642","title":{"rendered":"J-Wurf Sportdream\u2018s"},"content":{"rendered":"<a href=\"https:\/\/sportdream-aussies.de\/?page_id=196\" class=\"su-button su-button-style-3d\" style=\"color:#040404;background-color:#39ef2d;border-color:#2ec024;border-radius:6px\" target=\"_self\"><span style=\"color:#040404;padding:0px 18px;font-size:14px;line-height:28px;border-color:#75f46c;border-radius:6px;text-shadow:none\"> <img src='https:\/\/sportdream-aussies.de\/wp-content\/plugins\/wp-monalisa\/icons\/' alt='' width='29' height='24' class='wpml_ico' \/>  Nachzucht<\/span><\/a>\n<p style=\"text-align: left;\">Am 1. Oktober hat uns Katniss 6 wundersch\u00f6ne Welpen geschenkt,in der Rekordzeit von 3 Stunden waren alle 6 geboren und das so souver\u00e4n als w\u00e4re sie schon mehrfache Mutter. Wir haben 3 R\u00fcden und 3 H\u00fcndinnen. So instinktsicher wie sie die Welpen gezeugt, geboren und nun versorgt, haben wir noch nie gesehen. Alle Welpen sind bereits versprochen.<br \/> <img src='https:\/\/sportdream-aussies.de\/wp-content\/plugins\/wp-monalisa\/icons\/' alt='' width='29' height='24' class='wpml_ico' \/> \nSportdream\u2018s Jump to Orakel Oslo<br \/> <img src='https:\/\/sportdream-aussies.de\/wp-content\/plugins\/wp-monalisa\/icons\/' alt='' width='29' height='24' class='wpml_ico' \/> \nOslo, blue merle w\/c R\u00fcde HD A1, ED frei, L\u00dcW frei, HSF4, CEA, PRA, MH, NCL, CMR1 clear, DM Tr\u00e4ger, MDR1 +\/-\u00a0 <img src='https:\/\/sportdream-aussies.de\/wp-content\/plugins\/wp-monalisa\/icons\/' alt='' width='29' height='24' class='wpml_ico' \/> <a href=\"http:\/\/www.labradore-vom-suedlichen-orakel.de\/der-australian-shepherd\/australian-shepherd-oslo\/\" target=\"_blank\" rel=\"noopener noreferrer\">http:\/\/www.labradore-vom-suedlichen-orakel.de\/der-australian-shepherd\/australian-shepherd-oslo\/<\/a><br \/> <img src='https:\/\/sportdream-aussies.de\/wp-content\/plugins\/wp-monalisa\/icons\/' alt='' width='29' height='24' class='wpml_ico' \/> \nngg_shortcode_0_placeholder\nSportdream\u2018s Jump to the Moon Rana<br \/> <img src='https:\/\/sportdream-aussies.de\/wp-content\/plugins\/wp-monalisa\/icons\/' alt='' width='29' height='24' class='wpml_ico' \/> \nRana, black tri H\u00fcndin, HD A1, ED frei, L\u00dcW frei, HSF4, CEA, PRA, CMRI clear by Parents, MDR1  <img src='https:\/\/sportdream-aussies.de\/wp-content\/plugins\/wp-monalisa\/icons\/' alt='' width='29' height='24' class='wpml_ico' \/> \u00a0+\/- oder +\/+\u00a0 <img src='https:\/\/sportdream-aussies.de\/wp-content\/plugins\/wp-monalisa\/icons\/' alt='' width='29' height='24' class='wpml_ico' \/> <a href=\"https:\/\/www.buddies-of-heart.de\/rana\/\">https:\/\/www.buddies-of-heart.de\/rana\/<\/a><br \/> <img src='https:\/\/sportdream-aussies.de\/wp-content\/plugins\/wp-monalisa\/icons\/' alt='' width='29' height='24' class='wpml_ico' \/> \nngg_shortcode_1_placeholder\nSportdream\u2018s Jump to Sunset Rubi<br \/> <img src='https:\/\/sportdream-aussies.de\/wp-content\/plugins\/wp-monalisa\/icons\/' alt='' width='29' height='24' class='wpml_ico' \/> \nRubi , black tri H\u00fcndin, HD A1, ED frei, HSF4, CEA, PRA, CMRI, und DM frei, MDR1 +\/-\u00a0 <img src='https:\/\/sportdream-aussies.de\/wp-content\/plugins\/wp-monalisa\/icons\/' alt='' width='29' height='24' class='wpml_ico' \/> <a href=\"https:\/\/www.sunset-aussies.at\/\" target=\"_blank\" rel=\"noopener noreferrer\">https:\/\/www.sunset-aussies.at\/<\/a><br \/> <img src='https:\/\/sportdream-aussies.de\/wp-content\/plugins\/wp-monalisa\/icons\/' alt='' width='29' height='24' class='wpml_ico' \/> \nngg_shortcode_2_placeholder\nSportdream\u2018s Jump in a colourful life Oslo<br \/> <img src='https:\/\/sportdream-aussies.de\/wp-content\/plugins\/wp-monalisa\/icons\/' alt='' width='29' height='24' class='wpml_ico' \/> \nOslo, red merle w\/c R\u00fcde, HSF4, CEA, PRA, CMRI clear by Parents, MDR1 +\/+ oder +\/-<br \/> <img src='https:\/\/sportdream-aussies.de\/wp-content\/plugins\/wp-monalisa\/icons\/' alt='' width='29' height='24' class='wpml_ico' \/> \nngg_shortcode_3_placeholder\nSportdream\u2018s Jump to a colourful picture Rio<br \/> <img src='https:\/\/sportdream-aussies.de\/wp-content\/plugins\/wp-monalisa\/icons\/' alt='' width='29' height='24' class='wpml_ico' \/> \nRio, blue merle w\/c H\u00fcndin, HD A1, ED frei, L\u00dcW frei, HSF4, CEA, PRA, CMRI clear by Parents, MDR1 +\/+ oder +\/- CoOwned Sportdream&#8217;s<br \/> <img src='https:\/\/sportdream-aussies.de\/wp-content\/plugins\/wp-monalisa\/icons\/' alt='' width='29' height='24' class='wpml_ico' \/> \nngg_shortcode_4_placeholder\nSportdream\u2018s Jump to work Professor Jim<br \/> <img src='https:\/\/sportdream-aussies.de\/wp-content\/plugins\/wp-monalisa\/icons\/' alt='' width='29' height='24' class='wpml_ico' \/> \nJim, red tri R\u00fcde, HSF4, CEA, PRA, CMRI clear by Parents, MDR1 +\/+ oder +\/-<br \/> <img src='https:\/\/sportdream-aussies.de\/wp-content\/plugins\/wp-monalisa\/icons\/' alt='' width='29' height='24' class='wpml_ico' \/> \nngg_shortcode_5_placeholder\n <img src='https:\/\/sportdream-aussies.de\/wp-content\/plugins\/wp-monalisa\/icons\/' alt='' width='29' height='24' class='wpml_ico' \/> ","protected":false},"excerpt":{"rendered":"<p>Am 1. Oktober hat uns Katniss 6 wundersch\u00f6ne Welpen geschenkt,in der Rekordzeit von 3 Stunden waren alle 6 geboren und das so souver\u00e4n als w\u00e4re sie schon mehrfache Mutter. Wir haben 3 R\u00fcden und 3 H\u00fcndinnen. So instinktsicher wie sie die Welpen gezeugt, geboren und nun versorgt, haben wir noch nie gesehen. Alle Welpen sind [&hellip;]<\/p>\n","protected":false},"author":1,"featured_media":860,"parent":196,"menu_order":10,"comment_status":"closed","ping_status":"closed","template":"","meta":{"ngg_post_thumbnail":0,"footnotes":""},"class_list":["post-3642","page","type-page","status-publish","has-post-thumbnail","hentry"],"aioseo_notices":[],"jetpack_sharing_enabled":true,"_links":{"self":[{"href":"https:\/\/sportdream-aussies.de\/index.php?rest_route=\/wp\/v2\/pages\/3642","targetHints":{"allow":["GET"]}}],"collection":[{"href":"https:\/\/sportdream-aussies.de\/index.php?rest_route=\/wp\/v2\/pages"}],"about":[{"href":"https:\/\/sportdream-aussies.de\/index.php?rest_route=\/wp\/v2\/types\/page"}],"author":[{"embeddable":true,"href":"https:\/\/sportdream-aussies.de\/index.php?rest_route=\/wp\/v2\/users\/1"}],"replies":[{"embeddable":true,"href":"https:\/\/sportdream-aussies.de\/index.php?rest_route=%2Fwp%2Fv2%2Fcomments&post=3642"}],"version-history":[{"count":23,"href":"https:\/\/sportdream-aussies.de\/index.php?rest_route=\/wp\/v2\/pages\/3642\/revisions"}],"predecessor-version":[{"id":4161,"href":"https:\/\/sportdream-aussies.de\/index.php?rest_route=\/wp\/v2\/pages\/3642\/revisions\/4161"}],"up":[{"embeddable":true,"href":"https:\/\/sportdream-aussies.de\/index.php?rest_route=\/wp\/v2\/pages\/196"}],"wp:featuredmedia":[{"embeddable":true,"href":"https:\/\/sportdream-aussies.de\/index.php?rest_route=\/wp\/v2\/media\/860"}],"wp:attachment":[{"href":"https:\/\/sportdream-aussies.de\/index.php?rest_route=%2Fwp%2Fv2%2Fmedia&parent=3642"}],"curies":[{"name":"wp","href":"https:\/\/api.w.org\/{rel}","templated":true}]}}