{"id":3400,"date":"2018-05-22T18:39:10","date_gmt":"2018-05-22T18:39:10","guid":{"rendered":"http:\/\/sportdream-aussies.de\/?page_id=3400"},"modified":"2022-03-22T19:45:54","modified_gmt":"2022-03-22T19:45:54","slug":"i-wurf-sportdreams","status":"publish","type":"page","link":"https:\/\/sportdream-aussies.de\/?page_id=3400","title":{"rendered":"I-Wurf Sportdream&#8217;s"},"content":{"rendered":"<a href=\"https:\/\/sportdream-aussies.de\/?page_id=196\" class=\"su-button su-button-style-3d\" style=\"color:#040404;background-color:#39ef2d;border-color:#2ec024;border-radius:6px\" target=\"_self\"><span style=\"color:#040404;padding:0px 18px;font-size:14px;line-height:28px;border-color:#75f46c;border-radius:6px;text-shadow:none\"> <img src='https:\/\/sportdream-aussies.de\/wp-content\/plugins\/wp-monalisa\/icons\/' alt='' width='29' height='24' class='wpml_ico' \/>  Nachzucht<\/span><\/a>\n<p>I Wurf aus Magic und Yuma<\/p>\n<p>Sportdream&#8217;s Dragon Magic Beauty &#8222;Magic&#8220; und Indian Outlaws Jumping Jack &#8222;Yuma&#8220;<\/p>\n<p>Am 06.04.2018 hat Magic 12 Welpen zur Welt gebracht, 5 H\u00fcndinnen und 7 R\u00fcden, leider hat es ein R\u00fcde nicht geschafft.<\/p>\n<p>Wir hatten am Pfingstwochenende ganz lieben Besuch aus Holland. Cobi die Besitzerin von Yuma ist mit Yuma&#8217;s Z\u00fcchterin gekommen um die Welpen anzuschauen. Mitgebracht haben sie Brenda und Rick, die beide wundersch\u00f6ne Fotos von den Kleinen und Gro\u00dfen gemacht haben. Wer gerne Kontakt zu den beiden Photografen haben m\u00f6chte, zwecks Fotoshooting, kann sich gerne an uns wenden.<\/p>\n<p>Sportdream\u2018s Incredible Jordan BH<\/p>\n<p>black bi R\u00fcde<\/p>\n<p>MDR1 +\/+ , HSF4 clear, PRA clear, CEA clear, NCL clear, MH clear, DM clear, CMR1 clear, HD A1, ED frei, L\u00dcW 0, Augen frei 10\/2020 Jordan hat am 13.9.19 die Begleithundepr\u00fcfung bestanden<\/p> <img src='https:\/\/sportdream-aussies.de\/wp-content\/plugins\/wp-monalisa\/icons\/' alt='' width='29' height='24' class='wpml_ico' \/> \nngg_shortcode_0_placeholder\n <img src='https:\/\/sportdream-aussies.de\/wp-content\/plugins\/wp-monalisa\/icons\/' alt='' width='29' height='24' class='wpml_ico' \/> <p>Sportdream\u2018s Incredible Kemo<\/p>\n<p>blue merle bi R\u00fcde<\/p>\n<p>MDR1 +\/+ by Parents, HSF4 clear by Parents<\/p> <img src='https:\/\/sportdream-aussies.de\/wp-content\/plugins\/wp-monalisa\/icons\/' alt='' width='29' height='24' class='wpml_ico' \/> \nngg_shortcode_1_placeholder\n <img src='https:\/\/sportdream-aussies.de\/wp-content\/plugins\/wp-monalisa\/icons\/' alt='' width='29' height='24' class='wpml_ico' \/> <p>Sportdream\u2018s Incredible Mayla<\/p>\n<p>red tri H\u00fcndin<\/p>\n<p>MDR1 +\/+ by Parents, HSF4 clear by Parents<\/p> <img src='https:\/\/sportdream-aussies.de\/wp-content\/plugins\/wp-monalisa\/icons\/' alt='' width='29' height='24' class='wpml_ico' \/> \nngg_shortcode_2_placeholder\n <img src='https:\/\/sportdream-aussies.de\/wp-content\/plugins\/wp-monalisa\/icons\/' alt='' width='29' height='24' class='wpml_ico' \/> <p>Sportdream\u2018s Incredible Juna<\/p>\n<p>blue merle w\/c H\u00fcndin<\/p>\n<p>MDR1 +\/+ by Parents, HSF4 clear by Parents<\/p> <img src='https:\/\/sportdream-aussies.de\/wp-content\/plugins\/wp-monalisa\/icons\/' alt='' width='29' height='24' class='wpml_ico' \/> \nngg_shortcode_3_placeholder\n <img src='https:\/\/sportdream-aussies.de\/wp-content\/plugins\/wp-monalisa\/icons\/' alt='' width='29' height='24' class='wpml_ico' \/> <p>Sportdream\u2018s Incredible Dante, er soll was besonderes werden, er soll Ronja (Name ge\u00e4ndert) wieder zur\u00fcck ins &#8222;normale&#8220; Leben holen, er wird alles geben dass Ronja wieder den Alltag alleine bew\u00e4ltigen kann, Ronja hat aus diesem Grund f\u00fcr Dante dem angehenden Assistenzhund eine Spendenseite ins Leben gerufen, damit er die M\u00f6glichkeit bekommt eine entsprechende Ausbildung seiner zuk\u00fcnftigen T\u00e4tigkeit, zu erhalten. Wir w\u00fcrden uns wahnsinnig freuen, wenn der ein oder andere auch ein wenig Ronja und Dante unterst\u00fctzen k\u00f6nnte, aber lest auf Ihrer Seite selbst nach:  <img src='https:\/\/sportdream-aussies.de\/wp-content\/plugins\/wp-monalisa\/icons\/' alt='' width='29' height='24' class='wpml_ico' \/> <a href=\"https:\/\/www.leetchi.com\/c\/zurueck-ins-leben-mit-ptbs-assistenzhund-dante\" target=\"_blank\" rel=\"noopener noreferrer\">https:\/\/www.leetchi.com\/c\/zurueck-ins-leben-mit-ptbs-assistenzhund-dante<\/a><\/p>\n<p>black tri R\u00fcde<\/p>\n<p>MDR1 +\/+ by Parents, HSF4 clear by Parents, HD B1, ED frei, L\u00dcW Typ 2<\/p> <img src='https:\/\/sportdream-aussies.de\/wp-content\/plugins\/wp-monalisa\/icons\/' alt='' width='29' height='24' class='wpml_ico' \/> \nngg_shortcode_4_placeholder\n <img src='https:\/\/sportdream-aussies.de\/wp-content\/plugins\/wp-monalisa\/icons\/' alt='' width='29' height='24' class='wpml_ico' \/> <p>Sportdream\u2018s Incredible white Yuki<\/p>\n<p>blue bi H\u00fcndin, HD: A1, ED frei, OCD frei, L\u00dcW frei<\/p>\n<p>MDR1 +\/+ by Parents, HSF4 clear by Parents<\/p>\n<p>Yuki musste am 4.12.2019 eingeschl\u00e4fert werden aufgrund einer Verkettung von sehr vielen Missverst\u00e4ndnissen und falschen Behandlungen einiger Tier\u00e4rzte und Kliniken. Sie hatte eine Osteomyeliose, welche rechtzeitig erkannt mit einem Antibiotika zu behandeln gewesen w\u00e4re. Leider geht eine nicht behandelte Osteomyeliose auf die Organe und greift diese an, welches im Fall von Yuki zu einem Nierenversagen gef\u00fchrt hat. Eine Osteomyeliose ist eine Art von Knochenpilz, welche uns nach dem Tod von Yuki durch eine Biopsie des Knochens best\u00e4tigt wurde. Mit einem leichten humpeln begann der Leidensweg von Yuki.<\/p> <img src='https:\/\/sportdream-aussies.de\/wp-content\/plugins\/wp-monalisa\/icons\/' alt='' width='29' height='24' class='wpml_ico' \/> \nngg_shortcode_5_placeholder\n <img src='https:\/\/sportdream-aussies.de\/wp-content\/plugins\/wp-monalisa\/icons\/' alt='' width='29' height='24' class='wpml_ico' \/> <p>Sportdream\u2018s Incredible Idgie<\/p>\n<p>blue merle w\/c H\u00fcndin, HD: A1, ED frei, L\u00dcW frei<\/p>\n<p>MDR1 +\/+, HSF4 clear, CEA clear, PRA clear, DM clear, MH clear, NCL clear<\/p> <img src='https:\/\/sportdream-aussies.de\/wp-content\/plugins\/wp-monalisa\/icons\/' alt='' width='29' height='24' class='wpml_ico' \/> \nngg_shortcode_6_placeholder\n <img src='https:\/\/sportdream-aussies.de\/wp-content\/plugins\/wp-monalisa\/icons\/' alt='' width='29' height='24' class='wpml_ico' \/> <p>Sportdream\u2018s Incredible Billy the Kid<\/p>\n<p>black tri R\u00fcde, HD: A1, ED frei, L\u00dcW frei<\/p>\n<p>MDR1 +\/+ by Parents, HSF4 clear by Parents,<\/p> <img src='https:\/\/sportdream-aussies.de\/wp-content\/plugins\/wp-monalisa\/icons\/' alt='' width='29' height='24' class='wpml_ico' \/> \nngg_shortcode_7_placeholder\n <img src='https:\/\/sportdream-aussies.de\/wp-content\/plugins\/wp-monalisa\/icons\/' alt='' width='29' height='24' class='wpml_ico' \/> <p>Sportdream\u2018s Incredible Miles<\/p>\n<p>blue merle w\/c R\u00fcde<\/p>\n<p>MDR1 +\/+ , CEA clear, HSF4 clear, PRA clear, MH clear, NCL clear, DM clear<\/p> <img src='https:\/\/sportdream-aussies.de\/wp-content\/plugins\/wp-monalisa\/icons\/' alt='' width='29' height='24' class='wpml_ico' \/> \nngg_shortcode_8_placeholder\n <img src='https:\/\/sportdream-aussies.de\/wp-content\/plugins\/wp-monalisa\/icons\/' alt='' width='29' height='24' class='wpml_ico' \/> <p>Sportdream\u2018s Incredible Lucia<\/p>\n<p>black bi H\u00fcndin<\/p>\n<p>MDR1 +\/+ by Parents, HSF4 clear by Parents<\/p> <img src='https:\/\/sportdream-aussies.de\/wp-content\/plugins\/wp-monalisa\/icons\/' alt='' width='29' height='24' class='wpml_ico' \/> \nngg_shortcode_9_placeholder\n <img src='https:\/\/sportdream-aussies.de\/wp-content\/plugins\/wp-monalisa\/icons\/' alt='' width='29' height='24' class='wpml_ico' \/> <p>Sportdream\u2018s Incredible Charly<\/p>\n<p>black tri R\u00fcde<\/p>\n<p>MDR1 +\/+ by Parents, HSF4 clear by Parents<\/p> <img src='https:\/\/sportdream-aussies.de\/wp-content\/plugins\/wp-monalisa\/icons\/' alt='' width='29' height='24' class='wpml_ico' \/> \nngg_shortcode_10_placeholder\n <img src='https:\/\/sportdream-aussies.de\/wp-content\/plugins\/wp-monalisa\/icons\/' alt='' width='29' height='24' class='wpml_ico' \/> ","protected":false},"excerpt":{"rendered":"<p>I Wurf aus Magic und Yuma Sportdream&#8217;s Dragon Magic Beauty &#8222;Magic&#8220; und Indian Outlaws Jumping Jack &#8222;Yuma&#8220; Am 06.04.2018 hat Magic 12 Welpen zur Welt gebracht, 5 H\u00fcndinnen und 7 R\u00fcden, leider hat es ein R\u00fcde nicht geschafft. Wir hatten am Pfingstwochenende ganz lieben Besuch aus Holland. Cobi die Besitzerin von Yuma ist mit Yuma&#8217;s [&hellip;]<\/p>\n","protected":false},"author":1,"featured_media":3588,"parent":196,"menu_order":9,"comment_status":"closed","ping_status":"closed","template":"page-templates\/full-width-page.php","meta":{"ngg_post_thumbnail":0,"footnotes":""},"class_list":["post-3400","page","type-page","status-publish","has-post-thumbnail","hentry"],"aioseo_notices":[],"jetpack_sharing_enabled":true,"_links":{"self":[{"href":"https:\/\/sportdream-aussies.de\/index.php?rest_route=\/wp\/v2\/pages\/3400","targetHints":{"allow":["GET"]}}],"collection":[{"href":"https:\/\/sportdream-aussies.de\/index.php?rest_route=\/wp\/v2\/pages"}],"about":[{"href":"https:\/\/sportdream-aussies.de\/index.php?rest_route=\/wp\/v2\/types\/page"}],"author":[{"embeddable":true,"href":"https:\/\/sportdream-aussies.de\/index.php?rest_route=\/wp\/v2\/users\/1"}],"replies":[{"embeddable":true,"href":"https:\/\/sportdream-aussies.de\/index.php?rest_route=%2Fwp%2Fv2%2Fcomments&post=3400"}],"version-history":[{"count":52,"href":"https:\/\/sportdream-aussies.de\/index.php?rest_route=\/wp\/v2\/pages\/3400\/revisions"}],"predecessor-version":[{"id":4201,"href":"https:\/\/sportdream-aussies.de\/index.php?rest_route=\/wp\/v2\/pages\/3400\/revisions\/4201"}],"up":[{"embeddable":true,"href":"https:\/\/sportdream-aussies.de\/index.php?rest_route=\/wp\/v2\/pages\/196"}],"wp:featuredmedia":[{"embeddable":true,"href":"https:\/\/sportdream-aussies.de\/index.php?rest_route=\/wp\/v2\/media\/3588"}],"wp:attachment":[{"href":"https:\/\/sportdream-aussies.de\/index.php?rest_route=%2Fwp%2Fv2%2Fmedia&parent=3400"}],"curies":[{"name":"wp","href":"https:\/\/api.w.org\/{rel}","templated":true}]}}