{"id":235,"date":"2017-09-06T10:36:55","date_gmt":"2017-09-06T10:36:55","guid":{"rendered":"http:\/\/sportdream-aussies-service.de\/?page_id=235"},"modified":"2022-07-25T11:44:50","modified_gmt":"2022-07-25T11:44:50","slug":"katniss","status":"publish","type":"page","link":"https:\/\/sportdream-aussies.de\/?page_id=235","title":{"rendered":"Katniss"},"content":{"rendered":"<a href=\"https:\/\/sportdream-aussies.de\/?page_id=641\" class=\"su-button su-button-style-3d\" style=\"color:#040404;background-color:#39ef2d;border-color:#2ec024;border-radius:6px\" target=\"_self\"><span style=\"color:#040404;padding:0px 18px;font-size:14px;line-height:28px;border-color:#75f46c;border-radius:6px;text-shadow:none\"> <img src='https:\/\/sportdream-aussies.de\/wp-content\/plugins\/wp-monalisa\/icons\/' alt='' width='29' height='24' class='wpml_ico' \/>  Katniss Steckbrief<\/span><\/a><a href=\"https:\/\/sportdream-aussies.de\/?page_id=648\" class=\"su-button su-button-style-3d\" style=\"color:#040404;background-color:#39ef2d;border-color:#2ec024;border-radius:6px\" target=\"_self\"><span style=\"color:#040404;padding:0px 18px;font-size:14px;line-height:28px;border-color:#75f46c;border-radius:6px;text-shadow:none\"> <img src='https:\/\/sportdream-aussies.de\/wp-content\/plugins\/wp-monalisa\/icons\/' alt='' width='29' height='24' class='wpml_ico' \/>  Katniss Erfolge<\/span><\/a><a href=\"https:\/\/sportdream-aussies.de\/?page_id=651\" class=\"su-button su-button-style-3d\" style=\"color:#040404;background-color:#39ef2d;border-color:#2ec024;border-radius:6px\" target=\"_self\"><span style=\"color:#040404;padding:0px 18px;font-size:14px;line-height:28px;border-color:#75f46c;border-radius:6px;text-shadow:none\"> <img src='https:\/\/sportdream-aussies.de\/wp-content\/plugins\/wp-monalisa\/icons\/' alt='' width='29' height='24' class='wpml_ico' \/>  Katniss Pedigree<\/span><\/a><a href=\"https:\/\/sportdream-aussies.de\/?page_id=655\" class=\"su-button su-button-style-3d\" style=\"color:#040404;background-color:#39ef2d;border-color:#2ec024;border-radius:6px\" target=\"_self\"><span style=\"color:#040404;padding:0px 18px;font-size:14px;line-height:28px;border-color:#75f46c;border-radius:6px;text-shadow:none\"> <img src='https:\/\/sportdream-aussies.de\/wp-content\/plugins\/wp-monalisa\/icons\/' alt='' width='29' height='24' class='wpml_ico' \/>  Katniss Galerie<\/span><\/a>\n<p>Nein wir wollten keinen Hund aus dem Wurf behalten&#8230;.. sie kam sah und siegte. Manchmal muss man das Schicksal so nehmen wie es ist. Sie wollte bleiben, wir konnten sie nicht gehen lassen und jetzt ist es so wie es ist, sie bleibt. Der Traum in rot&#8230;..<\/p>\n<p>Januar 2017 Nun ist sie bereits ein Jahr alt, und wie alle unsere Hunde in dem Alter, voll frech und aufm\u00fcpfig&#8230;.. und wie war das, ein ruhigerer Welpe sollte bleiben&#8230;.. und was ist sie geworden, eine 2. Magic. Oder haben wir einfach nur vergessen, wie Magic in dem Alter war? Egal auf jeden Fall ist Katniss wundersch\u00f6n geworden, nat\u00fcrlich viel Trieb, vielleicht zu viel&#8230;. aber wir werden es sehen, wie sie sich weiter entwickelt. Dieses Jahr steht f\u00fcr sie die Untersuchung auf HD und ED an und nat\u00fcrlich die Begleithundepr\u00fcfung, f\u00fcr die wir noch sehr viel lernen m\u00fcssen. Schauen wir mal, was wir dieses Jahr noch so erreichen&#8230;&#8230;<\/p>\n<p>Update Oktober 2017 , jetzt ist sie fertig, alle Untersuchungen mit ausgezeichneten Ergebnissen bestanden, Ende November wird sie gek\u00f6rt und dann steht einer Zuchtzulassung nichts mehr im Wege. Toll wie der kleine rote Teufel sich entwickelt hat, selbst die BH hat sie absolut souver\u00e4n gemeistert. Nicht zu viel Trieb haben wir geschrieben, mmmhhh :) hat sich wohl ein wenig ge\u00e4ndert, sie hat verdammt viel Trieb bekommen, genial, im Agility eine Rakete wie Magic, nun arbeiten wir noch am Slalom und dann schauen wir mal, ob wir in 2018 unser erstes Turnier laufen k\u00f6nnen. Way to go Katniss, weiter so.<\/p>\n<p>Januar 2018 Die Zuchtzulassung ist, alle Untersuchungen mit top Ergebnisse bestanden, die Planungen f\u00fcr den 1. Wurf laufen. Die Planungen aus ihr was zu behalten und einen besonderen Wurf zu machen l\u00e4ufen auch :) Sie ist toll, manchmal ein wenig zu st\u00fcrmig, aber sooo schlau, das wir sie 2. Buddy nennen, sie hebt alles auf, was uns runter f\u00e4llt, selbst Gegenst\u00e4nde aus Metall, sie hat angefangen T\u00fcren zu \u00f6ffnen&#8230;. Katniss ein Traum in rot.<img decoding=\"async\" class=\"wpml_ico\" src=\"https:\/\/sportdream-aussies.de\/wp-content\/plugins\/wp-monalisa\/icons\/wpml_heart.gif\" alt=\"\" \/><\/p>\n<p>Januar 2019 der erste Wurf ist bereits ausgezogen, der L\u00fctten ist nun 3 Jahre alt, die Welpen waren klasse, wie sie sich entwickeln m\u00fcssen wir abwarten. Wir haben eine H\u00fcndin in Cownerschaft behalten, schauen wir mal wie sie sich entwickeln. Katniss selbst ist sicherer geworden, hat auch ein wenig mehr Schutztrieb durch die Welpen entwickelt, was auch gut so ist, denn vorher hatte sie gar keinen. Nun warten wir die Entwicklung ihrer ersten Welpen ab und nutzen unsere Welpenpause zum Sport, wir wollen im Agility weiterkommen und auch irgendwann unser erstes Turnier laufen. Ob sie auch Obedience macht, wissen wir noch nicht, da Katniss zwar excellent apportiert, aber die Fussarbeit muss noch viel korrekter werden.<\/p>\n<p>Juni 2020 Katniss liebevoll auch Kacki oder Kackfisch genannt, hat sich zu einer sehr korrekten bildh\u00fcbschen H\u00fcndin entwickelt. Wir sollten sie ausstellen, sie hat mit Sicherheit sehr gute Chancen, wenn wir nicht lieber mit den Hunden spazieren oder auf den Hundeplatz fahren w\u00fcrden. Dann lassen wir es doch lieber bei \u201esie k\u00f6nnte bestimmt bei den Shows weit vorne landen\u201c\u2026.. und tun das was uns allen mehr Spa\u00df macht. Die Welpen von Katniss haben sich ebenfalls sehr gut entwickelt. Und ja wir haben auch ein Stehohren Hund dabei, aber trotzdem wundersch\u00f6n geworden. Einer der R\u00fcden wird in die Zucht gehen, er hat bis jetzt alle erforderlichen Untersuchungen mit top Werten absolviert und ebenfalls wird eine H\u00fcndin in die Zucht gehen. Mehr dazu, wenn sie entsprechend alt genug sind. Katniss ist selbstbewusster geworden, umg\u00e4nglich mit allem und jeden, aber zeigt auch ihr Grenzen auf und traut sich mittlerweile auch den R\u00fcden abzubei\u00dfen, der meint sie besteigen zu m\u00fcssen. Im Agi liegt noch ein wenig Arbeit vor uns, sie beherrscht bis auf den Slalom alle Ger\u00e4te, l\u00e4sst sie sehr gut f\u00fchren und hat verdammt viel Speed, leider ein wenig zu viel, das \u201elangsamere\u201c F\u00fchrer nicht mitkommen.  <img src='https:\/\/sportdream-aussies.de\/wp-content\/plugins\/wp-monalisa\/icons\/' alt='' width='29' height='24' class='wpml_ico' \/> \u00a0Also m\u00fcssen wir weiter daran arbeiten mehr auf Distanz zu f\u00fchren. Wir planen f\u00fcr Ende des Jahres einen weiteren Wurf mit ihr und hoffen, dass wir mehr Gl\u00fcck haben wie bei Magic, denn auch bei Katniss ist ein ganz besonderer R\u00fcde aus USA unsere Traumverpaarung.<\/p>\n<p>Juli 2022 auch bei Katniss hatten wir Ende 2020 kein Gl\u00fcck, sie hatte zwar 2 Welpen auf dem Ultraschall, aber es war dann nur ein Welpe und der ist tot auf die Welt gekommen. Aber Ende 2021 haben wir es wie bei Magic auf nat\u00fcrlichen Art und Weise nochmals versucht und es hat geklappt und sie hat uns 8 wundersch\u00f6ne Welpen geschenkt, wovon auch eine H\u00fcndin bei uns geblieben ist. Nun bekommt Katniss voraussichtlich Ende diesen Jahres ihren letzten Wurf und wir hoffen auf wieder solch wundersch\u00f6ne Welpen. Der letzt Wurf ist einfach nur gigantisch gewesen. Katniss ist dann auch diesen Monat ihr erstes Turnier gelaufen, auch Rally Obedience und sie hat beim ersten Turnier direkt 93 Punkte mit einem Vorz\u00e4glich geholt und darf somit auch schon in Klasse 1 starten. Nun hoffen wir auf wieder so tolle Welpen wir beim letzten Wurf und freuen uns n\u00e4chstes Jahr auf eine sch\u00f6ne Turniersaison.<\/p>\n","protected":false},"excerpt":{"rendered":"<p>Nein wir wollten keinen Hund aus dem Wurf behalten&#8230;.. sie kam sah und siegte. Manchmal muss man das Schicksal so nehmen wie es ist. Sie wollte bleiben, wir konnten sie nicht gehen lassen und jetzt ist es so wie es ist, sie bleibt. Der Traum in rot&#8230;.. Januar 2017 Nun ist sie bereits ein Jahr [&hellip;]<\/p>\n","protected":false},"author":1,"featured_media":762,"parent":187,"menu_order":4,"comment_status":"closed","ping_status":"closed","template":"page-templates\/full-width-page.php","meta":{"ngg_post_thumbnail":0,"footnotes":""},"class_list":["post-235","page","type-page","status-publish","has-post-thumbnail","hentry"],"aioseo_notices":[],"jetpack_sharing_enabled":true,"_links":{"self":[{"href":"https:\/\/sportdream-aussies.de\/index.php?rest_route=\/wp\/v2\/pages\/235","targetHints":{"allow":["GET"]}}],"collection":[{"href":"https:\/\/sportdream-aussies.de\/index.php?rest_route=\/wp\/v2\/pages"}],"about":[{"href":"https:\/\/sportdream-aussies.de\/index.php?rest_route=\/wp\/v2\/types\/page"}],"author":[{"embeddable":true,"href":"https:\/\/sportdream-aussies.de\/index.php?rest_route=\/wp\/v2\/users\/1"}],"replies":[{"embeddable":true,"href":"https:\/\/sportdream-aussies.de\/index.php?rest_route=%2Fwp%2Fv2%2Fcomments&post=235"}],"version-history":[{"count":13,"href":"https:\/\/sportdream-aussies.de\/index.php?rest_route=\/wp\/v2\/pages\/235\/revisions"}],"predecessor-version":[{"id":4726,"href":"https:\/\/sportdream-aussies.de\/index.php?rest_route=\/wp\/v2\/pages\/235\/revisions\/4726"}],"up":[{"embeddable":true,"href":"https:\/\/sportdream-aussies.de\/index.php?rest_route=\/wp\/v2\/pages\/187"}],"wp:featuredmedia":[{"embeddable":true,"href":"https:\/\/sportdream-aussies.de\/index.php?rest_route=\/wp\/v2\/media\/762"}],"wp:attachment":[{"href":"https:\/\/sportdream-aussies.de\/index.php?rest_route=%2Fwp%2Fv2%2Fmedia&parent=235"}],"curies":[{"name":"wp","href":"https:\/\/api.w.org\/{rel}","templated":true}]}}