{"id":208,"date":"2017-09-04T19:54:34","date_gmt":"2017-09-04T19:54:34","guid":{"rendered":"http:\/\/sportdream-aussies-service.de\/?page_id=208"},"modified":"2021-08-03T14:57:15","modified_gmt":"2021-08-03T14:57:15","slug":"welpenanfrage","status":"publish","type":"page","link":"https:\/\/sportdream-aussies.de\/?page_id=208","title":{"rendered":"Welpenanfrage"},"content":{"rendered":"<a href=\"https:\/\/sportdream-aussies.de\/?page_id=193\" class=\"su-button su-button-style-3d\" style=\"color:#040404;background-color:#39ef2d;border-color:#2ec024;border-radius:6px\" target=\"_self\"><span style=\"color:#040404;padding:0px 18px;font-size:14px;line-height:28px;border-color:#75f46c;border-radius:6px;text-shadow:none\"> <img src='https:\/\/sportdream-aussies.de\/wp-content\/plugins\/wp-monalisa\/icons\/' alt='' width='29' height='24' class='wpml_ico' \/>  Zucht<\/span><\/a><a href=\"https:\/\/sportdream-aussies.de\/?page_id=204\" class=\"su-button su-button-style-3d\" style=\"color:#040404;background-color:#39ef2d;border-color:#2ec024;border-radius:6px\" target=\"_self\"><span style=\"color:#040404;padding:0px 18px;font-size:14px;line-height:28px;border-color:#75f46c;border-radius:6px;text-shadow:none\"> <img src='https:\/\/sportdream-aussies.de\/wp-content\/plugins\/wp-monalisa\/icons\/' alt='' width='29' height='24' class='wpml_ico' \/>  Allgemeine Infos<\/span><\/a><a href=\"https:\/\/sportdream-aussies.de\/?page_id=3871\" class=\"su-button su-button-style-3d\" style=\"color:#040404;background-color:#39ef2d;border-color:#2ec024;border-radius:6px\" target=\"_self\"><span style=\"color:#040404;padding:0px 18px;font-size:14px;line-height:28px;border-color:#75f46c;border-radius:6px;text-shadow:none\"> <img src='https:\/\/sportdream-aussies.de\/wp-content\/plugins\/wp-monalisa\/icons\/' alt='' width='29' height='24' class='wpml_ico' \/>  Wurfplanung<\/span><\/a>\n<p>Aufgrund der neuen Datenschutzverordnung gibt es kein Formular mehr f\u00fcr eine Welpenanfrage.<\/p>\n<p>Wer gerne einen Welpen von uns h\u00e4tte, schreibt uns bitte eine Mail an info (@) sportdream-aussies.de<\/p>\n<p>Anfragen nach Preis oder Farbw\u00fcnschen werden nicht beantwortet. Wir erwarten eine aussagef\u00e4hige Anfrage, mit Details zur Haltung des Hundes, ob Hundesport geplant ist, wie lange der Hund alleine bleiben muss usw.<\/p>\n<p>Details zu Speicherung der Daten auf unsere Seite<a href=\"https:\/\/sportdream-aussies.de\/?page_id=3008\" target=\"_blank\" rel=\"noopener\">Datenschutzerkl\u00e4rung!<\/a><\/p>\n","protected":false},"excerpt":{"rendered":"<p>Aufgrund der neuen Datenschutzverordnung gibt es kein Formular mehr f\u00fcr eine Welpenanfrage. Wer gerne einen Welpen von uns h\u00e4tte, schreibt uns bitte eine Mail an info (@) sportdream-aussies.de Anfragen nach Preis oder Farbw\u00fcnschen werden nicht beantwortet. Wir erwarten eine aussagef\u00e4hige Anfrage, mit Details zur Haltung des Hundes, ob Hundesport geplant ist, wie lange der Hund [&hellip;]<\/p>\n","protected":false},"author":1,"featured_media":4102,"parent":193,"menu_order":3,"comment_status":"closed","ping_status":"closed","template":"","meta":{"ngg_post_thumbnail":0,"footnotes":""},"class_list":["post-208","page","type-page","status-publish","has-post-thumbnail","hentry"],"aioseo_notices":[],"jetpack_sharing_enabled":true,"_links":{"self":[{"href":"https:\/\/sportdream-aussies.de\/index.php?rest_route=\/wp\/v2\/pages\/208","targetHints":{"allow":["GET"]}}],"collection":[{"href":"https:\/\/sportdream-aussies.de\/index.php?rest_route=\/wp\/v2\/pages"}],"about":[{"href":"https:\/\/sportdream-aussies.de\/index.php?rest_route=\/wp\/v2\/types\/page"}],"author":[{"embeddable":true,"href":"https:\/\/sportdream-aussies.de\/index.php?rest_route=\/wp\/v2\/users\/1"}],"replies":[{"embeddable":true,"href":"https:\/\/sportdream-aussies.de\/index.php?rest_route=%2Fwp%2Fv2%2Fcomments&post=208"}],"version-history":[{"count":16,"href":"https:\/\/sportdream-aussies.de\/index.php?rest_route=\/wp\/v2\/pages\/208\/revisions"}],"predecessor-version":[{"id":4217,"href":"https:\/\/sportdream-aussies.de\/index.php?rest_route=\/wp\/v2\/pages\/208\/revisions\/4217"}],"up":[{"embeddable":true,"href":"https:\/\/sportdream-aussies.de\/index.php?rest_route=\/wp\/v2\/pages\/193"}],"wp:featuredmedia":[{"embeddable":true,"href":"https:\/\/sportdream-aussies.de\/index.php?rest_route=\/wp\/v2\/media\/4102"}],"wp:attachment":[{"href":"https:\/\/sportdream-aussies.de\/index.php?rest_route=%2Fwp%2Fv2%2Fmedia&parent=208"}],"curies":[{"name":"wp","href":"https:\/\/api.w.org\/{rel}","templated":true}]}}