{"id":204,"date":"2017-09-04T19:54:00","date_gmt":"2017-09-04T19:54:00","guid":{"rendered":"http:\/\/sportdream-aussies-service.de\/?page_id=204"},"modified":"2021-08-03T14:55:31","modified_gmt":"2021-08-03T14:55:31","slug":"allgemeine-infos-ueber-unsere-zucht","status":"publish","type":"page","link":"https:\/\/sportdream-aussies.de\/?page_id=204","title":{"rendered":"Allgemeine Infos \u00fcber unsere Zucht"},"content":{"rendered":"<a href=\"https:\/\/sportdream-aussies.de\/?page_id=193\" class=\"su-button su-button-style-3d\" style=\"color:#040404;background-color:#39ef2d;border-color:#2ec024;border-radius:6px\" target=\"_self\"><span style=\"color:#040404;padding:0px 18px;font-size:14px;line-height:28px;border-color:#75f46c;border-radius:6px;text-shadow:none\"> <img src='https:\/\/sportdream-aussies.de\/wp-content\/plugins\/wp-monalisa\/icons\/' alt='' width='29' height='24' class='wpml_ico' \/>  Zucht<\/span><\/a><a href=\"https:\/\/sportdream-aussies.de\/?page_id=208\" class=\"su-button su-button-style-3d\" style=\"color:#040404;background-color:#39ef2d;border-color:#2ec024;border-radius:6px\" target=\"_self\"><span style=\"color:#040404;padding:0px 18px;font-size:14px;line-height:28px;border-color:#75f46c;border-radius:6px;text-shadow:none\"> <img src='https:\/\/sportdream-aussies.de\/wp-content\/plugins\/wp-monalisa\/icons\/' alt='' width='29' height='24' class='wpml_ico' \/>  Welpenanfrage<\/span><\/a><a href=\"https:\/\/sportdream-aussies.de\/?page_id=3871\" class=\"su-button su-button-style-3d\" style=\"color:#040404;background-color:#39ef2d;border-color:#2ec024;border-radius:6px\" target=\"_self\"><span style=\"color:#040404;padding:0px 18px;font-size:14px;line-height:28px;border-color:#75f46c;border-radius:6px;text-shadow:none\"> <img src='https:\/\/sportdream-aussies.de\/wp-content\/plugins\/wp-monalisa\/icons\/' alt='' width='29' height='24' class='wpml_ico' \/>  Wurfplanung<\/span><\/a>\n<p class=\"bodytext\">Unsere Einstellung zur Zucht, ist einfach erkl\u00e4rt, wir sind Hobbyz\u00fcchter, die nicht vermehren, sondern mit Verstand und viel Liebe unsere W\u00fcrfe aufziehen. Trotzdem ist unsere Zucht vom Amtsveterin\u00e4r des Regierungsbezirk abgenommen und nach \u00a7 11 Tierschutzgesetz haben wir die offizielle Erlaubnis Hunde zu z\u00fcchten, hierzu wurde die entsprechende Sachkenntnis vom Amtsveterin\u00e4r\u00a0gepr\u00fcft!\u00a0In der Regel bleibt auch aus jeder H\u00fcndin wiederum ein Welpen bei uns. Wir wollen nicht z\u00fcchten um den eh schon \u00fcbervollen Markt an Aussies zu befriedigen, sondern um etwas zu erreichen, auch wenn mal kein Welpen bei uns bleibt, sollte jedoch immer einer so platziert werden, der sp\u00e4ter nach Eignung in die Zucht geht, damit wir selber wieder auf dieses Potential zur\u00fcckgreifen k\u00f6nnen. Und genau aus diesen Gr\u00fcnden werden wir keine Hunde mehr zur Zucht verkaufen, zum Wohle der Rasse! Wenn sich der Hund nach 3 Jahren so gut entwickelt, das er Zuchtqualit\u00e4t hat, dann k\u00f6nnen wir gerne \u00fcber eine Zucht reden, aber grunds\u00e4tzlich wollen wir nicht, das der Markt mit Welpen \u00fcbers\u00e4t wird und zur Zucht geh\u00f6rt mehr wie nur einen Wurf haben.<\/p>\n<p class=\"bodytext\">Bei uns wird kein Welpe nach Farbe verkauft, der Hund muss zum Menschen, zur Familie, passen. Was n\u00fctzt einem die &#8222;Farbe&#8220;, wenn der Hund charakterlich nicht passt. Ein guter Hund hat keine Farbe, auch wenn der Spruch langsam doch sehr alt ist, aber er ist wahr. Das Powerpakte in eine Familie abzugeben, die den ersten Hund bekommen, kann ggf. mit viel Stress enden.<\/p>\n<p class=\"bodytext\">Ein Wurf findet erst statt wenn wir mindestens 4 Anfragen haben. D.h. nicht, das jeder der anfragt, dann auch einen Welpen nehmen muss, auf keinen Fall, denn wenn einfach das passende Welpie nicht dabei ist, dann ist es halt so. Bei uns gibt es auch keine festen Reservierungslisten oder Anzahlungen, davon halten wir nichts. Angezahlt wird der Hund erst nach ca. 3 Wochen, wenn denn feststeht, das gen\u00fcgend Welpen da sind und sich auch einige dabei tummeln, die in Frage kommen. Den Charakter und das will to please k\u00f6nnen wir eh erst mit ca. 5 &#8211; 6 Wochen erahnen oder besser gesagt, ein grobe Richtung Wir informieren die Interessenten w\u00e4hrend der ganzen Tr\u00e4chtigkeit und nat\u00fcrlich nach der Geburt und die ganzen Wochen bis zur Abholung. Wie es gew\u00fcnscht wird per WhatsApp oder per Mail, nachher gibt es auch f\u00fcr jeden Wurf eine entsprechende WhatsApp Gruppe, die sehr gerne angenommen wird.<\/p>\n<p class=\"bodytext\">Es gibt viele Homepage&#8217;s, die k\u00f6nnen viel schreiben, sich sehr gut verkaufen, aber leider k\u00f6nnen sch\u00f6ne HP auch von anderen Menschen gemacht werden oder sogar Inhalte gestohlen werden. Wir empfehlen immer, den Z\u00fcchter vor Ort anzuschauen und vor allen Dingen Fragen zu stellen, ganz viele, Zuchtziele erfragen, Welpen Sozialisierung erfragen\u00a0und die Hunde kennen lernen, gerne gebe ich per Mail weitere Ausk\u00fcnfte.<\/p>\n<p class=\"bodytext\">Infos zur Welpenaufzucht<\/p>\n<p class=\"bodytext\">Die Welpen werden von uns gechipt, geimpft und mehrfach entwurmt abgegeben, wenn es denn n\u00f6tig ist, d.h. wir lassen den Kot der Welpen untersuchen und entwurme nur dann, wenn sie auch befallen sind. Sie werden von unserem Tierarzt untersucht und vom Opthomalogen (Spezieller Tierarzt f\u00fcr Augen) auf erbliche Augenkrankheiten untersucht. Die Welpenk\u00e4ufer erhalten die Papiere des CASD\/VDH und eine Registrierungslitter des ASCA, wenn es gew\u00fcnscht wird. Es gibt eine Welpenmappe mit allen Untersuchungsergebnissen auch der Eltern und dem Pedigree. Welpenpakete von verschiedenen Herstellern, und f\u00fcr den Start ein Halsband mit Leine und f\u00fcr die erste Zeit das gewohnte Futter, wenn der Hund sp\u00e4ter nicht gebarft wird, Die Welpen werden sowohl gebarft als auch ans Trockenfutter gew\u00f6hnt. Die Welpen werden bestens auf Ihre Umwelt gepr\u00e4gt. Sie werden im Wohnzimmer geboren und hier befinden sie sich die ersten Lebenswochen, sobald die Welpen munterer werden, lassen wir sie stundenweise in einen kleinen Auslauf auf der Terrasse und sp\u00e4ter d\u00fcrfen sie dann auch den Garten erkunden. Hierdurch bekommen die Kleinen alle Umweltger\u00e4usche mit, Fernseher, Staubsauger, Mixer etc. Sobald sie gr\u00f6\u00dfer sind werden wir sie an das Autofahren gew\u00f6hnen, sie werden einzeln mit auf kleinste Spazierg\u00e4nge genommen und lernen m\u00f6glichst viele Umweltger\u00e4usche kennen. Kinder und andere Hunde d\u00fcrften auch keine Probleme darstellen, da sie auch hier bestens gepr\u00e4gt werden. Wenn ein Welpe besonders selbstbewusst ist, wird er ein paar Tage l\u00e4nger hier bleiben um von den erwachsenen Hunden die \u201eBenimmregeln\u201c zu lernen. Sie werden spielerisch bereits an einige Kommandos herangef\u00fchrt und sobald der Name feststeht, wird der Welpe auf den Namen gepr\u00e4gt.\u00a0Es gibt nat\u00fcrlich einen Kaufvertrag und die Empfehlung zur Impfung und Untersuchung. Wir sind immer f\u00fcr\u00a0die von uns gez\u00fcchteten Hunde da, eine Hundeleben lang und werden bei allen Fragen mit Rat und Tat zur Seite stehen, egal ob es um Ern\u00e4hrungsfragen geht, Erziehungsfragen, Sport, Gesundheit oder andere Fragen, aber die Verantwortung f\u00fcr den Welpen geht mit dem Kauf auf den neuen Besitzer \u00fcber.<\/p>\n","protected":false},"excerpt":{"rendered":"<p>Unsere Einstellung zur Zucht, ist einfach erkl\u00e4rt, wir sind Hobbyz\u00fcchter, die nicht vermehren, sondern mit Verstand und viel Liebe unsere W\u00fcrfe aufziehen. Trotzdem ist unsere Zucht vom Amtsveterin\u00e4r des Regierungsbezirk abgenommen und nach \u00a7 11 Tierschutzgesetz haben wir die offizielle Erlaubnis Hunde zu z\u00fcchten, hierzu wurde die entsprechende Sachkenntnis vom Amtsveterin\u00e4r\u00a0gepr\u00fcft!\u00a0In der Regel bleibt auch [&hellip;]<\/p>\n","protected":false},"author":1,"featured_media":4378,"parent":193,"menu_order":1,"comment_status":"closed","ping_status":"closed","template":"","meta":{"ngg_post_thumbnail":0,"footnotes":""},"class_list":["post-204","page","type-page","status-publish","has-post-thumbnail","hentry"],"aioseo_notices":[],"jetpack_sharing_enabled":true,"_links":{"self":[{"href":"https:\/\/sportdream-aussies.de\/index.php?rest_route=\/wp\/v2\/pages\/204","targetHints":{"allow":["GET"]}}],"collection":[{"href":"https:\/\/sportdream-aussies.de\/index.php?rest_route=\/wp\/v2\/pages"}],"about":[{"href":"https:\/\/sportdream-aussies.de\/index.php?rest_route=\/wp\/v2\/types\/page"}],"author":[{"embeddable":true,"href":"https:\/\/sportdream-aussies.de\/index.php?rest_route=\/wp\/v2\/users\/1"}],"replies":[{"embeddable":true,"href":"https:\/\/sportdream-aussies.de\/index.php?rest_route=%2Fwp%2Fv2%2Fcomments&post=204"}],"version-history":[{"count":10,"href":"https:\/\/sportdream-aussies.de\/index.php?rest_route=\/wp\/v2\/pages\/204\/revisions"}],"predecessor-version":[{"id":4218,"href":"https:\/\/sportdream-aussies.de\/index.php?rest_route=\/wp\/v2\/pages\/204\/revisions\/4218"}],"up":[{"embeddable":true,"href":"https:\/\/sportdream-aussies.de\/index.php?rest_route=\/wp\/v2\/pages\/193"}],"wp:featuredmedia":[{"embeddable":true,"href":"https:\/\/sportdream-aussies.de\/index.php?rest_route=\/wp\/v2\/media\/4378"}],"wp:attachment":[{"href":"https:\/\/sportdream-aussies.de\/index.php?rest_route=%2Fwp%2Fv2%2Fmedia&parent=204"}],"curies":[{"name":"wp","href":"https:\/\/api.w.org\/{rel}","templated":true}]}}