{"id":193,"date":"2017-09-04T19:51:59","date_gmt":"2017-09-04T19:51:59","guid":{"rendered":"http:\/\/sportdream-aussies-service.de\/?page_id=193"},"modified":"2026-04-22T11:57:37","modified_gmt":"2026-04-22T11:57:37","slug":"zucht","status":"publish","type":"page","link":"https:\/\/sportdream-aussies.de\/?page_id=193","title":{"rendered":"Zucht"},"content":{"rendered":"<a href=\"https:\/\/sportdream-aussies.de\/?page_id=204\" class=\"su-button su-button-style-3d\" style=\"color:#040404;background-color:#39ef2d;border-color:#2ec024;border-radius:6px\" target=\"_self\"><span style=\"color:#040404;padding:0px 18px;font-size:14px;line-height:28px;border-color:#75f46c;border-radius:6px;text-shadow:none\"> <img src='https:\/\/sportdream-aussies.de\/wp-content\/plugins\/wp-monalisa\/icons\/' alt='' width='29' height='24' class='wpml_ico' \/>  Allgemeine Infos<\/span><\/a><a href=\"https:\/\/sportdream-aussies.de\/?page_id=208\" class=\"su-button su-button-style-3d\" style=\"color:#040404;background-color:#39ef2d;border-color:#2ec024;border-radius:6px\" target=\"_self\"><span style=\"color:#040404;padding:0px 18px;font-size:14px;line-height:28px;border-color:#75f46c;border-radius:6px;text-shadow:none\"> <img src='https:\/\/sportdream-aussies.de\/wp-content\/plugins\/wp-monalisa\/icons\/' alt='' width='29' height='24' class='wpml_ico' \/>  Welpenanfrage<\/span><\/a><a href=\"https:\/\/sportdream-aussies.de\/?page_id=3871\" class=\"su-button su-button-style-3d\" style=\"color:#040404;background-color:#39ef2d;border-color:#2ec024;border-radius:6px\" target=\"_self\"><span style=\"color:#040404;padding:0px 18px;font-size:14px;line-height:28px;border-color:#75f46c;border-radius:6px;text-shadow:none\"> <img src='https:\/\/sportdream-aussies.de\/wp-content\/plugins\/wp-monalisa\/icons\/' alt='' width='29' height='24' class='wpml_ico' \/>  Wurfplanung<\/span><\/a>\n<p>Kurzinfo \u00fcber unsere weiter Wurfplanung<\/p>\n<p>Manchmal kommt es anders und dann auch noch als man denkt&#8230;..<\/p>\n<p>Das lassen wir mal wieder so stehen, denn auch wir mussten uns f\u00fcr den Wurf mit Lilo leider um entscheiden. Aber von vorne. F\u00fcr diesen Sp\u00e4tsommer planen wir evtl. 2 W\u00fcrfe, nicht geplant, aber wie oben geschrieben, manchmal kommt es einfach alles anders wie man geplant hat. Lilo wird bereits 3 1\/2 Jahre alt, es wird Zeit f\u00fcr ihren ersten Wurf, den R\u00fcden, den wir ausgesucht hatten, k\u00f6nnen wir aus div. Gr\u00fcnden nicht nehmen, nun suchen wir wieder nach einem passenden Partner. Liz sollte eigentlich erst n\u00e4chstes Jahr ihren 2. Wurf bekommen, aber dann ist Milka dran, sie wird bereits 3, auch hier k\u00f6nnen wir nicht mehr allzulange warten. Tja wenn man sich so kurz hintereinander M\u00e4dels beh\u00e4lt, muss man sich dann nicht wundern, wenn es geballt kommt. Und ehrlicherweise muss ich auch gestehen, das ich n\u00e4chstes Jahr gerne wieder Turniere laufen m\u00f6chte, so das wir dann ab Mitte des n\u00e4chsten Jahres endlich wieder Zeit haben f\u00fcr uns, f\u00fcrs Training und Turniere.  <img src='https:\/\/sportdream-aussies.de\/wp-content\/plugins\/wp-monalisa\/icons\/' alt='' width='29' height='24' class='wpml_ico' \/> &nbsp;Auch der Partner f\u00fcr Liz steht noch nicht fest, also es gibt 2 \u00dcberraschungen. Sobald die Jungs feststehen, werden wir es hier ver\u00f6ffentlichen.&nbsp; <img src='https:\/\/sportdream-aussies.de\/wp-content\/plugins\/wp-monalisa\/icons\/' alt='' width='29' height='24' class='wpml_ico' \/> <\/p>\n<p>Es besteht bereits eine Interessenten Liste (Liz und Lilo haben ein paar Fans). Beide M\u00e4dels werden aktiv im Rally O gef\u00fchrt und Liz wird gerade auch im Obedience ausgebildet. Beide h\u00fcten hervorragend.&nbsp; <img src='https:\/\/sportdream-aussies.de\/wp-content\/plugins\/wp-monalisa\/icons\/' alt='' width='29' height='24' class='wpml_ico' \/> <\/p>\n<p>Wer gerne einen Welpen von uns haben schreibt uns bitte eine aussagef\u00e4hige Mail, wir werden uns so schnell es geht mit Ihnen in Verbindung setzen.<\/p>\n","protected":false},"excerpt":{"rendered":"<p>Kurzinfo \u00fcber unsere weiter Wurfplanung Manchmal kommt es anders und dann auch noch als man denkt&#8230;.. Das lassen wir mal wieder so stehen, denn auch wir mussten uns f\u00fcr den Wurf mit Lilo leider um entscheiden. Aber von vorne. F\u00fcr diesen Sp\u00e4tsommer planen wir evtl. 2 W\u00fcrfe, nicht geplant, aber wie oben geschrieben, manchmal kommt [&hellip;]<\/p>\n","protected":false},"author":1,"featured_media":2277,"parent":0,"menu_order":0,"comment_status":"closed","ping_status":"closed","template":"","meta":{"ngg_post_thumbnail":0,"footnotes":""},"class_list":["post-193","page","type-page","status-publish","has-post-thumbnail","hentry"],"aioseo_notices":[],"jetpack_sharing_enabled":true,"_links":{"self":[{"href":"https:\/\/sportdream-aussies.de\/index.php?rest_route=\/wp\/v2\/pages\/193","targetHints":{"allow":["GET"]}}],"collection":[{"href":"https:\/\/sportdream-aussies.de\/index.php?rest_route=\/wp\/v2\/pages"}],"about":[{"href":"https:\/\/sportdream-aussies.de\/index.php?rest_route=\/wp\/v2\/types\/page"}],"author":[{"embeddable":true,"href":"https:\/\/sportdream-aussies.de\/index.php?rest_route=\/wp\/v2\/users\/1"}],"replies":[{"embeddable":true,"href":"https:\/\/sportdream-aussies.de\/index.php?rest_route=%2Fwp%2Fv2%2Fcomments&post=193"}],"version-history":[{"count":48,"href":"https:\/\/sportdream-aussies.de\/index.php?rest_route=\/wp\/v2\/pages\/193\/revisions"}],"predecessor-version":[{"id":5622,"href":"https:\/\/sportdream-aussies.de\/index.php?rest_route=\/wp\/v2\/pages\/193\/revisions\/5622"}],"wp:featuredmedia":[{"embeddable":true,"href":"https:\/\/sportdream-aussies.de\/index.php?rest_route=\/wp\/v2\/media\/2277"}],"wp:attachment":[{"href":"https:\/\/sportdream-aussies.de\/index.php?rest_route=%2Fwp%2Fv2%2Fmedia&parent=193"}],"curies":[{"name":"wp","href":"https:\/\/api.w.org\/{rel}","templated":true}]}}