{"id":1757,"date":"2017-09-15T13:04:10","date_gmt":"2017-09-15T13:04:10","guid":{"rendered":"http:\/\/sportdream-aussies-service.de\/?page_id=1757"},"modified":"2022-03-22T19:58:09","modified_gmt":"2022-03-22T19:58:09","slug":"buddy","status":"publish","type":"page","link":"https:\/\/sportdream-aussies.de\/?page_id=1757","title":{"rendered":"In Erinnerung Buddy"},"content":{"rendered":"<h3>Buddy 11.07.2005 &#8211; 12.08.2015<\/h3>\n<p>Unfassbar&#8230;. er ist nicht mehr da&#8230;..<\/p>\n<p>Das Schicksal und das Leben kann manchmal so brutal zu einem sein, das man sich fragt, warum trifft es immer uns\u2026\u2026 Es fing einen Tag vor der Geburt unsere Welpen an, Buddy humpelt, Diagnose Patella Luxation (Kniescheibe rausgesprungen), Kniescheibe wurde wieder eingerenkt und Buddy hat Schmerzmittel bekommen. Alles wird wieder gut. Dann kurz nach seinem 10. Geburtstag fing das Humpeln wieder an, Diagnose wahrscheinlich Kreuzbandriss oder Meniskus. OP geplant aber erst nach den Welpen, wenn es bei uns wieder ruhiger wird und er sich auch entsprechend ausruhen und schonen kann. Aber dann ging es kurze Zeit sp\u00e4ter so richtig los, er hat abgebaut, wird immer d\u00fcnner, selbst unter Schmerzmittel tritt er nicht mehr auf, er hechelt, er leidet, er findet keine Ruhe, dann am Montag die schreckliche Wahrheit nach der R\u00f6ntgenaufnahme, oberhalb des Knies ein Tumor oder besser gesagt mehrere im Knochen. Knochenhaut so heftig entz\u00fcndet, das es kein Wunder ist, wieviel Schmerzen er ertragen musste. Wir haben noch 1 Tag \u00fcberlegt und ihn wieder mit nach Hause genommen, aber die Nacht war so schlimm f\u00fcr ihn, das wir am anderen Tag entschieden haben, ihn gehen zu lassen, alles andere w\u00e4re Qu\u00e4lerei und reiner Egoismus. Buddy ist am Mittwoch ganz friedlich in unseren Armen eingeschlafen und hat nun keine Schmerzen mehr, er leidet nicht mehr und wartet hinter der Regenbogenbr\u00fccke auf uns, auf sein Rudel. Wie weh das tut braucht man nicht zu erw\u00e4hnen. Buddy der beste Hund aller Zeiten, immer gut gelaunt, nie aggressiv, einfach ein Seelenhund. Er hat uns gelehrt wie man Agility l\u00e4uft, er hat uns gezeigt, wie man beim Obedience Punkte verliert durch dauerndes Reden, der Hund der nie aufgeh\u00f6rt hat uns zu gefallen. Buddy der bester H\u00fcter aller Aussies, zumindest was Menschen h\u00fcten angeht, der der immer im Weg stand wenn es Futter gab, der der nun beim f\u00fcttern unendlich vermisst wird, weil keiner mehr im Weg steht, ein Hund wie Buddy wird es nie wieder geben, er ist unersetzbar, er fehlt einfach \u00fcberall. Die Welpen hat er erzogen, er hat alles aufgehoben, was einem runter gefallen ist, er hat alle T\u00fcren ge\u00f6ffnet, selbst die aufrecht gestellten T\u00fcrklinken, der Hund der immer wusste wie es dem Mensch geht, der immer getr\u00f6stet hat, Buddy du fehlst so sehr\u2026\u2026. Der einzige Trost, er leidet nicht mehr und hat keine Schmerzen. July und Ashley vermissen ihn, man kann es kaum glauben, aber auch diese beiden Hunde trauern. July war mit beim TA, sie hat Abschied nehmen d\u00fcrfen, was uns und ihr sehr geholfen hat. Buddy du bleibst f\u00fcr immer die Nr. 1 in unseren Herzen und bist unersetzbar, nie wieder wird es einen Hund wie Dich geben!!<\/p>\n<p>Selbst jetzt noch bei der Neugestaltung der Homepage, nachdem dieser verr\u00fcckte Kerl schon 2 Jahren nicht mehr bei uns ist, haben wir wieder Tr\u00e4nen in den Augen, wenn wir die Bilder sehen.  <img src='https:\/\/sportdream-aussies.de\/wp-content\/plugins\/wp-monalisa\/icons\/wpml_cry.gif' alt=':cry:' width='31' height='22' class='wpml_ico' \/>   <img src='https:\/\/sportdream-aussies.de\/wp-content\/plugins\/wp-monalisa\/icons\/wpml_cry.gif' alt=':cry:' width='31' height='22' class='wpml_ico' \/> \u00a0 <img src='https:\/\/sportdream-aussies.de\/wp-content\/plugins\/wp-monalisa\/icons\/wpml_cry.gif' alt=':cry:' width='31' height='22' class='wpml_ico' \/> <\/p>\n<p><img loading=\"lazy\" decoding=\"async\" class=\"alignnone wp-image-2260 size-large\" src=\"https:\/\/sportdream-aussies.de\/wp-content\/uploads\/2017\/09\/Buddy0815-1280x1024.jpg\" alt=\"\" width=\"640\" height=\"512\" \/><\/p>\n<table border=\"2\" width=\"100%\">\n<tbody>\n<tr class=\"Title\">\n<td colspan=\"2\" width=\"920\"><strong><big><big>Pedigree of: My best Buddy<\/big><\/big><\/strong><\/td>\n<\/tr>\n<tr class=\"Header\">\n<td width=\"290\"><img loading=\"lazy\" decoding=\"async\" class=\"aligncenter wp-image-2266 size-full\" src=\"https:\/\/sportdream-aussies.de\/wp-content\/uploads\/2017\/09\/pedigree_buddy_001.jpg\" alt=\"\" width=\"200\" height=\"229\" \/><\/td>\n<td width=\"630\">\n<table border=\"0\" width=\"100%\">\n<tbody>\n<tr class=\"Header\">\n<td width=\"20%\"><strong>Sex<\/strong><\/td>\n<td width=\"30%\">M<\/td>\n<td width=\"20%\"><strong>Reg No.<\/strong><\/td>\n<td width=\"30%\"><\/td>\n<\/tr>\n<tr class=\"Header\">\n<td width=\"20%\"><strong>Date of Birth<\/strong><\/td>\n<td width=\"30%\">11.7.2005<\/td>\n<td width=\"20%\"><strong>Breed<\/strong><\/td>\n<td width=\"30%\"><\/td>\n<\/tr>\n<tr class=\"Header\">\n<td width=\"20%\"><strong>Owner<\/strong><\/td>\n<td width=\"30%\">Elke Banz<\/td>\n<td width=\"20%\"><strong>Breeder<\/strong><\/td>\n<td width=\"30%\">A+M<\/td>\n<\/tr>\n<tr class=\"Header\">\n<td width=\"20%\"><strong>Colour &amp; Markings<\/strong><\/td>\n<td width=\"30%\">Black tri<\/td>\n<td width=\"20%\"><strong>Call Name<\/strong><\/td>\n<td width=\"30%\">Buddy<\/td>\n<\/tr>\n<tr class=\"Header\">\n<td valign=\"top\" width=\"20%\" height=\"100\"><strong>Comments<\/strong><\/td>\n<td colspan=\"3\" valign=\"top\" width=\"80%\" height=\"100\"><\/td>\n<\/tr>\n<\/tbody>\n<\/table>\n<\/td>\n<\/tr>\n<\/tbody>\n<\/table>\n<table border=\"2\" width=\"100%\">\n<tbody>\n<tr class=\"Pedigree\">\n<td rowspan=\"8\" width=\"20%\" height=\"144\">Starlights Certainly Sweet Power<\/td>\n<td rowspan=\"4\" width=\"23%\" height=\"72\">Red Banks Marshal Dillon<\/td>\n<td rowspan=\"2\" width=\"26%\" height=\"36\">Heatherhill Grand Marshal<\/td>\n<td width=\"30%\" height=\"18\">Levi Dockers of Heatherhill<\/td>\n<\/tr>\n<tr class=\"Pedigree\">\n<td width=\"30%\" height=\"18\">Shady Acres Irish Lyric<\/td>\n<\/tr>\n<tr class=\"Pedigree\">\n<td rowspan=\"2\" width=\"26%\" height=\"36\">Kaspers Buena Ventura<\/td>\n<td width=\"30%\" height=\"18\">Red Banks Eagle Dancer<\/td>\n<\/tr>\n<tr class=\"Pedigree\">\n<td width=\"30%\" height=\"18\">Solar Flair of Ironhorse<\/td>\n<\/tr>\n<tr class=\"Pedigree\">\n<td rowspan=\"4\" width=\"23%\" height=\"72\">Black Velvets Power Play<\/td>\n<td rowspan=\"2\" width=\"26%\" height=\"36\">Gitalongs Darkside O&#8217;The Moon<\/td>\n<td width=\"30%\" height=\"18\">Toppers Ace of Spades<\/td>\n<\/tr>\n<tr class=\"Pedigree\">\n<td width=\"30%\" height=\"18\">Blue Moon On Stillwaters<\/td>\n<\/tr>\n<tr class=\"Pedigree\">\n<td rowspan=\"2\" width=\"26%\" height=\"36\">Gingerbreds Felony Abduction<\/td>\n<td width=\"30%\" height=\"18\">Gingerbreds Felony Blackmale<\/td>\n<\/tr>\n<tr class=\"Pedigree\">\n<td width=\"30%\" height=\"18\">Gingerbreds Hug Me Tight<\/td>\n<\/tr>\n<tr class=\"Pedigree\">\n<td rowspan=\"8\" width=\"20%\" height=\"144\">Splendids Butterfley of blue Velvet<\/td>\n<td rowspan=\"4\" width=\"23%\" height=\"72\">Rockwaters Black Devil<\/td>\n<td rowspan=\"2\" width=\"26%\" height=\"36\">Friekos Black Cherokee<\/td>\n<td width=\"30%\" height=\"18\">Corbetts Black Buddy<\/td>\n<\/tr>\n<tr class=\"Pedigree\">\n<td width=\"30%\" height=\"18\">Corbetts Tessa-Lynne<\/td>\n<\/tr>\n<tr class=\"Pedigree\">\n<td rowspan=\"2\" width=\"26%\" height=\"36\">Gingerbreds Felony Abduction<\/td>\n<td width=\"30%\" height=\"18\">Gingerbreds Felony Blackmale<\/td>\n<\/tr>\n<tr class=\"Pedigree\">\n<td width=\"30%\" height=\"18\">Gingerbreds Hug Me Tight<\/td>\n<\/tr>\n<tr class=\"Pedigree\">\n<td rowspan=\"4\" width=\"23%\" height=\"72\">Blue Velvets Happy Millenium<\/td>\n<td rowspan=\"2\" width=\"26%\" height=\"36\">Pia Pied of Windsor<\/td>\n<td width=\"30%\" height=\"18\">Highlander of Windsor<\/td>\n<\/tr>\n<tr class=\"Pedigree\">\n<td width=\"30%\" height=\"18\">Windy Farms Empyreal of T.C.<\/td>\n<\/tr>\n<tr class=\"Pedigree\">\n<td rowspan=\"2\" width=\"26%\" height=\"36\">Winslows Feet Down First<\/td>\n<td width=\"30%\" height=\"18\">Silverwoods London Pride<\/td>\n<\/tr>\n<tr class=\"Pedigree\">\n<td width=\"30%\" height=\"18\">Winslows Hear I-am!<\/td>\n<\/tr>\n<\/tbody>\n<\/table>\n<p>Show Erfolge:<br \/> <img src='https:\/\/sportdream-aussies.de\/wp-content\/plugins\/wp-monalisa\/icons\/' alt='' width='29' height='24' class='wpml_ico' \/> \n7.10.2006 Conformation Meckenheim 4. Platz R\u00fcden 12-18 Monate<br \/> <img src='https:\/\/sportdream-aussies.de\/wp-content\/plugins\/wp-monalisa\/icons\/' alt='' width='29' height='24' class='wpml_ico' \/> \n22.06.2008 CASD Clubshow Hanau SG<br \/> <img src='https:\/\/sportdream-aussies.de\/wp-content\/plugins\/wp-monalisa\/icons\/' alt='' width='29' height='24' class='wpml_ico' \/> \n28.09.2008 CASD Spezialzuchtschau Leverkusen V2. Platz offene Klasse R\u00fcden, Top 5 Males und R-CAC<br \/> <img src='https:\/\/sportdream-aussies.de\/wp-content\/plugins\/wp-monalisa\/icons\/' alt='' width='29' height='24' class='wpml_ico' \/> \nSporterfolge:<br \/> <img src='https:\/\/sportdream-aussies.de\/wp-content\/plugins\/wp-monalisa\/icons\/' alt='' width='29' height='24' class='wpml_ico' \/> \n28.10.2006 Gesamtnote sehr gut, 141 Punkten Team Test<br \/> <img src='https:\/\/sportdream-aussies.de\/wp-content\/plugins\/wp-monalisa\/icons\/' alt='' width='29' height='24' class='wpml_ico' \/> \n4.11.2006 Buddy j\u00fcngster Teilnehmer, Begleithundepr\u00fcfung geschafft<br \/> <img src='https:\/\/sportdream-aussies.de\/wp-content\/plugins\/wp-monalisa\/icons\/' alt='' width='29' height='24' class='wpml_ico' \/> \n20.10.2007 146 von 150 Punkten Team Test<br \/> <img src='https:\/\/sportdream-aussies.de\/wp-content\/plugins\/wp-monalisa\/icons\/' alt='' width='29' height='24' class='wpml_ico' \/> \n28.10.2007 BH mit vorz\u00fcglich, sehr gut und gut bestanden<br \/> <img src='https:\/\/sportdream-aussies.de\/wp-content\/plugins\/wp-monalisa\/icons\/' alt='' width='29' height='24' class='wpml_ico' \/> \n31.10.2009 BH mit Bianca als bestes Team von 26 Startern bestanden!<br \/> <img src='https:\/\/sportdream-aussies.de\/wp-content\/plugins\/wp-monalisa\/icons\/' alt='' width='29' height='24' class='wpml_ico' \/> \n25.06.2011 AOM 2010 Award of Merit des CASD Obedience Klasse 1 Platz 1!<br \/> <img src='https:\/\/sportdream-aussies.de\/wp-content\/plugins\/wp-monalisa\/icons\/' alt='' width='29' height='24' class='wpml_ico' \/> \n17.02.2012 AOM 2011 Award of Merit des CASD Obedience Klasse 2 Platz 2!<\/p>\n<p>ASCA Obedience<br \/> <img src='https:\/\/sportdream-aussies.de\/wp-content\/plugins\/wp-monalisa\/icons\/' alt='' width='29' height='24' class='wpml_ico' \/> \n26.5.2007 Obedience Trial K\u00f6wi 1. Leg in Novice A<br \/> <img src='https:\/\/sportdream-aussies.de\/wp-content\/plugins\/wp-monalisa\/icons\/' alt='' width='29' height='24' class='wpml_ico' \/> \n6.10.2007 Obedience Trial K\u00f6wi 2. Leg in Novice A<br \/> <img src='https:\/\/sportdream-aussies.de\/wp-content\/plugins\/wp-monalisa\/icons\/' alt='' width='29' height='24' class='wpml_ico' \/> \n15.03.2008 Obedience Trail Bocholt 3. Leg C.D. Titel gefinisht!! Aufstieg in die Open Klasse<\/p>\n<p>VDH\/FCI Obedience<br \/> <img src='https:\/\/sportdream-aussies.de\/wp-content\/plugins\/wp-monalisa\/icons\/' alt='' width='29' height='24' class='wpml_ico' \/> \n26.4.2008 Erste Obedience Beginner Start Vorz\u00fcglich mit 268 Punkten Aufstieg in Klasse 1<br \/> <img src='https:\/\/sportdream-aussies.de\/wp-content\/plugins\/wp-monalisa\/icons\/' alt='' width='29' height='24' class='wpml_ico' \/> \n17.10.2009 Obedience Beginner 3. Platz SG mit 252 Punkten<br \/> <img src='https:\/\/sportdream-aussies.de\/wp-content\/plugins\/wp-monalisa\/icons\/' alt='' width='29' height='24' class='wpml_ico' \/> \n28.03.2010 Obedience Beginner 6. Platz Vorz\u00fcglich mit 269 Punkten, nun wird der n\u00e4chste Start in Klasse 1 sein!<br \/> <img src='https:\/\/sportdream-aussies.de\/wp-content\/plugins\/wp-monalisa\/icons\/' alt='' width='29' height='24' class='wpml_ico' \/> \n10.04.2010 Obedience Klasse 1, erster Start in der 1! 3. Platz Vorz\u00fcglich mit 266 Punkten, Aufstieg in Klasse2!<br \/> <img src='https:\/\/sportdream-aussies.de\/wp-content\/plugins\/wp-monalisa\/icons\/' alt='' width='29' height='24' class='wpml_ico' \/> \n08.05.2010 Obedience Klasse 1, 4. Platz Vorz\u00fcglich mit 267 Punkten, mal sehen, ob der n\u00e4chste Start in Klasse 2 ist!<br \/> <img src='https:\/\/sportdream-aussies.de\/wp-content\/plugins\/wp-monalisa\/icons\/' alt='' width='29' height='24' class='wpml_ico' \/> \n10.07.2010 Obedience Klasse 1, 1. Platz Vorz\u00fcglich mit 320 Punkten bei 38 Grad!<br \/> <img src='https:\/\/sportdream-aussies.de\/wp-content\/plugins\/wp-monalisa\/icons\/' alt='' width='29' height='24' class='wpml_ico' \/> \n12.09.2010 Obedience Klasse 2, Platz 3 Gut mit 219,5 Punkten.<br \/> <img src='https:\/\/sportdream-aussies.de\/wp-content\/plugins\/wp-monalisa\/icons\/' alt='' width='29' height='24' class='wpml_ico' \/> \n17.10.2010 Obedience Klasse 2, Platz 4 Gut mit 216,5 Punkten<br \/> <img src='https:\/\/sportdream-aussies.de\/wp-content\/plugins\/wp-monalisa\/icons\/' alt='' width='29' height='24' class='wpml_ico' \/> \n30.10.2010 Obedience Klasse 2, Platz 2 Sehr Gut mit 224,5 Punkten<br \/> <img src='https:\/\/sportdream-aussies.de\/wp-content\/plugins\/wp-monalisa\/icons\/' alt='' width='29' height='24' class='wpml_ico' \/> \n4.6.2011 Obedience Klasse 2, Platz 1, Sehr gut mit 246,5 Punkten<br \/> <img src='https:\/\/sportdream-aussies.de\/wp-content\/plugins\/wp-monalisa\/icons\/' alt='' width='29' height='24' class='wpml_ico' \/> \n17.09.2011 Obedience Klasse 2, Platz 3, Sehr Gut mit 249,5 Punkten<br \/> <img src='https:\/\/sportdream-aussies.de\/wp-content\/plugins\/wp-monalisa\/icons\/' alt='' width='29' height='24' class='wpml_ico' \/> \n22.10.2011 Obedience Klasse 2, Platz 1, Vorz\u00fcglich mit 275,5 Punkten<br \/> <img src='https:\/\/sportdream-aussies.de\/wp-content\/plugins\/wp-monalisa\/icons\/' alt='' width='29' height='24' class='wpml_ico' \/> \n23.10.2011 Obedience Klasse 2, Platz 1, Vorz\u00fcglich mit 271,5 Punkten ab nun geht es in die 3<br \/> <img src='https:\/\/sportdream-aussies.de\/wp-content\/plugins\/wp-monalisa\/icons\/' alt='' width='29' height='24' class='wpml_ico' \/> \nAgility 13.01.2007 Agi Fun Turnier Reetz A0 Jumping 2. Platz, fehlerfreier Lauf<br \/> <img src='https:\/\/sportdream-aussies.de\/wp-content\/plugins\/wp-monalisa\/icons\/' alt='' width='29' height='24' class='wpml_ico' \/> \n17.6.2007 A1 Rhein Ahr Sinzig A-Lauf 6. Platz mit 1 Verweigerung<br \/> <img src='https:\/\/sportdream-aussies.de\/wp-content\/plugins\/wp-monalisa\/icons\/' alt='' width='29' height='24' class='wpml_ico' \/> \n1.9.2007 A1 Bornheim-Sechtem A-Lauf 4. Platz mit 1 Fehler<br \/> <img src='https:\/\/sportdream-aussies.de\/wp-content\/plugins\/wp-monalisa\/icons\/' alt='' width='29' height='24' class='wpml_ico' \/> \n9.9.2007 A1 Fun Turnier Katjas Hundeschule A-Lauf 1. Platz<br \/> <img src='https:\/\/sportdream-aussies.de\/wp-content\/plugins\/wp-monalisa\/icons\/' alt='' width='29' height='24' class='wpml_ico' \/> \n16.09.2007 Vereinsmeisterschaft Jumping 1. Platz<br \/> <img src='https:\/\/sportdream-aussies.de\/wp-content\/plugins\/wp-monalisa\/icons\/' alt='' width='29' height='24' class='wpml_ico' \/> \n28.04.2008 Kreismeisterschaft A1 6. Platz<br \/> <img src='https:\/\/sportdream-aussies.de\/wp-content\/plugins\/wp-monalisa\/icons\/' alt='' width='29' height='24' class='wpml_ico' \/> \n01.05.2008 A1 Kombi-Wertung Aubachtal 2. Platz, Jumping gewonnen<br \/> <img src='https:\/\/sportdream-aussies.de\/wp-content\/plugins\/wp-monalisa\/icons\/' alt='' width='29' height='24' class='wpml_ico' \/> \n2009 Keine Turniere, da Welpenpause<br \/> <img src='https:\/\/sportdream-aussies.de\/wp-content\/plugins\/wp-monalisa\/icons\/' alt='' width='29' height='24' class='wpml_ico' \/> \n17.04.2010 Rhein Ahr Sinzig, V5 , Platz 8<br \/> <img src='https:\/\/sportdream-aussies.de\/wp-content\/plugins\/wp-monalisa\/icons\/' alt='' width='29' height='24' class='wpml_ico' \/> \n13.05.2010 Neuss, Disq.<br \/> <img src='https:\/\/sportdream-aussies.de\/wp-content\/plugins\/wp-monalisa\/icons\/' alt='' width='29' height='24' class='wpml_ico' \/> \n26.06.2010 Solingen Merscheid, 2 mal V 5 im Jumping<br \/> <img src='https:\/\/sportdream-aussies.de\/wp-content\/plugins\/wp-monalisa\/icons\/' alt='' width='29' height='24' class='wpml_ico' \/> \n14.8.2010 Dompokal beim ATC 2. Platz V0!<br \/> <img src='https:\/\/sportdream-aussies.de\/wp-content\/plugins\/wp-monalisa\/icons\/' alt='' width='29' height='24' class='wpml_ico' \/> \n18.06.2011 A1 in H\u00fcrth, Platz 6, V5<br \/> <img src='https:\/\/sportdream-aussies.de\/wp-content\/plugins\/wp-monalisa\/icons\/' alt='' width='29' height='24' class='wpml_ico' \/> \n07.08.2011 A1 in Rhein Ahr Sinzig, V0 Platz 2 im A Lauf!<br \/> <img src='https:\/\/sportdream-aussies.de\/wp-content\/plugins\/wp-monalisa\/icons\/' alt='' width='29' height='24' class='wpml_ico' \/> \n20.08.2011 A1 HSG Rhein Sieg, Kreismeisterschaft, V0 Platz 1 A Lauf VizeKreissieger<br \/> <img src='https:\/\/sportdream-aussies.de\/wp-content\/plugins\/wp-monalisa\/icons\/' alt='' width='29' height='24' class='wpml_ico' \/> \n10.09.2011 A2 HSG Rhein Sieg, Jumping V0 Platz 3, A Lauf 2 Verweigerungen<br \/> <img src='https:\/\/sportdream-aussies.de\/wp-content\/plugins\/wp-monalisa\/icons\/' alt='' width='29' height='24' class='wpml_ico' \/> \n24.09.2011 A2 Bornheim A Lauf 2 Verweigerungen Platz 4, Jumping 1 Fehler<br \/> <img src='https:\/\/sportdream-aussies.de\/wp-content\/plugins\/wp-monalisa\/icons\/' alt='' width='29' height='24' class='wpml_ico' \/> \n03.10.2011 A2 Sinzig, A Lauf V0 Platz 2, erste Quali f\u00fcr die A3<br \/> <img src='https:\/\/sportdream-aussies.de\/wp-content\/plugins\/wp-monalisa\/icons\/' alt='' width='29' height='24' class='wpml_ico' \/> \n30.06.2013 A2 Sinzig, A Lauf V0 Platz 2, zweite Quali f\u00fcr die A3, Jumping Platz 2 V0<br \/> <img src='https:\/\/sportdream-aussies.de\/wp-content\/plugins\/wp-monalisa\/icons\/' alt='' width='29' height='24' class='wpml_ico' \/> \n11.08.2013 A2 K\u00f6ln M\u00fclheim, A Lauf V0 Platz 3 dritte Quali f\u00fcr die A3 AUFSTIEG in die A3<br \/> <img src='https:\/\/sportdream-aussies.de\/wp-content\/plugins\/wp-monalisa\/icons\/' alt='' width='29' height='24' class='wpml_ico' \/> \n15.09.2013 A3 HSG Rhein Sieg, Jumping V0 Platz 8<br \/> <img src='https:\/\/sportdream-aussies.de\/wp-content\/plugins\/wp-monalisa\/icons\/' alt='' width='29' height='24' class='wpml_ico' \/> \n03.10.2013 A3 SV Rhein Ahr Sinzig A Lauf V0 Platz 5, Jumping V0 Platz 4 Kombiwertung Platz 2<br \/> <img src='https:\/\/sportdream-aussies.de\/wp-content\/plugins\/wp-monalisa\/icons\/' alt='' width='29' height='24' class='wpml_ico' \/> \n04.05.2014 A3 HSG Rhein Sieg, Jumping V0 Platz 6<\/p>\n","protected":false},"excerpt":{"rendered":"<p>Buddy 11.07.2005 &#8211; 12.08.2015 Unfassbar&#8230;. er ist nicht mehr da&#8230;.. Das Schicksal und das Leben kann manchmal so brutal zu einem sein, das man sich fragt, warum trifft es immer uns\u2026\u2026 Es fing einen Tag vor der Geburt unsere Welpen an, Buddy humpelt, Diagnose Patella Luxation (Kniescheibe rausgesprungen), Kniescheibe wurde wieder eingerenkt und Buddy hat [&hellip;]<\/p>\n","protected":false},"author":1,"featured_media":2260,"parent":4483,"menu_order":6,"comment_status":"closed","ping_status":"closed","template":"page-templates\/full-width-page.php","meta":{"ngg_post_thumbnail":0,"footnotes":""},"class_list":["post-1757","page","type-page","status-publish","has-post-thumbnail","hentry"],"aioseo_notices":[],"jetpack_sharing_enabled":true,"_links":{"self":[{"href":"https:\/\/sportdream-aussies.de\/index.php?rest_route=\/wp\/v2\/pages\/1757","targetHints":{"allow":["GET"]}}],"collection":[{"href":"https:\/\/sportdream-aussies.de\/index.php?rest_route=\/wp\/v2\/pages"}],"about":[{"href":"https:\/\/sportdream-aussies.de\/index.php?rest_route=\/wp\/v2\/types\/page"}],"author":[{"embeddable":true,"href":"https:\/\/sportdream-aussies.de\/index.php?rest_route=\/wp\/v2\/users\/1"}],"replies":[{"embeddable":true,"href":"https:\/\/sportdream-aussies.de\/index.php?rest_route=%2Fwp%2Fv2%2Fcomments&post=1757"}],"version-history":[{"count":19,"href":"https:\/\/sportdream-aussies.de\/index.php?rest_route=\/wp\/v2\/pages\/1757\/revisions"}],"predecessor-version":[{"id":4391,"href":"https:\/\/sportdream-aussies.de\/index.php?rest_route=\/wp\/v2\/pages\/1757\/revisions\/4391"}],"up":[{"embeddable":true,"href":"https:\/\/sportdream-aussies.de\/index.php?rest_route=\/wp\/v2\/pages\/4483"}],"wp:featuredmedia":[{"embeddable":true,"href":"https:\/\/sportdream-aussies.de\/index.php?rest_route=\/wp\/v2\/media\/2260"}],"wp:attachment":[{"href":"https:\/\/sportdream-aussies.de\/index.php?rest_route=%2Fwp%2Fv2%2Fmedia&parent=1757"}],"curies":[{"name":"wp","href":"https:\/\/api.w.org\/{rel}","templated":true}]}}