{"id":147,"date":"2017-09-04T18:30:59","date_gmt":"2017-09-04T18:30:59","guid":{"rendered":"http:\/\/sportdream-aussies-service.de\/?page_id=147"},"modified":"2021-08-03T12:44:33","modified_gmt":"2021-08-03T12:44:33","slug":"der-aussie","status":"publish","type":"page","link":"https:\/\/sportdream-aussies.de\/?page_id=147","title":{"rendered":"Der Aussie"},"content":{"rendered":"<p class=\"bodytext\">Den Standard gibt es auf vielen Seiten im www nachzulesen, ebenfalls kann man den Standard in sehr vielen guten B\u00fcchern \u00fcber den Australian Shepherd nachlesen, wie z.b. das Buch \u00fcber den Australian Shepherd von Ilse Pelz, oder den Praxisratgeber von Charlotte Schwartz oder der Australian Shepherd von Angela Seidel, ein sehr gutes englisch sprachiges Buch ist all about aussies von Jeanne Joy Hartnagl-Taylor. Mehr zu B\u00fcchern auf unserer Seite Wissenswertes. Daher denke ich, dass ich den Standard hier nicht mehr wiedergeben muss. Aber den Standard aus unserer Sicht w\u00fcrden wir hier gerne aufz\u00e4hlen:<\/p>\n<p class=\"bodytext\">Fangen wir bei den \u00c4u\u00dferlichkeiten an. Das Fell sollte f\u00fcr uns mittellang sein, moderate Unterwolle nicht zu viel, am liebsten ist uns eine Mischung aus Show\u2013 und Arbeitslinie, die so oft genannte Vielseitigkeitslinie. Bez\u00fcglich der Statur haben wir gerne eine mittlere Knochenst\u00e4rke, beim R\u00fcden darf es auch ein bisschen mehr sein und er sollte nicht zu lang sein. Der Standard gibt bei der Gr\u00f6\u00dfe H\u00fcndinnen bis 53,3 und bei R\u00fcden bis 58,4 cm an, wir m\u00f6gen es am liebsten wenn sie nicht zu klein sind, brauchen aber auch nicht an die obere Grenze sto\u00dfen. F\u00fcr uns ist es wichtig, das der Aussie flink und wendig ist, d.h. er muss schnelle Drehungen und Wendungen machen k\u00f6nnen und dies erreiche ich nicht, wenn der Aussie zu gro\u00df, breit und kr\u00e4ftig ist.<\/p>\n<p class=\"bodytext\">Der Kopf, verschiedener k\u00f6nnen die Geschm\u00e4cker gar nicht sein, die einen wollen wie bei der Gr\u00f6\u00dfe, die kr\u00e4ftigen K\u00f6pfe, die anderen die zierlichen, wir m\u00f6gen es wenn man einen klaren Stop sieht, der Kopf nicht zu breit ist, die Nase darf nicht zu lang sein. Bei der Ohrstellung finden wir die im Dreieck nach vorne getragenen Ohren am sch\u00f6nsten, aber auch seitlich gekippt ist in Ordnung, was wir pers\u00f6nlich nicht m\u00f6gen sind Stehohren.<\/p>\n<p class=\"bodytext\">Die Rute beim Aussie ist genauso vielf\u00e4ltig wie seine Farben. Von einer Stummelrute angefangen \u00fcber 1\/3 bis 1\/2 \u00fcber 3\/4 bis ganz lang ist alles vertreten. Uns pers\u00f6nlich sind die langen Ruten am liebsten, wobei auch 1\/2 Rute oder gar keine sehr sch\u00f6n anzuschauen ist.<\/p>\n<p class=\"bodytext\">Die Farben des Aussie, sehr vielseitig es gibt so gut wie keinen, der dem anderen bis aufs letzte Haar gleicht, und die Farbe sehen wir auch zuletzt, es muss alles andere passen, wobei wir nat\u00fcrlich jedem seine Vorliebe eingestehen, unser erster Aussie musste unbedingt schwarz sein, alles andere war uns egal. Heute sehen wir alles mit anderen Augen! Und vor allem wenn es zur Farbe geht, dann ist uns eine f\u00fcr uns gelungene Zeichnung wichtiger wie die Farbe, klar abgegrenzt sollten die Farben sein. Das die Winkelungen der Hinterl\u00e4ufe korrekt sein soll, die Stellung der Schulter\/Oberarme etc. sind Dinge die f\u00fcr die Zucht sehr wichtig sind, jedoch auch teilweise f\u00fcr den ambitionierten Hundesportler nicht ganz unwichtig sind.<\/p>\n<p class=\"bodytext\">Der Charakter, f\u00fcr uns ist es wichtig das der Hund viel \u201ewill to please\u201c mitbringt, d.h. viel Arbeitseifer, er muss aufgeschlossen sein, lernfreudig, sollte auch wie im Standard geschrieben steht, eine Portion h\u00e4ndelbaren Schutztrieb aufweisen, die Distanz Fremden gegen\u00fcber sollte auch nicht ganz verloren gehen. Gleichzeitig muss der Aussie zu Hause ruhig sein und wenn es ans arbeiten geht, sofort bereit stehen. Wichtig ist auch, ob der Hund noch H\u00fctetrieb hat, daher haben wir auch geschaut, ob unsere Hunde noch den Trieb und den Urinstinkt haben. Gut sozialisiert sollte der Hund sein, wobei dies sowohl beim Z\u00fcchter liegt als auch bei seinen zuk\u00fcnftigen Besitzern.<\/p>\n<p class=\"bodytext\">Zum Schluss noch ein sehr heikles Thema Erbkrankheiten, hier steht f\u00fcr uns an erster Stelle die Bek\u00e4mpfung von Epilepsie und HD\/ED, ein sehr heikles Thema, da man bei Epi nicht genau sagen kann, ob es sich um eine prim\u00e4re oder sekund\u00e4re Epilepsie handelt, d.h. eine vererbte oder eine erworbene Form der Epi. Was kann man als Z\u00fcchter tun? Derzeit nicht viel, die Wissenschaft arbeitet an einem Test, man kann Linien und Pedigrees pr\u00fcfen und anhand dieser Risiken eind\u00e4mmen. Man hat Linien mit mehr und Linien mit weniger Risiken und es gibt keine Linie, die frei vom Epi Risiko ist. Leider ist es in letzter Zeit recht h\u00e4ufig vorgekommen, das Hunde Epi produziert haben, die man als halbwegs sauber deklariert hat, das ist das heimt\u00fcckische an dieser Krankheit. Die Uni M\u00fcnchen hat ein Studie zu diesem Thema raus gegeben, leider tappt man immer noch im dunklen um die Bausteine der vererbbaren Epi zu finden, es wurden 50 Hunde in diese Studie aufgenommen und wirklich neue Erkenntnisse hat es leider nicht gegeben. Man geht derzeit davon aus, das es kein rezessives Gen ist, sondern das mehrere Gene zum Baustein Epilepsie dazu geh\u00f6ren und wahrscheinlich sogar \u00e4u\u00dfere Faktoren eine Rolle spielen. Durch einen sehr netten Mail Kontakt mit der leitendenden Professorin der Neurologischen Abteilung der Uni M\u00fcnchen haben wir sehr viel gelernt. Jeder muss f\u00fcr sich entscheiden, welches Risiko er eingeht, es gibt Verpaarungen, wo man als Z\u00fcchter denkt, wenn es hier nicht knallt, dann wei\u00df ich es nicht, und es passiert nichts, dann sieht man eine Verpaarung, wouw super geringes Epi Risiko und es gibt einen Epi Fall, also zur Zeit sehen wir das Thema Epi als reines Gl\u00fccksspiel an. Ebenso problematisch sind Augenkrankheiten. Um hier die wichtigsten zu nennen, Katarakt, CEA (Collie Eye Anomalie), PRA (Progressive Retina Atrophie) und Iris Kolobom. F\u00fcr CEA und Katarakt gibt es f\u00fcr die vererbbare Form einen Test, wobei beim Katarakt auch nicht alle Formen des vererbbaren Kataraktes erforscht sind. Der Test, der derzeit auf dem Markt ist, testet eine Form des vererbbaren Kataraktes, dieses ist jedoch die am h\u00e4ufigsten beim Aussie vorkommende Form des erbbaren Kataraktes. Ein weiteres Problem ist die HD (H\u00fcftgelenkdysplasie), kommt leider auch immer wieder vor, auch hier gibt es die vererbbare und die nicht vererbbare Form, die Wissenschaftler sind sich einig das hier auch die Ern\u00e4hrung und die Aufzucht der Welpen\/Junghunde eine gro\u00dfe Rolle spielt. Der MDR 1 Defekt darf nat\u00fcrlich in keiner Liste \u00fcber Aussie Krankheiten fehlen. Dies ist ein Defekt eines Genes, welches Medikamente abbaut und Narkosen nicht durch die Blut\u2014Hirnschranke l\u00e4sst. Es gibt nat\u00fcrlich noch viel mehr an \u201eaussietypischen\u201c Krankheiten, aber die alle aufzuz\u00e4hlen und zu er\u00f6rtern w\u00fcrde die Seite sprengen, unter unseren Links gibt es einige Seiten auf denen man sich detailliert \u00fcber die Erbkrankheiten informieren kann.<\/p>\n<p class=\"bodytext\">Fazit oder unser Zuchtziel besteht aus mehreren Dingen, wie bei vielen anderen Z\u00fcchtern steht nat\u00fcrlich auch bei uns an erster Stelle die Gesundheit, danach kommt ein einwandfreier Charakter und die Arbeitseigenschaften und danach das Aussehen der Hunde. Wir m\u00f6chten gesunde Sporthunde z\u00fcchten, die jedoch auch im Showring keine schlechte Figur abgeben, vom Aussehen und Charakter halt ein typischer Aussie wie in meinem Standard beschrieben, der Ursprung des Aussie. Wir kennen die Risiken unserer Hunde, den jeder Hund hat seine Risiken in seinem Pedigree und werden versuchen m\u00f6glichst viel auszugleichen und haben selber im Vorfeld alles gemacht, was man tun kann um einiges auszuschlie\u00dfen.<\/p>\n<p class=\"bodytext\">Dies ist auch ein gro\u00dfes Problem der \u201eAussiezucht\u201c , es gibt sehr sehr viele, nennen wir sie \u201eVermehrer\u201c die weder Ahnung von Pedigrees haben, noch sich mit Erbkrankheiten auseinandergesetzt haben und auch keine Gesundheitsauswertungen gemacht haben. Hier werden die Welpen f\u00fcr \u201ekleines Geld\u201c verkauft und man kann viel Pech haben und einen kranken Hund erwischen, d.h. nicht, dass jeder Hund der von einem Z\u00fcchter kommt auch gesund ist und jeder der von einem \u201eVermehrer\u201c kommt, krank ist, nein das kann zum Gl\u00fcck niemand vorhersagen, aber ich als verantwortungsbewusster Z\u00fcchter habe alles getan um Krankheiten vorzubeugen.<\/p>\n<p class=\"bodytext\">Noch einige unserer Gedanken zur Zucht, warum \u00fcberhaupt, warum hier, gibt es nicht genug Z\u00fcchter und Hunde in Tierheimen etc. Dies sind Fragen, die wir uns immer wieder gestellt haben. Zucht hei\u00dft auch die Rasse verbessern, \u00fcber Generationen denken, egal welche Zuchtziele man auch immer haben mag. So und hier kommen wir zum Punkt, wir denken gerade Ashley ist eine Verbesserung, sie kommt dem Traum vom Aussie sehr nahe. Und auch durch unsere Trainert\u00e4tigkeit im Hundesport werden wir die Zucht nicht ansehen, als \u201ewir machen mal eben schnell einen Wurf\u201c, es wird hier alles getan um bestens sozialisierte, gesunde Welpen abzugeben. Es gibt viele Aussiez\u00fcchter, auch einige sehr gute und gute Z\u00fcchter, es gibt aber auch viele bei denen wir nie einen Hund kaufen w\u00fcrde. Wir k\u00f6nnen nur empfehlen sich einige Z\u00fcchter anzuschauen, denn auch die Sympathie zum Z\u00fcchter muss da sein und er sollte jederzeit f\u00fcr seine gez\u00fcchteten Hunde da sein, man m\u00f6chte schlie\u00dflich immer um Rat fragen k\u00f6nnen und seine Sorgen und N\u00f6te loswerden oder auch die sch\u00f6nen Dinge, was der Hund gelernt hat oder wenn er eine Pr\u00fcfung bestanden hat, mitteilen. Ein guter Z\u00fcchter ist immer f\u00fcr seine Welpenk\u00e4ufer da, ein Hundeleben lang und nimmt auch in Notf\u00e4llen seine Hunde zur\u00fcck oder hilft bei der Vermittlung und steht immer mit Rat und Tat in allen Fragen den Welpenk\u00e4ufern zur Seite.<\/p>\n","protected":false},"excerpt":{"rendered":"<p>Den Standard gibt es auf vielen Seiten im www nachzulesen, ebenfalls kann man den Standard in sehr vielen guten B\u00fcchern \u00fcber den Australian Shepherd nachlesen, wie z.b. das Buch \u00fcber den Australian Shepherd von Ilse Pelz, oder den Praxisratgeber von Charlotte Schwartz oder der Australian Shepherd von Angela Seidel, ein sehr gutes englisch sprachiges Buch [&hellip;]<\/p>\n","protected":false},"author":1,"featured_media":3588,"parent":2,"menu_order":3,"comment_status":"closed","ping_status":"closed","template":"","meta":{"ngg_post_thumbnail":0,"footnotes":""},"class_list":["post-147","page","type-page","status-publish","has-post-thumbnail","hentry"],"aioseo_notices":[],"jetpack_sharing_enabled":true,"_links":{"self":[{"href":"https:\/\/sportdream-aussies.de\/index.php?rest_route=\/wp\/v2\/pages\/147","targetHints":{"allow":["GET"]}}],"collection":[{"href":"https:\/\/sportdream-aussies.de\/index.php?rest_route=\/wp\/v2\/pages"}],"about":[{"href":"https:\/\/sportdream-aussies.de\/index.php?rest_route=\/wp\/v2\/types\/page"}],"author":[{"embeddable":true,"href":"https:\/\/sportdream-aussies.de\/index.php?rest_route=\/wp\/v2\/users\/1"}],"replies":[{"embeddable":true,"href":"https:\/\/sportdream-aussies.de\/index.php?rest_route=%2Fwp%2Fv2%2Fcomments&post=147"}],"version-history":[{"count":8,"href":"https:\/\/sportdream-aussies.de\/index.php?rest_route=\/wp\/v2\/pages\/147\/revisions"}],"predecessor-version":[{"id":2498,"href":"https:\/\/sportdream-aussies.de\/index.php?rest_route=\/wp\/v2\/pages\/147\/revisions\/2498"}],"up":[{"embeddable":true,"href":"https:\/\/sportdream-aussies.de\/index.php?rest_route=\/wp\/v2\/pages\/2"}],"wp:featuredmedia":[{"embeddable":true,"href":"https:\/\/sportdream-aussies.de\/index.php?rest_route=\/wp\/v2\/media\/3588"}],"wp:attachment":[{"href":"https:\/\/sportdream-aussies.de\/index.php?rest_route=%2Fwp%2Fv2%2Fmedia&parent=147"}],"curies":[{"name":"wp","href":"https:\/\/api.w.org\/{rel}","templated":true}]}}