{"id":1396,"date":"2017-09-14T15:05:05","date_gmt":"2017-09-14T15:05:05","guid":{"rendered":"http:\/\/sportdream-aussies-service.de\/?page_id=1396"},"modified":"2022-09-23T11:33:29","modified_gmt":"2022-09-23T11:33:29","slug":"f-wurf","status":"publish","type":"page","link":"https:\/\/sportdream-aussies.de\/?page_id=1396","title":{"rendered":"F-Wurf Sportdream&#8217;s"},"content":{"rendered":"<a href=\"https:\/\/sportdream-aussies.de\/?page_id=196\" class=\"su-button su-button-style-3d\" style=\"color:#040404;background-color:#39ef2d;border-color:#2ec024;border-radius:6px\" target=\"_self\"><span style=\"color:#040404;padding:0px 18px;font-size:14px;line-height:28px;border-color:#75f46c;border-radius:6px;text-shadow:none\"> <img src='https:\/\/sportdream-aussies.de\/wp-content\/plugins\/wp-monalisa\/icons\/' alt='' width='29' height='24' class='wpml_ico' \/>  Nachzucht<\/span><\/a>\n<h4>F -Wurf aus July und Jonah<\/h4>\n<p>Die Welpen aus Sportdream&#8217;s Australia Beauty July, CHR, CHR1, CHR2, DNA-CP, VT, BH, OB und Excalibur Vesper Jonah HEX DNA-CP sind am 05.12.2015 gefallen.<br \/> <img src='https:\/\/sportdream-aussies.de\/wp-content\/plugins\/wp-monalisa\/icons\/' alt='' width='29' height='24' class='wpml_ico' \/> \n6 Welpen, davon 4 H\u00fcndinnen und 2 R\u00fcden. Auch f\u00fcr diesen Wurf haben wir wieder Sperma importiert, dieses mal aus USA. Ein ganz gro\u00dfes Dankesch\u00f6n an Renee Best Smith, die uns Jonah zur Verf\u00fcgung gestellt hat.<\/p>\n<p><strong>VDH Rally Obedience CH<\/strong> <img src='https:\/\/sportdream-aussies.de\/wp-content\/plugins\/wp-monalisa\/icons\/' alt='' width='29' height='24' class='wpml_ico' \/>  Sportdream&#8217;s Fantasy Snoppy, BH, CHR CHR1 CHR2 RO-B RO-1 RO-2 RO-3<br \/> <img src='https:\/\/sportdream-aussies.de\/wp-content\/plugins\/wp-monalisa\/icons\/' alt='' width='29' height='24' class='wpml_ico' \/> \nR\u00fcde geboren am 05.12.2015<br \/> <img src='https:\/\/sportdream-aussies.de\/wp-content\/plugins\/wp-monalisa\/icons\/' alt='' width='29' height='24' class='wpml_ico' \/> \nlange Rute, black tri<br \/> <img src='https:\/\/sportdream-aussies.de\/wp-content\/plugins\/wp-monalisa\/icons\/' alt='' width='29' height='24' class='wpml_ico' \/> \nMDR +\/-<br \/> <img src='https:\/\/sportdream-aussies.de\/wp-content\/plugins\/wp-monalisa\/icons\/' alt='' width='29' height='24' class='wpml_ico' \/> \nHSF4: clear<br \/> <img src='https:\/\/sportdream-aussies.de\/wp-content\/plugins\/wp-monalisa\/icons\/' alt='' width='29' height='24' class='wpml_ico' \/> \nPRA: clear<br \/> <img src='https:\/\/sportdream-aussies.de\/wp-content\/plugins\/wp-monalisa\/icons\/' alt='' width='29' height='24' class='wpml_ico' \/> \nCEA: clear<br \/> <img src='https:\/\/sportdream-aussies.de\/wp-content\/plugins\/wp-monalisa\/icons\/' alt='' width='29' height='24' class='wpml_ico' \/> \nDM: clear<br \/> <img src='https:\/\/sportdream-aussies.de\/wp-content\/plugins\/wp-monalisa\/icons\/' alt='' width='29' height='24' class='wpml_ico' \/> \nHD: A1<br \/> <img src='https:\/\/sportdream-aussies.de\/wp-content\/plugins\/wp-monalisa\/icons\/' alt='' width='29' height='24' class='wpml_ico' \/> \nED: frei<\/p>\n<div>Award of Merit CASD 2018 VK 3 Platz 1<\/div>\n<div>RO Klasse 3 100 Punkte 1. Platz CASD ASSD Clubshow<\/div>\n<div>Vereinsmeister im RO Klasse 3 im CASD<\/div>\n<div>Combiwertung Show und RO 1. Platz<\/div> <img src='https:\/\/sportdream-aussies.de\/wp-content\/plugins\/wp-monalisa\/icons\/' alt='' width='29' height='24' class='wpml_ico' \/> \nngg_shortcode_0_placeholder\n <img src='https:\/\/sportdream-aussies.de\/wp-content\/plugins\/wp-monalisa\/icons\/' alt='' width='29' height='24' class='wpml_ico' \/> <p>Sportdream&#8217;s Fantasy Nala<br \/> <img src='https:\/\/sportdream-aussies.de\/wp-content\/plugins\/wp-monalisa\/icons\/' alt='' width='29' height='24' class='wpml_ico' \/> \nH\u00fcndin geboren am 05.12.2015<br \/> <img src='https:\/\/sportdream-aussies.de\/wp-content\/plugins\/wp-monalisa\/icons\/' alt='' width='29' height='24' class='wpml_ico' \/> \nlange Rute, red tri<\/p> <img src='https:\/\/sportdream-aussies.de\/wp-content\/plugins\/wp-monalisa\/icons\/' alt='' width='29' height='24' class='wpml_ico' \/> \nngg_shortcode_1_placeholder\n <img src='https:\/\/sportdream-aussies.de\/wp-content\/plugins\/wp-monalisa\/icons\/' alt='' width='29' height='24' class='wpml_ico' \/> <p>Sportdream&#8217;s Fantasy Judy<br \/> <img src='https:\/\/sportdream-aussies.de\/wp-content\/plugins\/wp-monalisa\/icons\/' alt='' width='29' height='24' class='wpml_ico' \/> \nH\u00fcndin geboren am 05.12.2015<br \/> <img src='https:\/\/sportdream-aussies.de\/wp-content\/plugins\/wp-monalisa\/icons\/' alt='' width='29' height='24' class='wpml_ico' \/> \nlange Rute, black tri<\/p> <img src='https:\/\/sportdream-aussies.de\/wp-content\/plugins\/wp-monalisa\/icons\/' alt='' width='29' height='24' class='wpml_ico' \/> \nngg_shortcode_2_placeholder\n <img src='https:\/\/sportdream-aussies.de\/wp-content\/plugins\/wp-monalisa\/icons\/' alt='' width='29' height='24' class='wpml_ico' \/> <p>Sportdream&#8217;s Fantasy Oskar<br \/> <img src='https:\/\/sportdream-aussies.de\/wp-content\/plugins\/wp-monalisa\/icons\/' alt='' width='29' height='24' class='wpml_ico' \/> \nR\u00fcde geboren am 05.12.2015<br \/> <img src='https:\/\/sportdream-aussies.de\/wp-content\/plugins\/wp-monalisa\/icons\/' alt='' width='29' height='24' class='wpml_ico' \/> \nlange Rute, blue merle<br \/> <img src='https:\/\/sportdream-aussies.de\/wp-content\/plugins\/wp-monalisa\/icons\/' alt='' width='29' height='24' class='wpml_ico' \/> \nMDR1: +\/-<br \/> <img src='https:\/\/sportdream-aussies.de\/wp-content\/plugins\/wp-monalisa\/icons\/' alt='' width='29' height='24' class='wpml_ico' \/> \nOskar wird eine sehr verantwortungsvolle Aufgabe \u00fcbernehmen und Therapiehund werden<br \/> <img src='https:\/\/sportdream-aussies.de\/wp-content\/plugins\/wp-monalisa\/icons\/' alt='' width='29' height='24' class='wpml_ico' \/> \nOskar ist beim Tierarzt ger\u00f6ngt und hat top H\u00fcften und Ellbogen.<\/p>\n<p>Oskar ist seit dem 16. M\u00e4rz 2018 gepr\u00fcfter Therapiebegleithund und darf nun offiziell zur Therapie eingesetzt werden.<\/p> <img src='https:\/\/sportdream-aussies.de\/wp-content\/plugins\/wp-monalisa\/icons\/' alt='' width='29' height='24' class='wpml_ico' \/> \nngg_shortcode_3_placeholder\n <img src='https:\/\/sportdream-aussies.de\/wp-content\/plugins\/wp-monalisa\/icons\/' alt='' width='29' height='24' class='wpml_ico' \/> <p>Sportdream&#8217;s Fantasy Folly<br \/> <img src='https:\/\/sportdream-aussies.de\/wp-content\/plugins\/wp-monalisa\/icons\/' alt='' width='29' height='24' class='wpml_ico' \/> \nH\u00fcndin geboren am 05.12.2015<br \/> <img src='https:\/\/sportdream-aussies.de\/wp-content\/plugins\/wp-monalisa\/icons\/' alt='' width='29' height='24' class='wpml_ico' \/> \nlange Rute, red merle<br \/> <img src='https:\/\/sportdream-aussies.de\/wp-content\/plugins\/wp-monalisa\/icons\/' alt='' width='29' height='24' class='wpml_ico' \/> \nHD: A1<br \/> <img src='https:\/\/sportdream-aussies.de\/wp-content\/plugins\/wp-monalisa\/icons\/' alt='' width='29' height='24' class='wpml_ico' \/> \nED: frei Grad 0<br \/> <img src='https:\/\/sportdream-aussies.de\/wp-content\/plugins\/wp-monalisa\/icons\/' alt='' width='29' height='24' class='wpml_ico' \/> \nMDR +\/+<br \/> <img src='https:\/\/sportdream-aussies.de\/wp-content\/plugins\/wp-monalisa\/icons\/' alt='' width='29' height='24' class='wpml_ico' \/> \nVollst\u00e4ndiges korrektes Scherengebiss<br \/> <img src='https:\/\/sportdream-aussies.de\/wp-content\/plugins\/wp-monalisa\/icons\/' alt='' width='29' height='24' class='wpml_ico' \/> \nHSF4 Hereditary Katarakt: clear<br \/> <img src='https:\/\/sportdream-aussies.de\/wp-content\/plugins\/wp-monalisa\/icons\/' alt='' width='29' height='24' class='wpml_ico' \/> \nCEA: clear<br \/> <img src='https:\/\/sportdream-aussies.de\/wp-content\/plugins\/wp-monalisa\/icons\/' alt='' width='29' height='24' class='wpml_ico' \/> \nPRA-prcd: clear<br \/> <img src='https:\/\/sportdream-aussies.de\/wp-content\/plugins\/wp-monalisa\/icons\/' alt='' width='29' height='24' class='wpml_ico' \/> \nDM: clear<br \/> <img src='https:\/\/sportdream-aussies.de\/wp-content\/plugins\/wp-monalisa\/icons\/' alt='' width='29' height='24' class='wpml_ico' \/> \nNCL: clear<br \/> <img src='https:\/\/sportdream-aussies.de\/wp-content\/plugins\/wp-monalisa\/icons\/' alt='' width='29' height='24' class='wpml_ico' \/> \nMH: clear<\/p> <img src='https:\/\/sportdream-aussies.de\/wp-content\/plugins\/wp-monalisa\/icons\/' alt='' width='29' height='24' class='wpml_ico' \/> \nngg_shortcode_4_placeholder\n <img src='https:\/\/sportdream-aussies.de\/wp-content\/plugins\/wp-monalisa\/icons\/' alt='' width='29' height='24' class='wpml_ico' \/> <p>Sportdream&#8217;s Fantasy Beauty Katniss CHR CHR1, CHR2 BH, RO-B<br \/> <img src='https:\/\/sportdream-aussies.de\/wp-content\/plugins\/wp-monalisa\/icons\/' alt='' width='29' height='24' class='wpml_ico' \/> \nH\u00fcndin geboren am 06.12.2015<br \/> <img src='https:\/\/sportdream-aussies.de\/wp-content\/plugins\/wp-monalisa\/icons\/' alt='' width='29' height='24' class='wpml_ico' \/> \nlange Rute, red tri<br \/> <img src='https:\/\/sportdream-aussies.de\/wp-content\/plugins\/wp-monalisa\/icons\/' alt='' width='29' height='24' class='wpml_ico' \/> \nMDR +\/-<br \/> <img src='https:\/\/sportdream-aussies.de\/wp-content\/plugins\/wp-monalisa\/icons\/' alt='' width='29' height='24' class='wpml_ico' \/> \nHSF4 clear<br \/> <img src='https:\/\/sportdream-aussies.de\/wp-content\/plugins\/wp-monalisa\/icons\/' alt='' width='29' height='24' class='wpml_ico' \/> \nCEA clear<br \/> <img src='https:\/\/sportdream-aussies.de\/wp-content\/plugins\/wp-monalisa\/icons\/' alt='' width='29' height='24' class='wpml_ico' \/> \nPRA clear<br \/> <img src='https:\/\/sportdream-aussies.de\/wp-content\/plugins\/wp-monalisa\/icons\/' alt='' width='29' height='24' class='wpml_ico' \/> \nDM clear<br \/> <img src='https:\/\/sportdream-aussies.de\/wp-content\/plugins\/wp-monalisa\/icons\/' alt='' width='29' height='24' class='wpml_ico' \/> \nCMR1 clear<br \/> <img src='https:\/\/sportdream-aussies.de\/wp-content\/plugins\/wp-monalisa\/icons\/' alt='' width='29' height='24' class='wpml_ico' \/> \nHD: A1<br \/> <img src='https:\/\/sportdream-aussies.de\/wp-content\/plugins\/wp-monalisa\/icons\/' alt='' width='29' height='24' class='wpml_ico' \/> \nED: frei und OCD frei<\/p>\n<p>Katniss bleibt bei uns, nicht geplant und alle Vors\u00e4tze \u00fcberworfen, sie hat es geschafft und sich in unser Herz geschlichen.<\/p> <img src='https:\/\/sportdream-aussies.de\/wp-content\/plugins\/wp-monalisa\/icons\/' alt='' width='29' height='24' class='wpml_ico' \/> \nngg_shortcode_5_placeholder\n <img src='https:\/\/sportdream-aussies.de\/wp-content\/plugins\/wp-monalisa\/icons\/' alt='' width='29' height='24' class='wpml_ico' \/> ","protected":false},"excerpt":{"rendered":"<p>F -Wurf aus July und Jonah Die Welpen aus Sportdream&#8217;s Australia Beauty July, CHR, CHR1, CHR2, DNA-CP, VT, BH, OB und Excalibur Vesper Jonah HEX DNA-CP sind am 05.12.2015 gefallen. 6 Welpen, davon 4 H\u00fcndinnen und 2 R\u00fcden. Auch f\u00fcr diesen Wurf haben wir wieder Sperma importiert, dieses mal aus USA. Ein ganz gro\u00dfes Dankesch\u00f6n [&hellip;]<\/p>\n","protected":false},"author":1,"featured_media":0,"parent":196,"menu_order":6,"comment_status":"closed","ping_status":"closed","template":"page-templates\/full-width-page.php","meta":{"ngg_post_thumbnail":0,"footnotes":""},"class_list":["post-1396","page","type-page","status-publish","hentry"],"aioseo_notices":[],"jetpack_sharing_enabled":true,"_links":{"self":[{"href":"https:\/\/sportdream-aussies.de\/index.php?rest_route=\/wp\/v2\/pages\/1396","targetHints":{"allow":["GET"]}}],"collection":[{"href":"https:\/\/sportdream-aussies.de\/index.php?rest_route=\/wp\/v2\/pages"}],"about":[{"href":"https:\/\/sportdream-aussies.de\/index.php?rest_route=\/wp\/v2\/types\/page"}],"author":[{"embeddable":true,"href":"https:\/\/sportdream-aussies.de\/index.php?rest_route=\/wp\/v2\/users\/1"}],"replies":[{"embeddable":true,"href":"https:\/\/sportdream-aussies.de\/index.php?rest_route=%2Fwp%2Fv2%2Fcomments&post=1396"}],"version-history":[{"count":20,"href":"https:\/\/sportdream-aussies.de\/index.php?rest_route=\/wp\/v2\/pages\/1396\/revisions"}],"predecessor-version":[{"id":4751,"href":"https:\/\/sportdream-aussies.de\/index.php?rest_route=\/wp\/v2\/pages\/1396\/revisions\/4751"}],"up":[{"embeddable":true,"href":"https:\/\/sportdream-aussies.de\/index.php?rest_route=\/wp\/v2\/pages\/196"}],"wp:attachment":[{"href":"https:\/\/sportdream-aussies.de\/index.php?rest_route=%2Fwp%2Fv2%2Fmedia&parent=1396"}],"curies":[{"name":"wp","href":"https:\/\/api.w.org\/{rel}","templated":true}]}}