{"id":136,"date":"2017-09-04T17:50:37","date_gmt":"2017-09-04T17:50:37","guid":{"rendered":"http:\/\/sportdream-aussies-service.de\/?page_id=136"},"modified":"2026-02-01T18:48:27","modified_gmt":"2026-02-01T18:48:27","slug":"wir-ueber-uns","status":"publish","type":"page","link":"https:\/\/sportdream-aussies.de\/?page_id=136","title":{"rendered":"Wir \u00fcber uns"},"content":{"rendered":"\r\n<p>&#8222;Wir&#8220; das sind Elke, Michael und die Kinder Philipp und Bianca, die alle ein wenig mit dem Virus Aussie infiziert sind&#8230;&#8230; Wir wohnen in Windhagen, gleich neben dem Siebengebirge am Rande von Bonn, mitten in der Natur, viele Wanderm\u00f6glichkeiten beginnen direkt an unserem Haus und das Siebengebirge und der \u00c4gidienberg laden uns t\u00e4glich zu herrlichen Spazierg\u00e4ngen mit den Hunden ein.<\/p>\r\n\r\n\r\n\r\n<p>Wie wir auf den Aussie gekommen sind? Tja ganz einfach erkl\u00e4rt. Ein Sch\u00e4fer in unserer N\u00e4he hat mit seinen Border Collies Schafe geh\u00fctet. Wir haben alle ganz fasziniert zugeschaut und dann zu Hause nach diesem Hund gegoogelt. Ganz schnell haben wir die Erkenntnis bekommen, das diese Rasse kein Hund f\u00fcr eine Anf\u00e4ngerfamilie ist.Kurze Zeit sp\u00e4ter lief uns der erste Aussie \u00fcber den Weg und da war das Feuer richtig entfacht. Nach ausf\u00fchrlicher Recherche zog dann im Sommer 2005 &#8222;Buddy&#8220; unser erster Aussie ein. Der richtige Schritt! Und&#8230;.. wo ein Aussie ist, hat auch ein zweiter Aussie Platz und ein dritter und ein vierter&#8230;&#8230;.<\/p>\r\n\r\n\r\n\r\n<p class=\"bodytext\">Inzwischen sind wir aktive Hundesportler und regelm\u00e4\u00dfig auf Rally Obedience und Obedience Turnieren zu sehen, auf Ausstellungen und Veranstaltungen<\/p>\r\n\r\n\r\n\r\n<p class=\"bodytext\">Wir z\u00fcchten unterm CASD, der sich dem VDH angeschlossen hat.&nbsp;F\u00fcr den Sportler das non plus ultra, da nur die VDH\/FCI Papiere bei vielen internationalen Turnieren akzeptiert werden. Die Papiere des ASCA werden im Hundesport unter dem VDH nicht akzeptiert. Hier gilt der Aussie als nicht reinrassig! Im CASD gibt es Zucht Kontrollen und eine strenge Zuchtordnung an die sich alle Z\u00fcchter halten m\u00fcssen. Denn wenn Zucht, dann unter den strengen Leitlinien des CASD\/VDH!<\/p>\r\n\r\n\r\n\r\n<p>Mittlerweile im Laufe der nun 18 Jahre FCI Zucht haben wir uns weiterentwickelt, nicht nur das Elke den Trainerschein im Agility und Obedience hat, nein auch Bianca ist zur Neuz\u00fcchterschulung gewesen und ist somit auch zertifiziert Hunde zu z\u00fcchten. Elke ist durch den CASD ausgebildete Verhaltensrichterin und Zuchtwart geworden. Unser Kennel ist nach Paragraph 11 Tierschutzgesetz durch den Amtsveterin\u00e4r der Stadt K\u00f6ln abgenommen und gepr\u00fcft und nun nach unserem Umzug nach Windhagen sind wir auch nach Paragraph 11 Tierschutzgesetz durch den Amtsveterin\u00e4r der Stadt Neuwied abgenommen und gepr\u00fcft.<\/p>\r\n\r\n\r\n\r\n<figure class=\"wp-block-image is-resized\"><img loading=\"lazy\" decoding=\"async\" class=\"wp-image-3920\" src=\"https:\/\/sportdream-aussies.de\/wp-content\/uploads\/2019\/08\/IMG_1357.jpg\" alt=\"\" width=\"221\" height=\"295\" srcset=\"https:\/\/sportdream-aussies.de\/wp-content\/uploads\/2019\/08\/IMG_1357.jpg 384w, https:\/\/sportdream-aussies.de\/wp-content\/uploads\/2019\/08\/IMG_1357-225x300.jpg 225w\" sizes=\"auto, (max-width: 221px) 100vw, 221px\" \/><\/figure>\r\n\r\n\r\n\r\n<figure class=\"wp-block-image\"><img loading=\"lazy\" decoding=\"async\" width=\"300\" height=\"219\" class=\"wp-image-2368\" src=\"https:\/\/sportdream-aussies.de\/wp-content\/uploads\/2017\/09\/IMG_0245-300x219.jpg\" alt=\"\" srcset=\"https:\/\/sportdream-aussies.de\/wp-content\/uploads\/2017\/09\/IMG_0245-300x219.jpg 300w, https:\/\/sportdream-aussies.de\/wp-content\/uploads\/2017\/09\/IMG_0245-768x561.jpg 768w, https:\/\/sportdream-aussies.de\/wp-content\/uploads\/2017\/09\/IMG_0245-1280x934.jpg 1280w\" sizes=\"auto, (max-width: 300px) 100vw, 300px\" \/><\/figure>\r\n\r\n\r\n\r\n<figure class=\"wp-block-image is-resized\"><img loading=\"lazy\" decoding=\"async\" class=\"wp-image-3923\" src=\"https:\/\/sportdream-aussies.de\/wp-content\/uploads\/2019\/08\/F\u00fcr-HP-Bianca.jpg\" alt=\"\" width=\"306\" height=\"204\" srcset=\"https:\/\/sportdream-aussies.de\/wp-content\/uploads\/2019\/08\/F\u00fcr-HP-Bianca.jpg 700w, https:\/\/sportdream-aussies.de\/wp-content\/uploads\/2019\/08\/F\u00fcr-HP-Bianca-300x201.jpg 300w\" sizes=\"auto, (max-width: 306px) 100vw, 306px\" \/><\/figure>\r\n\r\n\r\n\r\n<figure class=\"wp-block-image is-resized\"><img loading=\"lazy\" decoding=\"async\" class=\"wp-image-3926\" src=\"https:\/\/sportdream-aussies.de\/wp-content\/uploads\/2019\/08\/Philipp-f-HP.jpg\" alt=\"\" width=\"302\" height=\"196\" srcset=\"https:\/\/sportdream-aussies.de\/wp-content\/uploads\/2019\/08\/Philipp-f-HP.jpg 700w, https:\/\/sportdream-aussies.de\/wp-content\/uploads\/2019\/08\/Philipp-f-HP-300x195.jpg 300w\" sizes=\"auto, (max-width: 302px) 100vw, 302px\" \/><\/figure>\r\n","protected":false},"excerpt":{"rendered":"<p>&#8222;Wir&#8220; das sind Elke, Michael und die Kinder Philipp und Bianca, die alle ein wenig mit dem Virus Aussie infiziert sind&#8230;&#8230; Wir wohnen in Windhagen, gleich neben dem Siebengebirge am Rande von Bonn, mitten in der Natur, viele Wanderm\u00f6glichkeiten beginnen direkt an unserem Haus und das Siebengebirge und der \u00c4gidienberg laden uns t\u00e4glich zu herrlichen [&hellip;]<\/p>\n","protected":false},"author":1,"featured_media":858,"parent":2,"menu_order":1,"comment_status":"closed","ping_status":"closed","template":"","meta":{"ngg_post_thumbnail":0,"footnotes":""},"class_list":["post-136","page","type-page","status-publish","has-post-thumbnail","hentry"],"aioseo_notices":[],"jetpack_sharing_enabled":true,"_links":{"self":[{"href":"https:\/\/sportdream-aussies.de\/index.php?rest_route=\/wp\/v2\/pages\/136","targetHints":{"allow":["GET"]}}],"collection":[{"href":"https:\/\/sportdream-aussies.de\/index.php?rest_route=\/wp\/v2\/pages"}],"about":[{"href":"https:\/\/sportdream-aussies.de\/index.php?rest_route=\/wp\/v2\/types\/page"}],"author":[{"embeddable":true,"href":"https:\/\/sportdream-aussies.de\/index.php?rest_route=\/wp\/v2\/users\/1"}],"replies":[{"embeddable":true,"href":"https:\/\/sportdream-aussies.de\/index.php?rest_route=%2Fwp%2Fv2%2Fcomments&post=136"}],"version-history":[{"count":39,"href":"https:\/\/sportdream-aussies.de\/index.php?rest_route=\/wp\/v2\/pages\/136\/revisions"}],"predecessor-version":[{"id":5585,"href":"https:\/\/sportdream-aussies.de\/index.php?rest_route=\/wp\/v2\/pages\/136\/revisions\/5585"}],"up":[{"embeddable":true,"href":"https:\/\/sportdream-aussies.de\/index.php?rest_route=\/wp\/v2\/pages\/2"}],"wp:featuredmedia":[{"embeddable":true,"href":"https:\/\/sportdream-aussies.de\/index.php?rest_route=\/wp\/v2\/media\/858"}],"wp:attachment":[{"href":"https:\/\/sportdream-aussies.de\/index.php?rest_route=%2Fwp%2Fv2%2Fmedia&parent=136"}],"curies":[{"name":"wp","href":"https:\/\/api.w.org\/{rel}","templated":true}]}}