{"id":1213,"date":"2017-09-14T12:50:10","date_gmt":"2017-09-14T12:50:10","guid":{"rendered":"http:\/\/sportdream-aussies-service.de\/?page_id=1213"},"modified":"2022-09-23T11:31:29","modified_gmt":"2022-09-23T11:31:29","slug":"d-wurf","status":"publish","type":"page","link":"https:\/\/sportdream-aussies.de\/?page_id=1213","title":{"rendered":"D-Wurf Sportdream&#8217;s"},"content":{"rendered":"<a href=\"https:\/\/sportdream-aussies.de\/?page_id=196\" class=\"su-button su-button-style-3d\" style=\"color:#040404;background-color:#39ef2d;border-color:#2ec024;border-radius:6px\" target=\"_self\"><span style=\"color:#040404;padding:0px 18px;font-size:14px;line-height:28px;border-color:#75f46c;border-radius:6px;text-shadow:none\"> <img src='https:\/\/sportdream-aussies.de\/wp-content\/plugins\/wp-monalisa\/icons\/' alt='' width='29' height='24' class='wpml_ico' \/>  Nachzucht<\/span><\/a>\n<h4>D Wurf aus July und Ilay<\/h4>\n<p>Die Welpen aus Sportdream&#8217;s Australia Beauty July, CHR, CHR1, CHR2, DNA-CP, VT, BH, OB und Little Blue Rivers Ilay Yuchi DNA-CP sind am 13.04.2013 gefallen. 6 Welpen, davon 3 H\u00fcndinnen und 3 R\u00fcden.<\/p>\n<p><strong>VDH Rally Obedience CH<\/strong> <img src='https:\/\/sportdream-aussies.de\/wp-content\/plugins\/wp-monalisa\/icons\/' alt='' width='29' height='24' class='wpml_ico' \/>  Sportdream&#8217;s Dragon Hunter BH OB RO-B RO-1 RO-2 RO-3 &#8222;Luke&#8220;<br \/> <img src='https:\/\/sportdream-aussies.de\/wp-content\/plugins\/wp-monalisa\/icons\/' alt='' width='29' height='24' class='wpml_ico' \/> \nR\u00fcde geboren am 13.04.2013, Geburtsgewicht 458g<br \/> <img src='https:\/\/sportdream-aussies.de\/wp-content\/plugins\/wp-monalisa\/icons\/' alt='' width='29' height='24' class='wpml_ico' \/> \nlange Rute, black tri<br \/> <img src='https:\/\/sportdream-aussies.de\/wp-content\/plugins\/wp-monalisa\/icons\/' alt='' width='29' height='24' class='wpml_ico' \/> \nMDR +\/+, HSF4, CEA, PRA, DM und CMR1 clear by Parents<br \/> <img src='https:\/\/sportdream-aussies.de\/wp-content\/plugins\/wp-monalisa\/icons\/' alt='' width='29' height='24' class='wpml_ico' \/> \nHD: A1 ED frei Augen frei Oktober 2014<br \/> <img src='https:\/\/sportdream-aussies.de\/wp-content\/plugins\/wp-monalisa\/icons\/' alt='' width='29' height='24' class='wpml_ico' \/> \nkastriert* aufgrund einer schweren Prostata Entz\u00fcndung<br \/> <img src='https:\/\/sportdream-aussies.de\/wp-content\/plugins\/wp-monalisa\/icons\/' alt='' width='29' height='24' class='wpml_ico' \/> \n09.11.2013 Karlsruhe R\u00fcden J\u00fcngstenklasse VV Platz 1<br \/> <img src='https:\/\/sportdream-aussies.de\/wp-content\/plugins\/wp-monalisa\/icons\/' alt='' width='29' height='24' class='wpml_ico' \/> \nLuke hat das Trickdogzertifikat in bronze, silber und gold<\/p>\n<p>Award of Merit  <img src='https:\/\/sportdream-aussies.de\/wp-content\/plugins\/wp-monalisa\/icons\/' alt='' width='29' height='24' class='wpml_ico' \/> \u00a0CASD 2018 Gel\u00e4ndelauf 2000 km 1. Platz<\/p>\n<p>Award of Merit CASD 2018 Gel\u00e4ndelauf 5000 km  <img src='https:\/\/sportdream-aussies.de\/wp-content\/plugins\/wp-monalisa\/icons\/' alt='' width='29' height='24' class='wpml_ico' \/> \u00a01. Platz<\/p>\n<div><\/div> <img src='https:\/\/sportdream-aussies.de\/wp-content\/plugins\/wp-monalisa\/icons\/' alt='' width='29' height='24' class='wpml_ico' \/> \nngg_shortcode_0_placeholder\n <img src='https:\/\/sportdream-aussies.de\/wp-content\/plugins\/wp-monalisa\/icons\/' alt='' width='29' height='24' class='wpml_ico' \/> <p>Sportdream&#8217;s Dragon in Red &#8222;Chester&#8220;<br \/> <img src='https:\/\/sportdream-aussies.de\/wp-content\/plugins\/wp-monalisa\/icons\/' alt='' width='29' height='24' class='wpml_ico' \/> \nR\u00fcde geboren am 13.04.2013, Geburtsgewicht 384g<br \/> <img src='https:\/\/sportdream-aussies.de\/wp-content\/plugins\/wp-monalisa\/icons\/' alt='' width='29' height='24' class='wpml_ico' \/> \nlange Rute, red tri *kastriert<br \/> <img src='https:\/\/sportdream-aussies.de\/wp-content\/plugins\/wp-monalisa\/icons\/' alt='' width='29' height='24' class='wpml_ico' \/> \nMDR +\/+, HSF4, CEA, PRA, DM und CMR1 clear by Parents<\/p> <img src='https:\/\/sportdream-aussies.de\/wp-content\/plugins\/wp-monalisa\/icons\/' alt='' width='29' height='24' class='wpml_ico' \/> \nngg_shortcode_1_placeholder\n <img src='https:\/\/sportdream-aussies.de\/wp-content\/plugins\/wp-monalisa\/icons\/' alt='' width='29' height='24' class='wpml_ico' \/> <p>Sportdream&#8217;s Dragon Fly BH &#8222;Lucky&#8220;<br \/> <img src='https:\/\/sportdream-aussies.de\/wp-content\/plugins\/wp-monalisa\/icons\/' alt='' width='29' height='24' class='wpml_ico' \/> \nH\u00fcndin geboren am 13.04.2013, Geburtsgewicht 400g<br \/> <img src='https:\/\/sportdream-aussies.de\/wp-content\/plugins\/wp-monalisa\/icons\/' alt='' width='29' height='24' class='wpml_ico' \/> \nlange Rute, black tri<br \/> <img src='https:\/\/sportdream-aussies.de\/wp-content\/plugins\/wp-monalisa\/icons\/' alt='' width='29' height='24' class='wpml_ico' \/> \n*kastriert<br \/> <img src='https:\/\/sportdream-aussies.de\/wp-content\/plugins\/wp-monalisa\/icons\/' alt='' width='29' height='24' class='wpml_ico' \/> \nMDR +\/+, HSF4, CEA, PRA, DM und CMR1 clear by Parents<br \/> <img src='https:\/\/sportdream-aussies.de\/wp-content\/plugins\/wp-monalisa\/icons\/' alt='' width='29' height='24' class='wpml_ico' \/> \nH\u00fcften und Ellbogen top, ausgewertet in einer Tierklinik<\/p> <img src='https:\/\/sportdream-aussies.de\/wp-content\/plugins\/wp-monalisa\/icons\/' alt='' width='29' height='24' class='wpml_ico' \/> \nngg_shortcode_2_placeholder\n <img src='https:\/\/sportdream-aussies.de\/wp-content\/plugins\/wp-monalisa\/icons\/' alt='' width='29' height='24' class='wpml_ico' \/> <p>Sportdream&#8217;s Dragon Fire BH &#8222;Denver&#8220;<br \/> <img src='https:\/\/sportdream-aussies.de\/wp-content\/plugins\/wp-monalisa\/icons\/' alt='' width='29' height='24' class='wpml_ico' \/> \nR\u00fcde geboren am 13.04.2013, Geburtsgewicht 380g<br \/> <img src='https:\/\/sportdream-aussies.de\/wp-content\/plugins\/wp-monalisa\/icons\/' alt='' width='29' height='24' class='wpml_ico' \/> \nlange Rute, black tri<br \/> <img src='https:\/\/sportdream-aussies.de\/wp-content\/plugins\/wp-monalisa\/icons\/' alt='' width='29' height='24' class='wpml_ico' \/> \n*kastriert<br \/> <img src='https:\/\/sportdream-aussies.de\/wp-content\/plugins\/wp-monalisa\/icons\/' alt='' width='29' height='24' class='wpml_ico' \/> \nMDR +\/+, HSF4, CEA, PRA, DM und CMR1 clear by Parents<br \/> <img src='https:\/\/sportdream-aussies.de\/wp-content\/plugins\/wp-monalisa\/icons\/' alt='' width='29' height='24' class='wpml_ico' \/> \nH\u00fcften in der Tierklinik Kaiserberg ger\u00f6ngt und top<\/p> <img src='https:\/\/sportdream-aussies.de\/wp-content\/plugins\/wp-monalisa\/icons\/' alt='' width='29' height='24' class='wpml_ico' \/> \nngg_shortcode_3_placeholder\n <img src='https:\/\/sportdream-aussies.de\/wp-content\/plugins\/wp-monalisa\/icons\/' alt='' width='29' height='24' class='wpml_ico' \/> <p>Sportdream&#8217;s Dragon Storm BH OB O1 O2 &#8222;Blaze&#8220;<br \/> <img src='https:\/\/sportdream-aussies.de\/wp-content\/plugins\/wp-monalisa\/icons\/' alt='' width='29' height='24' class='wpml_ico' \/> \nH\u00fcndin geboren am 13.04.2013<br \/> <img src='https:\/\/sportdream-aussies.de\/wp-content\/plugins\/wp-monalisa\/icons\/' alt='' width='29' height='24' class='wpml_ico' \/> \nlange Rute, black tri *kastriert<br \/> <img src='https:\/\/sportdream-aussies.de\/wp-content\/plugins\/wp-monalisa\/icons\/' alt='' width='29' height='24' class='wpml_ico' \/> \nMDR +\/+, HSF4, CEA, PRA, DM und CMR1 clear by Parents<br \/> <img src='https:\/\/sportdream-aussies.de\/wp-content\/plugins\/wp-monalisa\/icons\/' alt='' width='29' height='24' class='wpml_ico' \/> \nBlaze ist beim Tierarzt ger\u00f6ngt und hat top H\u00fcften und Ellbogen<\/p> <img src='https:\/\/sportdream-aussies.de\/wp-content\/plugins\/wp-monalisa\/icons\/' alt='' width='29' height='24' class='wpml_ico' \/> \nngg_shortcode_4_placeholder\n <img src='https:\/\/sportdream-aussies.de\/wp-content\/plugins\/wp-monalisa\/icons\/' alt='' width='29' height='24' class='wpml_ico' \/> <p>Sportdream&#8217;s Dragon MagicBeauty, CHR, CHR1, CHR2, BH, RO-B  <img src='https:\/\/sportdream-aussies.de\/wp-content\/plugins\/wp-monalisa\/icons\/' alt='' width='29' height='24' class='wpml_ico' \/> \u00a0&#8222;Magic&#8220;<br \/> <img src='https:\/\/sportdream-aussies.de\/wp-content\/plugins\/wp-monalisa\/icons\/' alt='' width='29' height='24' class='wpml_ico' \/> \nH\u00fcndin geboren am 13.04.2013<br \/> <img src='https:\/\/sportdream-aussies.de\/wp-content\/plugins\/wp-monalisa\/icons\/' alt='' width='29' height='24' class='wpml_ico' \/> \nlange Rute, black tri<br \/> <img src='https:\/\/sportdream-aussies.de\/wp-content\/plugins\/wp-monalisa\/icons\/' alt='' width='29' height='24' class='wpml_ico' \/> \nMDR +\/+, HSF4, CEA, PRA, DM, MH, NCL und CMR1 clear<br \/> <img src='https:\/\/sportdream-aussies.de\/wp-content\/plugins\/wp-monalisa\/icons\/' alt='' width='29' height='24' class='wpml_ico' \/> \nHD: A1 und ED frei Augen frei Dezember 2016<br \/> <img src='https:\/\/sportdream-aussies.de\/wp-content\/plugins\/wp-monalisa\/icons\/' alt='' width='29' height='24' class='wpml_ico' \/> \nDer Name ist Kult, wo soll ein Beauty auch anders bleiben als bei uns! Magic wird Bianca&#8217;s und Ashleys neuer Begleiter!<\/p> <img src='https:\/\/sportdream-aussies.de\/wp-content\/plugins\/wp-monalisa\/icons\/' alt='' width='29' height='24' class='wpml_ico' \/> \nngg_shortcode_5_placeholder\n <img src='https:\/\/sportdream-aussies.de\/wp-content\/plugins\/wp-monalisa\/icons\/' alt='' width='29' height='24' class='wpml_ico' \/> ","protected":false},"excerpt":{"rendered":"<p>D Wurf aus July und Ilay Die Welpen aus Sportdream&#8217;s Australia Beauty July, CHR, CHR1, CHR2, DNA-CP, VT, BH, OB und Little Blue Rivers Ilay Yuchi DNA-CP sind am 13.04.2013 gefallen. 6 Welpen, davon 3 H\u00fcndinnen und 3 R\u00fcden. VDH Rally Obedience CH Sportdream&#8217;s Dragon Hunter BH OB RO-B RO-1 RO-2 RO-3 &#8222;Luke&#8220; R\u00fcde geboren [&hellip;]<\/p>\n","protected":false},"author":1,"featured_media":848,"parent":196,"menu_order":4,"comment_status":"closed","ping_status":"closed","template":"page-templates\/full-width-page.php","meta":{"ngg_post_thumbnail":0,"footnotes":""},"class_list":["post-1213","page","type-page","status-publish","has-post-thumbnail","hentry"],"aioseo_notices":[],"jetpack_sharing_enabled":true,"_links":{"self":[{"href":"https:\/\/sportdream-aussies.de\/index.php?rest_route=\/wp\/v2\/pages\/1213","targetHints":{"allow":["GET"]}}],"collection":[{"href":"https:\/\/sportdream-aussies.de\/index.php?rest_route=\/wp\/v2\/pages"}],"about":[{"href":"https:\/\/sportdream-aussies.de\/index.php?rest_route=\/wp\/v2\/types\/page"}],"author":[{"embeddable":true,"href":"https:\/\/sportdream-aussies.de\/index.php?rest_route=\/wp\/v2\/users\/1"}],"replies":[{"embeddable":true,"href":"https:\/\/sportdream-aussies.de\/index.php?rest_route=%2Fwp%2Fv2%2Fcomments&post=1213"}],"version-history":[{"count":17,"href":"https:\/\/sportdream-aussies.de\/index.php?rest_route=\/wp\/v2\/pages\/1213\/revisions"}],"predecessor-version":[{"id":4749,"href":"https:\/\/sportdream-aussies.de\/index.php?rest_route=\/wp\/v2\/pages\/1213\/revisions\/4749"}],"up":[{"embeddable":true,"href":"https:\/\/sportdream-aussies.de\/index.php?rest_route=\/wp\/v2\/pages\/196"}],"wp:featuredmedia":[{"embeddable":true,"href":"https:\/\/sportdream-aussies.de\/index.php?rest_route=\/wp\/v2\/media\/848"}],"wp:attachment":[{"href":"https:\/\/sportdream-aussies.de\/index.php?rest_route=%2Fwp%2Fv2%2Fmedia&parent=1213"}],"curies":[{"name":"wp","href":"https:\/\/api.w.org\/{rel}","templated":true}]}}