{"id":1055,"date":"2017-09-13T19:42:00","date_gmt":"2017-09-13T19:42:00","guid":{"rendered":"http:\/\/sportdream-aussies-service.de\/?page_id=1055"},"modified":"2022-03-22T19:30:27","modified_gmt":"2022-03-22T19:30:27","slug":"c-wurf","status":"publish","type":"page","link":"https:\/\/sportdream-aussies.de\/?page_id=1055","title":{"rendered":"C-Wurf Sportdream&#8217;s"},"content":{"rendered":"<a href=\"https:\/\/sportdream-aussies.de\/?page_id=196\" class=\"su-button su-button-style-3d\" style=\"color:#040404;background-color:#39ef2d;border-color:#2ec024;border-radius:6px\" target=\"_self\"><span style=\"color:#040404;padding:0px 18px;font-size:14px;line-height:28px;border-color:#75f46c;border-radius:6px;text-shadow:none\"> <img src='https:\/\/sportdream-aussies.de\/wp-content\/plugins\/wp-monalisa\/icons\/' alt='' width='29' height='24' class='wpml_ico' \/>  Nachzucht<\/span><\/a>\n<h4><\/h4>\n<h4>C Wurf aus Ashley und Morten<\/h4>\n<p>Unsere Welpen aus Sobelkusten Morten Britse, DNA-VP, BH, AA1, AJ1 &#8222;Mo&#8220;und little Sister DNA-CP, CHR, CHR 1, VT, OB, O1, AJ1 &#8222;Ashley&#8220; wurden am 21. Juli 2012 geboren, 9 Welpen, davon 6 R\u00fcden und 3 H\u00fcndinnen. Alle Welpen aus diesem Wurf sind HSF4 frei durch die Eltern und k\u00f6nnen beim MDR1 Defekt nur Tr\u00e4ger sein, aber nie betroffen! Der Inzuchtcoeffizent der Verpaarung betr\u00e4gt 3,83 % !<\/p>\n<p>Sportdream&#8217;s Cocos Beauty CHR, CHR 1 CHR II BH DNA-VP &#8222;Brooke&#8220;<br \/> <img src='https:\/\/sportdream-aussies.de\/wp-content\/plugins\/wp-monalisa\/icons\/' alt='' width='29' height='24' class='wpml_ico' \/> \nH\u00fcndin geboren am 20.7.12<br \/> <img src='https:\/\/sportdream-aussies.de\/wp-content\/plugins\/wp-monalisa\/icons\/' alt='' width='29' height='24' class='wpml_ico' \/> \nlange Rute, blue merle bicolor<br \/> <img src='https:\/\/sportdream-aussies.de\/wp-content\/plugins\/wp-monalisa\/icons\/' alt='' width='29' height='24' class='wpml_ico' \/> \nMDR +\/-<br \/> <img src='https:\/\/sportdream-aussies.de\/wp-content\/plugins\/wp-monalisa\/icons\/' alt='' width='29' height='24' class='wpml_ico' \/> \nHSF4 clear (kein Tr\u00e4ger)<br \/> <img src='https:\/\/sportdream-aussies.de\/wp-content\/plugins\/wp-monalisa\/icons\/' alt='' width='29' height='24' class='wpml_ico' \/> \nCEA: clear (kein Tr\u00e4ger)<br \/> <img src='https:\/\/sportdream-aussies.de\/wp-content\/plugins\/wp-monalisa\/icons\/' alt='' width='29' height='24' class='wpml_ico' \/> \nPRA-prcd: clear (kein Tr\u00e4ger)<br \/> <img src='https:\/\/sportdream-aussies.de\/wp-content\/plugins\/wp-monalisa\/icons\/' alt='' width='29' height='24' class='wpml_ico' \/> \nCMR1: clear (kein Tr\u00e4ger)<br \/> <img src='https:\/\/sportdream-aussies.de\/wp-content\/plugins\/wp-monalisa\/icons\/' alt='' width='29' height='24' class='wpml_ico' \/> \nDM: clear (kein Tr\u00e4ger)<br \/> <img src='https:\/\/sportdream-aussies.de\/wp-content\/plugins\/wp-monalisa\/icons\/' alt='' width='29' height='24' class='wpml_ico' \/> \nHD: A1 ED frei Augen frei Dezember 2016<br \/> <img src='https:\/\/sportdream-aussies.de\/wp-content\/plugins\/wp-monalisa\/icons\/' alt='' width='29' height='24' class='wpml_ico' \/> \nMehr zu Brooke auf ihrer eigenen Seite.<br \/> <img src='https:\/\/sportdream-aussies.de\/wp-content\/plugins\/wp-monalisa\/icons\/' alt='' width='29' height='24' class='wpml_ico' \/> \n21.04.2013 Spezialzuchtschau Troisdorf VV Platz 1<br \/> <img src='https:\/\/sportdream-aussies.de\/wp-content\/plugins\/wp-monalisa\/icons\/' alt='' width='29' height='24' class='wpml_ico' \/> \n27.10.2013 Brooke hat die Begleithundepr\u00fcfung bestanden<\/p> <img src='https:\/\/sportdream-aussies.de\/wp-content\/plugins\/wp-monalisa\/icons\/' alt='' width='29' height='24' class='wpml_ico' \/> \nngg_shortcode_0_placeholder\n <img src='https:\/\/sportdream-aussies.de\/wp-content\/plugins\/wp-monalisa\/icons\/' alt='' width='29' height='24' class='wpml_ico' \/> <p> <img src='https:\/\/sportdream-aussies.de\/wp-content\/plugins\/wp-monalisa\/icons\/' alt='' width='29' height='24' class='wpml_ico' \/> &nbsp; <img src='https:\/\/sportdream-aussies.de\/wp-content\/plugins\/wp-monalisa\/icons\/' alt='' width='29' height='24' class='wpml_ico' \/> <\/p>\n<p>Sportdream&#8217;s Crispy Cake BH &#8222;Lobo&#8220;<br \/> <img src='https:\/\/sportdream-aussies.de\/wp-content\/plugins\/wp-monalisa\/icons\/' alt='' width='29' height='24' class='wpml_ico' \/> \nR\u00fcde geboren am 20.7.12<br \/> <img src='https:\/\/sportdream-aussies.de\/wp-content\/plugins\/wp-monalisa\/icons\/' alt='' width='29' height='24' class='wpml_ico' \/> \nRute NBT 3\/4, blue merle white\/copper<br \/> <img src='https:\/\/sportdream-aussies.de\/wp-content\/plugins\/wp-monalisa\/icons\/' alt='' width='29' height='24' class='wpml_ico' \/> \nLobo ist beim Tierarzt HD und ED untersucht und hat top H\u00fcften und Ellbogen! Lobo ist kastriert<\/p>\n<p>Lobo ist als Rettungshund ausgebildet!<\/p> <img src='https:\/\/sportdream-aussies.de\/wp-content\/plugins\/wp-monalisa\/icons\/' alt='' width='29' height='24' class='wpml_ico' \/> \nngg_shortcode_1_placeholder\n <img src='https:\/\/sportdream-aussies.de\/wp-content\/plugins\/wp-monalisa\/icons\/' alt='' width='29' height='24' class='wpml_ico' \/> <p> <img src='https:\/\/sportdream-aussies.de\/wp-content\/plugins\/wp-monalisa\/icons\/' alt='' width='29' height='24' class='wpml_ico' \/> &nbsp; <img src='https:\/\/sportdream-aussies.de\/wp-content\/plugins\/wp-monalisa\/icons\/' alt='' width='29' height='24' class='wpml_ico' \/> <\/p>\n<p>Sportdream&#8217;s Cookie for Zipp\u00a0GS-N,\u00a0 <img src='https:\/\/sportdream-aussies.de\/wp-content\/plugins\/wp-monalisa\/icons\/' alt='' width='29' height='24' class='wpml_ico' \/>  JS-E,\u00a0 <img src='https:\/\/sportdream-aussies.de\/wp-content\/plugins\/wp-monalisa\/icons\/' alt='' width='29' height='24' class='wpml_ico' \/>  RS-N,\u00a0 <img src='https:\/\/sportdream-aussies.de\/wp-content\/plugins\/wp-monalisa\/icons\/' alt='' width='29' height='24' class='wpml_ico' \/>  RNX\u00a0 <img src='https:\/\/sportdream-aussies.de\/wp-content\/plugins\/wp-monalisa\/icons\/' alt='' width='29' height='24' class='wpml_ico' \/>  DNA-VP &#8222;Zipp&#8220;<br \/> <img src='https:\/\/sportdream-aussies.de\/wp-content\/plugins\/wp-monalisa\/icons\/' alt='' width='29' height='24' class='wpml_ico' \/> \nH\u00fcndin geboren am 20.7.12<br \/> <img src='https:\/\/sportdream-aussies.de\/wp-content\/plugins\/wp-monalisa\/icons\/' alt='' width='29' height='24' class='wpml_ico' \/> \nRute NBT 3\/4, blue merle bicolor<br \/> <img src='https:\/\/sportdream-aussies.de\/wp-content\/plugins\/wp-monalisa\/icons\/' alt='' width='29' height='24' class='wpml_ico' \/> \nHD: A Norbergwinkel 40 (besser gehts nicht)<br \/> <img src='https:\/\/sportdream-aussies.de\/wp-content\/plugins\/wp-monalisa\/icons\/' alt='' width='29' height='24' class='wpml_ico' \/> \nED und OCD frei<br \/> <img src='https:\/\/sportdream-aussies.de\/wp-content\/plugins\/wp-monalisa\/icons\/' alt='' width='29' height='24' class='wpml_ico' \/> \nMDR +\/+, HSF4 clear by Parents<br \/> <img src='https:\/\/sportdream-aussies.de\/wp-content\/plugins\/wp-monalisa\/icons\/' alt='' width='29' height='24' class='wpml_ico' \/> \nCEA: clear (kein Tr\u00e4ger)<br \/> <img src='https:\/\/sportdream-aussies.de\/wp-content\/plugins\/wp-monalisa\/icons\/' alt='' width='29' height='24' class='wpml_ico' \/> \nPRA-prcd: clear (kein Tr\u00e4ger)<br \/> <img src='https:\/\/sportdream-aussies.de\/wp-content\/plugins\/wp-monalisa\/icons\/' alt='' width='29' height='24' class='wpml_ico' \/> \nDM (Degenerative Myelophathie): clear (kein Tr\u00e4ger)<br \/> <img src='https:\/\/sportdream-aussies.de\/wp-content\/plugins\/wp-monalisa\/icons\/' alt='' width='29' height='24' class='wpml_ico' \/> \nCMR1: clear (kein Tr\u00e4ger)<br \/> <img src='https:\/\/sportdream-aussies.de\/wp-content\/plugins\/wp-monalisa\/icons\/' alt='' width='29' height='24' class='wpml_ico' \/> \n30.01.2015 Clubmatch in Rijssen Sehr Gut 1. Platz, beste H\u00fcndin<br \/> <img src='https:\/\/sportdream-aussies.de\/wp-content\/plugins\/wp-monalisa\/icons\/' alt='' width='29' height='24' class='wpml_ico' \/> \nTrickdogzertifikat In the Dog House von Nando Brown &#8222;UberDude&#8220;<\/p> <img src='https:\/\/sportdream-aussies.de\/wp-content\/plugins\/wp-monalisa\/icons\/' alt='' width='29' height='24' class='wpml_ico' \/> \nngg_shortcode_2_placeholder\n <img src='https:\/\/sportdream-aussies.de\/wp-content\/plugins\/wp-monalisa\/icons\/' alt='' width='29' height='24' class='wpml_ico' \/> <p> <img src='https:\/\/sportdream-aussies.de\/wp-content\/plugins\/wp-monalisa\/icons\/' alt='' width='29' height='24' class='wpml_ico' \/> &nbsp; <img src='https:\/\/sportdream-aussies.de\/wp-content\/plugins\/wp-monalisa\/icons\/' alt='' width='29' height='24' class='wpml_ico' \/> <\/p>\n<p>Sportdream&#8217;s Choco Dream &#8222;Bandit&#8220;<br \/> <img src='https:\/\/sportdream-aussies.de\/wp-content\/plugins\/wp-monalisa\/icons\/' alt='' width='29' height='24' class='wpml_ico' \/> \nR\u00fcde geboren am 20.7.12<br \/> <img src='https:\/\/sportdream-aussies.de\/wp-content\/plugins\/wp-monalisa\/icons\/' alt='' width='29' height='24' class='wpml_ico' \/> \nRute NBT 1\/2, red bicolor<br \/> <img src='https:\/\/sportdream-aussies.de\/wp-content\/plugins\/wp-monalisa\/icons\/' alt='' width='29' height='24' class='wpml_ico' \/> \nMDR1 +\/- Bandit ist kastriert<\/p> <img src='https:\/\/sportdream-aussies.de\/wp-content\/plugins\/wp-monalisa\/icons\/' alt='' width='29' height='24' class='wpml_ico' \/> \nngg_shortcode_3_placeholder\n <img src='https:\/\/sportdream-aussies.de\/wp-content\/plugins\/wp-monalisa\/icons\/' alt='' width='29' height='24' class='wpml_ico' \/> <p> <img src='https:\/\/sportdream-aussies.de\/wp-content\/plugins\/wp-monalisa\/icons\/' alt='' width='29' height='24' class='wpml_ico' \/> &nbsp; <img src='https:\/\/sportdream-aussies.de\/wp-content\/plugins\/wp-monalisa\/icons\/' alt='' width='29' height='24' class='wpml_ico' \/> <\/p>\n<p>Sportdream&#8217;s Cream Cake BH, CHR, CHR I, CHR II, OB, O1 &#8222;Tane&#8220;<br \/> <img src='https:\/\/sportdream-aussies.de\/wp-content\/plugins\/wp-monalisa\/icons\/' alt='' width='29' height='24' class='wpml_ico' \/> \nR\u00fcde geboren am 21.7.12<br \/> <img src='https:\/\/sportdream-aussies.de\/wp-content\/plugins\/wp-monalisa\/icons\/' alt='' width='29' height='24' class='wpml_ico' \/> \nlange Rute, blue merle bicolor red factored<br \/> <img src='https:\/\/sportdream-aussies.de\/wp-content\/plugins\/wp-monalisa\/icons\/' alt='' width='29' height='24' class='wpml_ico' \/> \nTane ist kastriert<br \/> <img src='https:\/\/sportdream-aussies.de\/wp-content\/plugins\/wp-monalisa\/icons\/' alt='' width='29' height='24' class='wpml_ico' \/> \nMDR +\/-<br \/> <img src='https:\/\/sportdream-aussies.de\/wp-content\/plugins\/wp-monalisa\/icons\/' alt='' width='29' height='24' class='wpml_ico' \/> \nHSF4: clear (kein Tr\u00e4ger)<br \/> <img src='https:\/\/sportdream-aussies.de\/wp-content\/plugins\/wp-monalisa\/icons\/' alt='' width='29' height='24' class='wpml_ico' \/> \nCEA: clear (kein Tr\u00e4ger)<br \/> <img src='https:\/\/sportdream-aussies.de\/wp-content\/plugins\/wp-monalisa\/icons\/' alt='' width='29' height='24' class='wpml_ico' \/> \nPRA-prcd: clear (kein Tr\u00e4ger)<br \/> <img src='https:\/\/sportdream-aussies.de\/wp-content\/plugins\/wp-monalisa\/icons\/' alt='' width='29' height='24' class='wpml_ico' \/> \nB Lokus B\/b red factored<br \/> <img src='https:\/\/sportdream-aussies.de\/wp-content\/plugins\/wp-monalisa\/icons\/' alt='' width='29' height='24' class='wpml_ico' \/> \nHD: A1 und ED frei Augen frei Oktober 2016<br \/> <img src='https:\/\/sportdream-aussies.de\/wp-content\/plugins\/wp-monalisa\/icons\/' alt='' width='29' height='24' class='wpml_ico' \/> \n21.04.2013 Spezialzuchtschau Troisdorf VV Platz 3<br \/> <img src='https:\/\/sportdream-aussies.de\/wp-content\/plugins\/wp-monalisa\/icons\/' alt='' width='29' height='24' class='wpml_ico' \/> \n12.10.2013 Bundessieger Dortmund V Platz 3<br \/> <img src='https:\/\/sportdream-aussies.de\/wp-content\/plugins\/wp-monalisa\/icons\/' alt='' width='29' height='24' class='wpml_ico' \/> \n27.10.2013 Tane hat die Begleithundepr\u00fcfung geschafft<br \/> <img src='https:\/\/sportdream-aussies.de\/wp-content\/plugins\/wp-monalisa\/icons\/' alt='' width='29' height='24' class='wpml_ico' \/> \n09.08.2014 Beginner, HSV B\u00fcdericher Insel, 231,5 Punkte, V, Platz 3\/10<br \/> <img src='https:\/\/sportdream-aussies.de\/wp-content\/plugins\/wp-monalisa\/icons\/' alt='' width='29' height='24' class='wpml_ico' \/> \n31.01.2015 CASD AOM Award of Merit 2014 Obedience Beginner Platz 1<br \/> <img src='https:\/\/sportdream-aussies.de\/wp-content\/plugins\/wp-monalisa\/icons\/' alt='' width='29' height='24' class='wpml_ico' \/> \n10.05.2015 Klasse 1, Hundebreitensport Essen-Nord, 224,5 Punkte, V, Platz 1\/7<br \/> <img src='https:\/\/sportdream-aussies.de\/wp-content\/plugins\/wp-monalisa\/icons\/' alt='' width='29' height='24' class='wpml_ico' \/> \n12.04.2015 Klasse 1, V.E.A. Borken, 232,5 Punkte, V, Platz 2\/10<\/p> <img src='https:\/\/sportdream-aussies.de\/wp-content\/plugins\/wp-monalisa\/icons\/' alt='' width='29' height='24' class='wpml_ico' \/> \nngg_shortcode_4_placeholder\n <img src='https:\/\/sportdream-aussies.de\/wp-content\/plugins\/wp-monalisa\/icons\/' alt='' width='29' height='24' class='wpml_ico' \/> <p> <img src='https:\/\/sportdream-aussies.de\/wp-content\/plugins\/wp-monalisa\/icons\/' alt='' width='29' height='24' class='wpml_ico' \/> &nbsp; <img src='https:\/\/sportdream-aussies.de\/wp-content\/plugins\/wp-monalisa\/icons\/' alt='' width='29' height='24' class='wpml_ico' \/> <\/p>\n<p>Sportdream&#8217;s Cream Ice BH, AA1, AJ1, AA2, AJ2, ROB, RO-1, RO-2 &#8222;Pepper&#8220;<br \/> <img src='https:\/\/sportdream-aussies.de\/wp-content\/plugins\/wp-monalisa\/icons\/' alt='' width='29' height='24' class='wpml_ico' \/> \nR\u00fcde geboren am 21.7.12<br \/> <img src='https:\/\/sportdream-aussies.de\/wp-content\/plugins\/wp-monalisa\/icons\/' alt='' width='29' height='24' class='wpml_ico' \/> \nlange Rute, blue merle white\/copper<br \/> <img src='https:\/\/sportdream-aussies.de\/wp-content\/plugins\/wp-monalisa\/icons\/' alt='' width='29' height='24' class='wpml_ico' \/> \nMDR1 +\/+<br \/> <img src='https:\/\/sportdream-aussies.de\/wp-content\/plugins\/wp-monalisa\/icons\/' alt='' width='29' height='24' class='wpml_ico' \/> \nHD A1, ED Grad 0, OCD frei<br \/> <img src='https:\/\/sportdream-aussies.de\/wp-content\/plugins\/wp-monalisa\/icons\/' alt='' width='29' height='24' class='wpml_ico' \/> \nHSF4: clear<br \/> <img src='https:\/\/sportdream-aussies.de\/wp-content\/plugins\/wp-monalisa\/icons\/' alt='' width='29' height='24' class='wpml_ico' \/> \nCEA: clear<br \/> <img src='https:\/\/sportdream-aussies.de\/wp-content\/plugins\/wp-monalisa\/icons\/' alt='' width='29' height='24' class='wpml_ico' \/> \nPRA: clear<br \/> <img src='https:\/\/sportdream-aussies.de\/wp-content\/plugins\/wp-monalisa\/icons\/' alt='' width='29' height='24' class='wpml_ico' \/> \nAugen frei Januar 2017<br \/> <img src='https:\/\/sportdream-aussies.de\/wp-content\/plugins\/wp-monalisa\/icons\/' alt='' width='29' height='24' class='wpml_ico' \/> \n09. Juni 2013 CASD Clubschau s.g.<br \/> <img src='https:\/\/sportdream-aussies.de\/wp-content\/plugins\/wp-monalisa\/icons\/' alt='' width='29' height='24' class='wpml_ico' \/> \n28. August 2013 Internationale Rassehundeausstellung Ludwigshafen s.g.<br \/> <img src='https:\/\/sportdream-aussies.de\/wp-content\/plugins\/wp-monalisa\/icons\/' alt='' width='29' height='24' class='wpml_ico' \/> \n12.10.2013 Bundessieger Dortmund SG Platz 4<br \/> <img src='https:\/\/sportdream-aussies.de\/wp-content\/plugins\/wp-monalisa\/icons\/' alt='' width='29' height='24' class='wpml_ico' \/> \n24.11.2013 Begleithundepr\u00fcfung bestanden<br \/> <img src='https:\/\/sportdream-aussies.de\/wp-content\/plugins\/wp-monalisa\/icons\/' alt='' width='29' height='24' class='wpml_ico' \/> \n04. Mai 2014 3. Aussie-Wochenende Troisdorf G Platz 5<br \/> <img src='https:\/\/sportdream-aussies.de\/wp-content\/plugins\/wp-monalisa\/icons\/' alt='' width='29' height='24' class='wpml_ico' \/> \n22. Juni 2014 CASD Clubschau S.g. Platz 2<br \/> <img src='https:\/\/sportdream-aussies.de\/wp-content\/plugins\/wp-monalisa\/icons\/' alt='' width='29' height='24' class='wpml_ico' \/> \nAOM 2016 RO-B Platz 1<br \/> <img src='https:\/\/sportdream-aussies.de\/wp-content\/plugins\/wp-monalisa\/icons\/' alt='' width='29' height='24' class='wpml_ico' \/> \n27. August 2016 SV Deutsche Meisterschaft Rally Obedience Klasse 1 3. Platz mit 95 Punkten.<\/p> <img src='https:\/\/sportdream-aussies.de\/wp-content\/plugins\/wp-monalisa\/icons\/' alt='' width='29' height='24' class='wpml_ico' \/> \nngg_shortcode_5_placeholder\n <img src='https:\/\/sportdream-aussies.de\/wp-content\/plugins\/wp-monalisa\/icons\/' alt='' width='29' height='24' class='wpml_ico' \/> <p>Sportdream&#8217;s Cookie Captain BH, TV1, OB &#8222;Monty&#8220;<br \/> <img src='https:\/\/sportdream-aussies.de\/wp-content\/plugins\/wp-monalisa\/icons\/' alt='' width='29' height='24' class='wpml_ico' \/> \nR\u00fcde geboren am 21.7.12<br \/> <img src='https:\/\/sportdream-aussies.de\/wp-content\/plugins\/wp-monalisa\/icons\/' alt='' width='29' height='24' class='wpml_ico' \/> \nRute NBT 3\/4, blue merle white\/copper<br \/> <img src='https:\/\/sportdream-aussies.de\/wp-content\/plugins\/wp-monalisa\/icons\/' alt='' width='29' height='24' class='wpml_ico' \/> \nMDR +\/-, HSF4 clear by Parents<br \/> <img src='https:\/\/sportdream-aussies.de\/wp-content\/plugins\/wp-monalisa\/icons\/' alt='' width='29' height='24' class='wpml_ico' \/> \n*kastriert* aufgrund Kryptorchismus<br \/> <img src='https:\/\/sportdream-aussies.de\/wp-content\/plugins\/wp-monalisa\/icons\/' alt='' width='29' height='24' class='wpml_ico' \/> \nH\u00fcften und Ellbogen durch Tierartz ger\u00f6ngt, Monty hat top H\u00fcften und Ellbogen<br \/> <img src='https:\/\/sportdream-aussies.de\/wp-content\/plugins\/wp-monalisa\/icons\/' alt='' width='29' height='24' class='wpml_ico' \/> \n29.03.2014 BH bestanden PSV K\u00f6ln<br \/> <img src='https:\/\/sportdream-aussies.de\/wp-content\/plugins\/wp-monalisa\/icons\/' alt='' width='29' height='24' class='wpml_ico' \/> \n25.05.2014 THS VK1 2. Platz mit 58\/249 Punkten beim RFV Aachen<br \/> <img src='https:\/\/sportdream-aussies.de\/wp-content\/plugins\/wp-monalisa\/icons\/' alt='' width='29' height='24' class='wpml_ico' \/> \n14.09.2014 THS VK1 1. Platz mit 57\/257 Punkten beim HSV Ahrtal<br \/> <img src='https:\/\/sportdream-aussies.de\/wp-content\/plugins\/wp-monalisa\/icons\/' alt='' width='29' height='24' class='wpml_ico' \/> \n03.10.2014 THS VK1 1. Platz mit 57\/258 Punkten beim HSC H\u00fcrth-Rheinland<br \/> <img src='https:\/\/sportdream-aussies.de\/wp-content\/plugins\/wp-monalisa\/icons\/' alt='' width='29' height='24' class='wpml_ico' \/> \n19.10.2014 THS VK1 4. Platz mit 56\/246 Punkten beim MV Alsdorf-Wilhelmschacht-Busch<br \/> <img src='https:\/\/sportdream-aussies.de\/wp-content\/plugins\/wp-monalisa\/icons\/' alt='' width='29' height='24' class='wpml_ico' \/> \n04.01.2015 Obe Beginner 4. Platz mit V und 233,5 Punkten beim SV OG Schwelm-Ost<\/p> <img src='https:\/\/sportdream-aussies.de\/wp-content\/plugins\/wp-monalisa\/icons\/' alt='' width='29' height='24' class='wpml_ico' \/> \nngg_shortcode_6_placeholder\n <img src='https:\/\/sportdream-aussies.de\/wp-content\/plugins\/wp-monalisa\/icons\/' alt='' width='29' height='24' class='wpml_ico' \/> <p> <img src='https:\/\/sportdream-aussies.de\/wp-content\/plugins\/wp-monalisa\/icons\/' alt='' width='29' height='24' class='wpml_ico' \/> &nbsp; <img src='https:\/\/sportdream-aussies.de\/wp-content\/plugins\/wp-monalisa\/icons\/' alt='' width='29' height='24' class='wpml_ico' \/> <\/p>\n<p>Sportdream&#8217;s Candy Candlelight &#8222;Summer&#8220;<br \/> <img src='https:\/\/sportdream-aussies.de\/wp-content\/plugins\/wp-monalisa\/icons\/' alt='' width='29' height='24' class='wpml_ico' \/> \nH\u00fcndin geboren am 21.7.12<br \/> <img src='https:\/\/sportdream-aussies.de\/wp-content\/plugins\/wp-monalisa\/icons\/' alt='' width='29' height='24' class='wpml_ico' \/> \nlange Rute, black white\/copper<br \/> <img src='https:\/\/sportdream-aussies.de\/wp-content\/plugins\/wp-monalisa\/icons\/' alt='' width='29' height='24' class='wpml_ico' \/> \nMDR +\/+, HSF4 clear by Parents<\/p> <img src='https:\/\/sportdream-aussies.de\/wp-content\/plugins\/wp-monalisa\/icons\/' alt='' width='29' height='24' class='wpml_ico' \/> \nngg_shortcode_7_placeholder\n <img src='https:\/\/sportdream-aussies.de\/wp-content\/plugins\/wp-monalisa\/icons\/' alt='' width='29' height='24' class='wpml_ico' \/> <p> <img src='https:\/\/sportdream-aussies.de\/wp-content\/plugins\/wp-monalisa\/icons\/' alt='' width='29' height='24' class='wpml_ico' \/> &nbsp; <img src='https:\/\/sportdream-aussies.de\/wp-content\/plugins\/wp-monalisa\/icons\/' alt='' width='29' height='24' class='wpml_ico' \/> <\/p>\n<p>Sportdream&#8217;s Cranberry Cake &#8222;Jack&#8220;<br \/> <img src='https:\/\/sportdream-aussies.de\/wp-content\/plugins\/wp-monalisa\/icons\/' alt='' width='29' height='24' class='wpml_ico' \/> \nR\u00fcde geboren am 21.7.12<br \/> <img src='https:\/\/sportdream-aussies.de\/wp-content\/plugins\/wp-monalisa\/icons\/' alt='' width='29' height='24' class='wpml_ico' \/> \nlange Rute, black white\/copper<br \/> <img src='https:\/\/sportdream-aussies.de\/wp-content\/plugins\/wp-monalisa\/icons\/' alt='' width='29' height='24' class='wpml_ico' \/> \nMDR1 +\/-, HSF4 clear by Parents<br \/> <img src='https:\/\/sportdream-aussies.de\/wp-content\/plugins\/wp-monalisa\/icons\/' alt='' width='29' height='24' class='wpml_ico' \/> \nCEA: clear (kein Tr\u00e4ger)<br \/> <img src='https:\/\/sportdream-aussies.de\/wp-content\/plugins\/wp-monalisa\/icons\/' alt='' width='29' height='24' class='wpml_ico' \/> \nPRA-prcd: clear (kein Tr\u00e4ger)<br \/> <img src='https:\/\/sportdream-aussies.de\/wp-content\/plugins\/wp-monalisa\/icons\/' alt='' width='29' height='24' class='wpml_ico' \/> \nJack ist kastriert<br \/> <img src='https:\/\/sportdream-aussies.de\/wp-content\/plugins\/wp-monalisa\/icons\/' alt='' width='29' height='24' class='wpml_ico' \/> \n21.04.2013 Spezialzuchtschau Troisdorf VV Platz 1<\/p> <img src='https:\/\/sportdream-aussies.de\/wp-content\/plugins\/wp-monalisa\/icons\/' alt='' width='29' height='24' class='wpml_ico' \/> \nngg_shortcode_8_placeholder\n <img src='https:\/\/sportdream-aussies.de\/wp-content\/plugins\/wp-monalisa\/icons\/' alt='' width='29' height='24' class='wpml_ico' \/> <p> <img src='https:\/\/sportdream-aussies.de\/wp-content\/plugins\/wp-monalisa\/icons\/' alt='' width='29' height='24' class='wpml_ico' \/> &nbsp; <img src='https:\/\/sportdream-aussies.de\/wp-content\/plugins\/wp-monalisa\/icons\/' alt='' width='29' height='24' class='wpml_ico' \/> <\/p>\n","protected":false},"excerpt":{"rendered":"<p>C Wurf aus Ashley und Morten Unsere Welpen aus Sobelkusten Morten Britse, DNA-VP, BH, AA1, AJ1 &#8222;Mo&#8220;und little Sister DNA-CP, CHR, CHR 1, VT, OB, O1, AJ1 &#8222;Ashley&#8220; wurden am 21. Juli 2012 geboren, 9 Welpen, davon 6 R\u00fcden und 3 H\u00fcndinnen. Alle Welpen aus diesem Wurf sind HSF4 frei durch die Eltern und k\u00f6nnen [&hellip;]<\/p>\n","protected":false},"author":1,"featured_media":860,"parent":196,"menu_order":3,"comment_status":"closed","ping_status":"closed","template":"page-templates\/full-width-page.php","meta":{"ngg_post_thumbnail":0,"footnotes":""},"class_list":["post-1055","page","type-page","status-publish","has-post-thumbnail","hentry"],"aioseo_notices":[],"jetpack_sharing_enabled":true,"_links":{"self":[{"href":"https:\/\/sportdream-aussies.de\/index.php?rest_route=\/wp\/v2\/pages\/1055","targetHints":{"allow":["GET"]}}],"collection":[{"href":"https:\/\/sportdream-aussies.de\/index.php?rest_route=\/wp\/v2\/pages"}],"about":[{"href":"https:\/\/sportdream-aussies.de\/index.php?rest_route=\/wp\/v2\/types\/page"}],"author":[{"embeddable":true,"href":"https:\/\/sportdream-aussies.de\/index.php?rest_route=\/wp\/v2\/users\/1"}],"replies":[{"embeddable":true,"href":"https:\/\/sportdream-aussies.de\/index.php?rest_route=%2Fwp%2Fv2%2Fcomments&post=1055"}],"version-history":[{"count":17,"href":"https:\/\/sportdream-aussies.de\/index.php?rest_route=\/wp\/v2\/pages\/1055\/revisions"}],"predecessor-version":[{"id":1057,"href":"https:\/\/sportdream-aussies.de\/index.php?rest_route=\/wp\/v2\/pages\/1055\/revisions\/1057"}],"up":[{"embeddable":true,"href":"https:\/\/sportdream-aussies.de\/index.php?rest_route=\/wp\/v2\/pages\/196"}],"wp:featuredmedia":[{"embeddable":true,"href":"https:\/\/sportdream-aussies.de\/index.php?rest_route=\/wp\/v2\/media\/860"}],"wp:attachment":[{"href":"https:\/\/sportdream-aussies.de\/index.php?rest_route=%2Fwp%2Fv2%2Fmedia&parent=1055"}],"curies":[{"name":"wp","href":"https:\/\/api.w.org\/{rel}","templated":true}]}}