{"id":1042,"date":"2017-09-13T14:49:58","date_gmt":"2017-09-13T14:49:58","guid":{"rendered":"http:\/\/sportdream-aussies-service.de\/?page_id=1042"},"modified":"2023-05-12T11:40:53","modified_gmt":"2023-05-12T11:40:53","slug":"buchtips","status":"publish","type":"page","link":"https:\/\/sportdream-aussies.de\/?page_id=1042","title":{"rendered":"Buchtips"},"content":{"rendered":"<div id=\"content\">\n<div id=\"cr1\">\n<div id=\"c411\" class=\"csc-default\">\n<div class=\"csc-header csc-header-n1\">\n<h3 class=\"csc-firstHeader\"><span style=\"font-size: 16px;\">Allgemeine Buchtips \u00fcber den Aussie<\/span><\/h3>\n<p class=\"csc-firstHeader\">Hier eine kleine Aufz\u00e4hlung von B\u00fcchern, die wir empfehlen k\u00f6nnen!<\/p>\n<\/div>\n<div class=\"csc-textpic-text\">\n<h5 class=\"bodytext\" style=\"text-align: left;\"><b>Ilse Pelz, der Australian Shepherd\u00a0 <img src='https:\/\/sportdream-aussies.de\/wp-content\/plugins\/wp-monalisa\/icons\/' alt='' width='29' height='24' class='wpml_ico' \/> <\/b><\/h5>\n<p class=\"bodytext\">Ein geniales Buch f\u00fcr alle, die Aussie Fans werden wollen oder es schon sind und einfach nur nochmal alles \u00fcber die wundervolle Rasse nachlesen wollen. Das Nachschlagewerk, was man im Schrank stehen haben muss!<\/p>\n<h5 class=\"bodytext\"><b>All about Aussie von Jean Joy Hartnagle<\/b><\/h5>\n<\/div>\n<p>Ein englischsprachiges Buch \u00fcber den Aussie von den Urgesteinen der Aussie Zucht aus den USA der Las Roscosa Kennel. Einer der ersten Aussie Z\u00fcchter, in vielen unserer Hunden befinden sich noch die Las Roscosa oder die Hartnagle Hunde drin.<\/p>\n<div class=\"csc-textpic-text\">\n<h5 class=\"bodytext\"><b>Unser Traumhund: Der Australian Shepherd von Beatrice Schneider<\/b><\/h5>\n<p class=\"bodytext\">Wir haben das Buch nur als PDF Datei vorliegen, es wurde auch nur \u00fcberflogen, aber da viele Bilder von unseren Hunden in dem Buch drin sind, ist es deswegen\u00a0 <img src='https:\/\/sportdream-aussies.de\/wp-content\/plugins\/wp-monalisa\/icons\/' alt='' width='29' height='24' class='wpml_ico' \/>  lesenswert :)<\/p>\n<\/div>\n<div class=\"csc-textpic-text\">\n<h5 class=\"bodytext\"><b>Angela Seidel Der Australian Shepherd<\/b><\/h5>\n<\/div>\n<p>Eine leichtes Buch, schnell zu lesen, umfassend aber nicht detailliert, wer sich mal schnell einen \u00dcberblick verschaffen will, dem reicht dieses Buch vollkommen.<\/p>\n<p><b>Australian Shepherd Praxisratgeber von Charlotte Schwarz<\/b><\/p>\n<div class=\"csc-textpic-text\">\n<p class=\"bodytext\">Wieder ein sehr umfangreiches Buch \u00fcber den Aussie, mittlerweile etwas in die Jahre gekommen, aber immer noch sehr informativ.<\/p>\n<h4 class=\"bodytext\">Buchtips \u00fcber die Erziehung<\/h4>\n<\/div>\n<\/div>\n<div id=\"c412\" class=\"csc-default\">\n<div class=\"csc-textpic-text\">\n<p class=\"bodytext\">Das ist ein wenig schwer, denn es gibt viele Meinungen, viele gute Trainer, gute Konzepte, aber jeder muss\u00a0 <img src='https:\/\/sportdream-aussies.de\/wp-content\/plugins\/wp-monalisa\/icons\/' alt='' width='29' height='24' class='wpml_ico' \/> <b>seinen<\/b> <img src='https:\/\/sportdream-aussies.de\/wp-content\/plugins\/wp-monalisa\/icons\/' alt='' width='29' height='24' class='wpml_ico' \/> \u00a0Weg finden, hier kann man sich nur Anregungen holen, ein Rezept f\u00fcr Hund xy gibt es nicht! Wir haben uns aus den vielen B\u00fcchern, das rausgepickt, was f\u00fcr uns und in unseren Augen sinnvoll ist.<\/p>\n<h5 class=\"bodytext\"><b>Hoffnung auf Freundschaft, das erste Jahr des Hundes<\/b><\/h5>\n<p class=\"bodytext\">Hier beschreibt Michael Grewe den Weg von 2 Aussies in unterschiedlichen Familien, was aus ihnen geworden ist und vor allen Dingen, wo die Fehler gewesen sind. Sehr sch\u00f6n und informativ geschrieben.<\/p>\n<h5 class=\"bodytext\"><b>Das andere Ende der Leine von Patricia B McConnell<\/b><\/h5>\n<p class=\"bodytext\">Wie ticken unsere Hunde und warum tun sie das, endlich mal ein Buch, was verst\u00e4ndlich erkl\u00e4rt, warum der Hund ein bestimmtes Verhaltensmuster aufzeigt, wenn der Mensch die Fehler macht. Klasse geschrieben.<\/p>\n<h5 class=\"bodytext\"><b>Der Weg des Vertrauens von Anton Fichtlmeyer<\/b><\/h5>\n<p class=\"bodytext\">Nicht ganz einfach zu lesen, aber trotzdem sehr informativ, Anton Fichtlmeyer erkl\u00e4rt an seinen Hunden, wie er diese erzieht und mit welchen Massnahmen.<\/p>\n<p class=\"bodytext\">Barfen<\/p>\n<\/div>\n<\/div>\n<div id=\"c406\" class=\"csc-default\">\n<div class=\"csc-textpic-text\">\n<p class=\"bodytext\">Barfen, ein tolles Thema, welches aber auch ganz schnell sehr heisse Diskussionen ausl\u00f6sen kann.<\/p>\n<p class=\"bodytext\">Zun\u00e4chst ein paar B\u00fcchertipps von uns mit direktem Link zum Amazon Shop, wo man auch direkt \u00fcber unser Partnerprogramm bestellen kann.<\/p>\n<h5 class=\"bodytext\"><b>Natural Dog Food<\/b><\/h5>\n<h5 class=\"bodytext\"><b>Barfen,\u00a0 <img src='https:\/\/sportdream-aussies.de\/wp-content\/plugins\/wp-monalisa\/icons\/' alt='' width='29' height='24' class='wpml_ico' \/> <\/b><b>Barfen f\u00fcr Welpen und tr\u00e4chtige H\u00fcndinnen, Barf\u00a0f\u00fcr den Senior\u00a0von Swanie Simon<\/b><\/h5>\n<h5 class=\"bodytext\"><b>Barfen f\u00fcr Welpen und Z\u00fcchter<\/b><\/h5>\n<p class=\"bodytext\">Es gibt mit Sicherheit noch viel B\u00fccher mehr, aber beim Barfen braucht man auch nicht jedes Buch kaufen, denn auch hier gilt Basiswissen aneignen und dann seinen Weg finden.<\/p>\n<p class=\"bodytext\">Nun wie barfen wir? Wie sind wir dazu gekommen?<\/p>\n<p class=\"bodytext\">Das Buch\u00a0 <img src='https:\/\/sportdream-aussies.de\/wp-content\/plugins\/wp-monalisa\/icons\/' alt='' width='29' height='24' class='wpml_ico' \/> <b>Katzen w\u00fcrden M\u00e4use kaufen<\/b> <img src='https:\/\/sportdream-aussies.de\/wp-content\/plugins\/wp-monalisa\/icons\/' alt='' width='29' height='24' class='wpml_ico' \/> \u00a0war bei uns ausschlaggebend, der Nachfolger  <img src='https:\/\/sportdream-aussies.de\/wp-content\/plugins\/wp-monalisa\/icons\/' alt='' width='29' height='24' class='wpml_ico' \/> <strong>Hunde w\u00fcrden l\u00e4nger leben<\/strong> <img src='https:\/\/sportdream-aussies.de\/wp-content\/plugins\/wp-monalisa\/icons\/' alt='' width='29' height='24' class='wpml_ico' \/>  ebenfalls genauso empfehlenswert<\/p>\n<p class=\"bodytext\">Hier wird sehr anschaulich berichtet, was in der Futtermittelindustrie abgeht! Gruselig, was alles verarbeitet wird und das f\u00fcttern wir unseren Hunden, neee geht gar nicht haben wir uns gedacht und los gings, die oben genannten B\u00fccher gekauft und vor allen Dingen ganz viel im Internet nachgelesen und bei Barf Foren sich Tips und Anregungen geholt. Anfangs waren wir sehr skeptisch ob das alles richtig ist, aber dann wieder das Buch vor Augen gehalten und schon gehts wieder.<\/p>\n<p class=\"bodytext\">Also bei uns gibt es Fleisch in allen Sorten, im Tageswechsel, Rindfleisch, Muskelfleisch, Lefzen, Kopffleisch, Pansen, Bl\u00e4ttermagen, Herz und Innereien, H\u00fchnerfleisch gewolft mit allem drin, H\u00fchnerh\u00e4lse, Putenh\u00e4lse, Herzen, Leber und M\u00e4gen, Fisch gemixt, Lachsmix und Fische komplett, Hering, Sprotte und was es alles zu\u00a0kaufen gibt, dann ab und an mal Kaninchen, Pferdefleisch, Lamm vom T\u00fcrken und nat\u00fcrlich Knochen, Kehlkopf, Brustbein, Schlund. Dann dazu gibt es im Wechsel, Salat, nach Saison, Gem\u00fcse, M\u00f6hren, Brokkoli, Chicoree, Spinat, Blumenkohl usw. ab und an auch mal \u00c4pfel, Bananen oder Birnen und in der Saison auch mal Erdbeeren und Kirschen. Wir f\u00fcttern \u00d6l dazu, auch hier immer wieder abwechseln, Raps\u00f6l, Lein\u00f6l, Fisch\u00f6l, Sonnenblumen\u00f6l usw. Ab und an auch mal N\u00fcsse, aber nicht sehr oft.<\/p>\n<p class=\"bodytext\">Einmal die Woche gibt es einen halben Fastentag, da gibt es abends nichts mehr und morgens gibt es eine vegetarische Mahlzeit, sprich Joghurt oder Quarkt mit Haferflocken oder geschrottetem Leinsamen, ein bisschen Honig und ein Eigelb!<\/p>\n<p class=\"bodytext\">An Zus\u00e4tzen f\u00fcttern wir Bierhefe beim Fellwechsel der Hunde, also nur max. 6 Wochen und nur der Hund, der gerade das Fell abschmeisst, dann regelm\u00e4ssig den Welpen und Junghunden bis sie ausgewachsen sind Perna Junior von Pernaturam, eine Mischung aus Gr\u00fcnlippmuschel und Gelantine f\u00fcr die Knochen, die gro\u00dfen Hunden bekommen Gr\u00fcnlippmuschel immer im Fr\u00fchjahr \u00fcber 6 Wochen als Kur bevor die Agi Saison losgeht und nach dem Training immer Sperulina zum schnelleren Regenerieren der Muskeln. Mehr oder weniger regelm\u00e4ssig von Pernaturam das Komplement, in dem sich eine geballte Mischung aus Zus\u00e4tzen befindet.<\/p>\n<p class=\"bodytext\">H\u00f6rt sich vielleicht im ersten Augenblick kompleziert an, ist es aber gar nicht, unsere Hunde haben ein tolles Fell, sind absolut vital und leistungsf\u00e4hig und sie haben alle tolle weisse Z\u00e4hne, kaum Belag, selbst Buddy nicht unser \u00c4ltester!<\/p>\n<p class=\"bodytext\">Kosten?? Nicht mehr wie auch ein hochwertiges Trockenfutter! Wer Fragen hat kann sich gerne bei uns melden. Auch die Welpen werden teilgebarft, sie kennen sp\u00e4ter beides Trocken und Barf, damit danach jeder Welpenk\u00e4ufer seinen Weg gehen kann, gerne begleiten wir aber auch die K\u00e4ufer wenn sie sich f\u00fcrs Barfen entscheiden sollten.<\/p>\n<p class=\"bodytext\">Impfen<\/p>\n<\/div>\n<\/div>\n<div id=\"c407\" class=\"csc-default\">\n<div class=\"csc-textpic-text\">\n<p class=\"bodytext\">Das leidige Thema Impfen, was sollen wir impfen, mein Tierartz hat gesagt&#8230;..<\/p>\n<p class=\"bodytext\">Wir warten noch auf das o.k. zum verlinken auf eine Seite einer Tier\u00e4rtzin, die wundersch\u00f6n erkl\u00e4rt hat, welche Impfung Sinn macht und ich welchem Abstand. Sobald wir die Genehmigung haben, werde ich den Link und die Empfehlung hier posten.<\/p>\n<p class=\"bodytext\">Auch hier gibt es ein ganz tolles Buch aus der Schwarzbuch Serie,\u00a0 <img src='https:\/\/sportdream-aussies.de\/wp-content\/plugins\/wp-monalisa\/icons\/' alt='' width='29' height='24' class='wpml_ico' \/> <b>Hunde w\u00fcrden l\u00e4nger leben wenn&#8230;.<\/b><\/p>\n<p class=\"bodytext\">Wie wir es handhaben ist auch ganz einfach erkl\u00e4rt, die Welpen werden nat\u00fcrlich grundimmunisiert, d.h. mit 8 Wochen die erste Impfung bei uns und dann sollten die Kleinen mit 12 Wochen beim Tierartz gegen Staupe, Hepatits, Parvo und Leptovirose geimpft werden. Danach mit 6 Monaten nach dem Zahnwechsel kommt erst die Tollwutimpfung, vorher auf keinen Fall und nie lassen wir in unsere Hunde ein Kombination der Stoffe impfen, also nie Tollwut mit den oben genannten zusammen. Dann wird der junge Hund nochmal mit einem 1 mit den 4 Stoffen geimpft und dann nur noch alle 3 Jahre Tollwut, mehr nicht. Der Titer der Impfungen ist so hoch lt. den neuesten Studien, das eine Impfung mind. 7 Jahre anh\u00e4lt! Wer sich unsicher ist, kann den Titer ganz einfach und schnell bestimmen lassen. Impfungen gegen Borreliose oder Zwingerhusten lassen wir gar nicht machen, denn sie sind nur gegen einen Stamm wirklsam von mittlerweilen ganz vielen St\u00e4mmen.<\/p>\n<p class=\"bodytext\">Aber hier soll nicht der Verdacht aufkommen, wir wollen nicht impfen, nein ganz und gar nicht, aber das Moto beim impfen ist so wenig wie m\u00f6glich, soviel wie n\u00f6tig!! Und mit einem entsprechend gut informiertem Tierartz ist dieses Konzept auf problemlos m\u00f6glich, wir haben genau diesen Tierartz des Vertrauens gefunden!!!<\/p>\n<p class=\"bodytext\">Vererbung<\/p>\n<\/div>\n<\/div>\n<div id=\"c410\" class=\"csc-default\">\n<div class=\"csc-textpic-text\">\n<p class=\"bodytext\">Vererbung beim Hund, hier gibt es geniale B\u00fccher von Inge Hansen<\/p>\n<h5 class=\"bodytext\"><b>Vererbung beim Hund  <img src='https:\/\/sportdream-aussies.de\/wp-content\/plugins\/wp-monalisa\/icons\/' alt='' width='29' height='24' class='wpml_ico' \/> <\/b>und\u00a0 <img src='https:\/\/sportdream-aussies.de\/wp-content\/plugins\/wp-monalisa\/icons\/' alt='' width='29' height='24' class='wpml_ico' \/> <b>Handbuch der Hundezucht<\/b><\/h5>\n<p class=\"bodytext\">Wir haben uns viel mit diesem Thema auseinandergesetzt, sehr viel sogar, was beim z\u00fcchten das oberste Gebot ist und mit diesem Thema wird man zwangsl\u00e4ufig konfrontiert, denn das alles glatt gehen, das gibt es beim z\u00fcchten nicht. Bewundernswert sind die Neulinge bei der Zucht, die noch nicht mal wissen, was ein red factored Hund ist, das sind so Hausaufgaben, die man, bevor man z\u00fcchtet machen sollte und man sollte auch wissen, was eine Mutation ist.<\/p>\n<p class=\"bodytext\">Bereits vor kurzem hatten wir dieses Statment in unsere News Ecke gepostet:<\/p>\n<p class=\"bodytext\"><i>Erbrankheiten, egal welcher Art sind ein sehr heikles Thema, die Emotionen kochen schnell auf! Nun aber zur eigentlichen Aufkl\u00e4rung, Halbgeschwister egal ob eines Produzenten oder eines betroffenen Hundes haben das gleiche Risiko eine Erbkrankheit in sich zu tragen oder weiter zu vererben! Bei einem einfachen rezessiven Erbgang liegt das Risiko bei Halbgeschwistern bei 25 % und bei Vollgeschwistern bei 75 % die Krankheit in sich zu tragen oder weiter zu vererben und hierbei spielt es keine Rolle, ob es der Produzent oder der betroffene Hund ist. Bei einem nicht rezessiven Erbgang, wobei dieses die meisten Erbkrankheiten beinhalten, ist ein Risiko nicht kalkulierbar. Es spielen nicht nur die Gene ( man geht von mehreren Genen aus) eine Rolle sondern auch in vielen F\u00e4llen \u00e4ussere Faktoren. Jeder Z\u00fcchter muss f\u00fcr sich selber entscheiden was er an Risiko eingehen m\u00f6chte, Hauptsache er ist ehrlich zu seinen Welpenk\u00e4ufern und kl\u00e4rt bei Fragen auf. HD und ED geh\u00f6ren zu den Erbkrankheiten dazu, insbesondere die ED, die beim Aussie fast mehr verbreitet ist wie die HD, die vielen Augenkrankheiten, Epilespsie und Autoimmunerkrankungen.\u00a0 <img src='https:\/\/sportdream-aussies.de\/wp-content\/plugins\/wp-monalisa\/icons\/' alt='' width='29' height='24' class='wpml_ico' \/> <\/i><\/p>\n<p class=\"bodytext\">Der Erbgang bei einigen Krankheiten ist leider noch gar nicht oder wenig erforscht und es ist nach wie vor ein Gl\u00fcckspiel, ob es in einer Verpaarung knallt oder nicht. Leider gibt es nach wie vor nur begrenzte Gentest zur Verf\u00fcgung, die leider nur einen geringen Teil der Erbkrankheiten abdecken, auf einen sehr wichtigen Test, den der Epilepsie warten sehr viele Z\u00fcchter, da es ein gro\u00dfer Problem bei unseren Hunden (alle Rassen und Mixe)\u00a0ist, aber dieser Test wird wohl noch einige Zeit in Anspruch nehmen, wenn er denn \u00fcberhaupt irgendwann kommt! Wir haben einen netten Mail Kontakt mit der Uni M\u00fcnchen hierzu gehabt und haben nun das Wissen, das die Epi kein rezessiver Erbgang ist und vermutlich mehrere Gene hierzu beteiligt sein m\u00fcssen und beim Aussie sogar vermutlich \u00e4ussere Faktoren ein Rolle spielen. Mittlerweile hat zu der ersten Studie in USA eine weitere Studie begonnen und hier wurden nun bereits 3 Gene gefunden, die wohl f\u00fcr die Entstehung von Epilepsie verantwortlich sind, aber die Forscher vermuten auch, das es noch einige mehr sind, die zu dem Puzzle dazu geh\u00f6ren. Wir denken, das es so schnell keinen Test geben wird, denn auch beim Menschen gibt es keinen.<\/p>\n<p class=\"bodytext\">Vor einiger Zeit im Jahr 2008 kam der HSF4 Test heraus, ein gro\u00dfer Hype um diesen Test entstand, alle Tr\u00e4ger Hunde wurden aus dem Verkehr gezogen, nun mittlerweile hat man erkannt, das der HSF4 Test nur etwa 20 % des Kataraktes ausmacht, ist zwar diejenige Form, die am schwersten verl\u00e4uft, aber trotzdem sind es nur 20 %, daf\u00fcr w\u00fcrden soviele Hunde aus der Zucht genommen, im Nachhinein bereuen viele Z\u00fcchter diesen Schritt, aber zu diesem Zeitpunkt wusste man es halt nicht. Daher Gentest ?? Wir haben f\u00fcr uns gesagt, wir testen alles was n\u00f6tig ist um mit bestem Gewissen unsere Hunde zu verpaaren.<\/p>\n<p class=\"bodytext\">\n<\/div>\n<\/div>\n<div id=\"c413\" class=\"csc-default\">\n<div class=\"csc-header csc-header-n6\">\n<h3>Antijagdtraining<\/h3>\n<\/div>\n<div class=\"csc-textpic-text\">\n<p class=\"bodytext\">Einige Anregungen und Denkanst\u00f6\u00dfe zum Antijagdtraining.<\/p>\n<p class=\"bodytext\">Hier gibt es von uns keine Buchempfehlung, da wir hier nicht wirklich viel Erfahrung haben und es zum Gl\u00fcck auch nicht brauchten, aber wir bereits vielen anderen auf dem Weg zum erfolgreichen Antijagdtraining geholfen haben.<\/p>\n<p class=\"bodytext\">Vorab das Thema ist nicht ohne, denn hier gibt es die Trainer, die alles nur positiv versuchen und die Fraktion die ganz hart wird und ganz ehrlich ein Antijagdtraining mit click fein Leckerchen geht nicht!! Man nehme den Wolf im Rudel, der junge Hund war jagen und kommt wieder ins Rudel zur\u00fcck, was sagt der Leitwolf?? Kriegst eine Belohnung? Nein ganz bestimmt nicht, der kriegt eine aufs Maul vom Chef und das gewaltig. Alleing\u00e4nge sind nicht gewollt und was pr\u00e4digen einige Trainer? Freuen wir uns wenn der Hund zur\u00fcck kommt, was lernt der Hund? Ich gehe jagen und mein Dosen\u00f6ffner freut sich, wenn ich wieder da bin. Super also das klappt garantiert nicht. Es gibt einige Methoden, die funktionieren, aber die geh\u00f6ren in Profi H\u00e4nde, da gibt es keine Anleitung f\u00fcr, das muss von einem Trainer angleitet werden, der verdammt viel Ahnung hiervon hat. Wichtig ist ein Abbruchsignal egal in welcher Form, das muss sitzen, egal ob ich ein Stopp rufe, oder einen Pfeife benutze oder sonstwas, aber irgendein Signal in dieser Art braucht der Hund, sonst funktioniert ein Antijagdtraining nicht.<\/p>\n<p class=\"bodytext\">Also wer ein Jagdproblem mit seinem Aussie hat, soll sich an einen renomierten Trainer wenden, der Erfahrung mit Antijagdtraining hat, nur so bekomme ich es in den Griff!<\/p>\n<\/div>\n<\/div>\n<\/div>\n<\/div>\n<div id=\"navi_dest\"><\/div>\n","protected":false},"excerpt":{"rendered":"<p>Allgemeine Buchtips \u00fcber den Aussie Hier eine kleine Aufz\u00e4hlung von B\u00fcchern, die wir empfehlen k\u00f6nnen! Ilse Pelz, der Australian Shepherd\u00a0 <img src='https:\/\/sportdream-aussies.de\/wp-content\/plugins\/wp-monalisa\/icons\/' alt='' width='29' height='24' class='wpml_ico' \/>  Ein geniales Buch f\u00fcr alle, die Aussie Fans werden wollen oder es schon sind und einfach nur nochmal alles \u00fcber die wundervolle Rasse nachlesen wollen. Das Nachschlagewerk, was man im Schrank stehen haben muss! All [&hellip;]<\/p>\n","protected":false},"author":1,"featured_media":4386,"parent":1039,"menu_order":1,"comment_status":"closed","ping_status":"closed","template":"page-templates\/full-width-page.php","meta":{"ngg_post_thumbnail":0,"footnotes":""},"class_list":["post-1042","page","type-page","status-publish","has-post-thumbnail","hentry"],"aioseo_notices":[],"jetpack_sharing_enabled":true,"_links":{"self":[{"href":"https:\/\/sportdream-aussies.de\/index.php?rest_route=\/wp\/v2\/pages\/1042","targetHints":{"allow":["GET"]}}],"collection":[{"href":"https:\/\/sportdream-aussies.de\/index.php?rest_route=\/wp\/v2\/pages"}],"about":[{"href":"https:\/\/sportdream-aussies.de\/index.php?rest_route=\/wp\/v2\/types\/page"}],"author":[{"embeddable":true,"href":"https:\/\/sportdream-aussies.de\/index.php?rest_route=\/wp\/v2\/users\/1"}],"replies":[{"embeddable":true,"href":"https:\/\/sportdream-aussies.de\/index.php?rest_route=%2Fwp%2Fv2%2Fcomments&post=1042"}],"version-history":[{"count":39,"href":"https:\/\/sportdream-aussies.de\/index.php?rest_route=\/wp\/v2\/pages\/1042\/revisions"}],"predecessor-version":[{"id":4932,"href":"https:\/\/sportdream-aussies.de\/index.php?rest_route=\/wp\/v2\/pages\/1042\/revisions\/4932"}],"up":[{"embeddable":true,"href":"https:\/\/sportdream-aussies.de\/index.php?rest_route=\/wp\/v2\/pages\/1039"}],"wp:featuredmedia":[{"embeddable":true,"href":"https:\/\/sportdream-aussies.de\/index.php?rest_route=\/wp\/v2\/media\/4386"}],"wp:attachment":[{"href":"https:\/\/sportdream-aussies.de\/index.php?rest_route=%2Fwp%2Fv2%2Fmedia&parent=1042"}],"curies":[{"name":"wp","href":"https:\/\/api.w.org\/{rel}","templated":true}]}}