{"id":1039,"date":"2017-09-13T14:48:02","date_gmt":"2017-09-13T14:48:02","guid":{"rendered":"http:\/\/sportdream-aussies-service.de\/?page_id=1039"},"modified":"2021-08-03T14:45:58","modified_gmt":"2021-08-03T14:45:58","slug":"links","status":"publish","type":"page","link":"https:\/\/sportdream-aussies.de\/?page_id=1039","title":{"rendered":"Links"},"content":{"rendered":"<p>Unser Banner zum mitnehmen<\/p>\n<p><img loading=\"lazy\" decoding=\"async\" class=\"alignnone wp-image-1789 size-full\" src=\"https:\/\/sportdream-aussies.de\/wp-content\/uploads\/2017\/09\/Banner2011.jpg\" alt=\"\" width=\"466\" height=\"109\" srcset=\"https:\/\/sportdream-aussies.de\/wp-content\/uploads\/2017\/09\/Banner2011.jpg 466w, https:\/\/sportdream-aussies.de\/wp-content\/uploads\/2017\/09\/Banner2011-300x70.jpg 300w\" sizes=\"auto, (max-width: 466px) 100vw, 466px\" \/><\/p>\n<hr \/>\n<p>Unser Verein \u00fcber den wir z\u00fcchten<\/p>\n<p><a href=\"http:\/\/www.casd-aussies.de\" target=\"_blank\" rel=\"noopener noreferrer\"><img loading=\"lazy\" decoding=\"async\" class=\"alignnone wp-image-1778 size-full\" src=\"https:\/\/sportdream-aussies.de\/wp-content\/uploads\/2017\/09\/casd_logo.gif\" alt=\"\" width=\"222\" height=\"72\" \/><\/a><\/p>\n<hr \/>\n<p><a href=\"http:\/\/www.vdh.de\/home\/\" target=\"_blank\" rel=\"noopener noreferrer\"><img loading=\"lazy\" decoding=\"async\" class=\"alignnone wp-image-1787 size-full\" src=\"https:\/\/sportdream-aussies.de\/wp-content\/uploads\/2017\/09\/vdh-logo.jpg\" alt=\"\" width=\"222\" height=\"125\" \/><\/a><a href=\"http:\/\/www.fci.be\/de\/\" target=\"_blank\" rel=\"noopener noreferrer\"><img loading=\"lazy\" decoding=\"async\" class=\"alignnone wp-image-1781 size-full\" src=\"https:\/\/sportdream-aussies.de\/wp-content\/uploads\/2017\/09\/fci_logo.jpg\" alt=\"\" width=\"222\" height=\"222\" srcset=\"https:\/\/sportdream-aussies.de\/wp-content\/uploads\/2017\/09\/fci_logo.jpg 222w, https:\/\/sportdream-aussies.de\/wp-content\/uploads\/2017\/09\/fci_logo-150x150.jpg 150w, https:\/\/sportdream-aussies.de\/wp-content\/uploads\/2017\/09\/fci_logo-90x90.jpg 90w\" sizes=\"auto, (max-width: 222px) 100vw, 222px\" \/><\/a><\/p>\n<hr \/>\n<p><a href=\"http:\/\/www.akc.org\/\" target=\"_blank\" rel=\"noopener noreferrer\"><img loading=\"lazy\" decoding=\"async\" class=\"alignnone wp-image-1772 size-full\" src=\"https:\/\/sportdream-aussies.de\/wp-content\/uploads\/2017\/09\/200_akc-logo-blue.jpg\" alt=\"\" width=\"222\" height=\"234\" \/><\/a><a href=\"http:\/\/www.asca.org\/\" target=\"_blank\" rel=\"noopener noreferrer\"><img loading=\"lazy\" decoding=\"async\" class=\"alignnone wp-image-1774 size-full\" src=\"https:\/\/sportdream-aussies.de\/wp-content\/uploads\/2017\/09\/asca.gif\" alt=\"\" width=\"222\" height=\"219\" \/><\/a><\/p>\n<div class=\"csc-header csc-header-n3\">\n<hr \/>\n<p>Cool Paws Aussies<\/p>\n<p><a href=\"http:\/\/www.cool-paws.de\/\" target=\"_blank\" rel=\"noopener noreferrer\"><img loading=\"lazy\" decoding=\"async\" class=\"alignnone wp-image-1780 size-full\" src=\"https:\/\/sportdream-aussies.de\/wp-content\/uploads\/2017\/09\/coolpawsaussies_60.jpg\" alt=\"\" width=\"468\" height=\"60\" srcset=\"https:\/\/sportdream-aussies.de\/wp-content\/uploads\/2017\/09\/coolpawsaussies_60.jpg 468w, https:\/\/sportdream-aussies.de\/wp-content\/uploads\/2017\/09\/coolpawsaussies_60-300x38.jpg 300w\" sizes=\"auto, (max-width: 468px) 100vw, 468px\" \/><\/a><\/p>\n<p>hier wohnt Bliss aus unserem B Wurf!<\/p>\n<\/div>\n<hr \/>\n<p>Wind-Divine-Aussies, aus dieser Zucht stammt der Vater unseres H Wurfes<\/p>\n<p><a href=\"https:\/\/wild-divine-aussies.de\/\" target=\"_blank\" rel=\"noopener noreferrer\"><img loading=\"lazy\" decoding=\"async\" class=\"alignnone wp-image-1788 size-full\" src=\"https:\/\/sportdream-aussies.de\/wp-content\/uploads\/2017\/09\/wild_divine_aussies_60.jpg\" alt=\"\" width=\"468\" height=\"60\" srcset=\"https:\/\/sportdream-aussies.de\/wp-content\/uploads\/2017\/09\/wild_divine_aussies_60.jpg 468w, https:\/\/sportdream-aussies.de\/wp-content\/uploads\/2017\/09\/wild_divine_aussies_60-300x38.jpg 300w\" sizes=\"auto, (max-width: 468px) 100vw, 468px\" \/><\/a><\/p>\n<hr \/>\n<p>Sunligth Aussies hier wohnt der Papa unseres D Wurfes<\/p>\n<p><a href=\"https:\/\/www.sunlight-aussies.ch\/\" target=\"_blank\" rel=\"noopener noreferrer\"><img loading=\"lazy\" decoding=\"async\" class=\"alignnone wp-image-1785 size-full\" src=\"https:\/\/sportdream-aussies.de\/wp-content\/uploads\/2017\/09\/sunlight_aussies_60.jpg\" alt=\"\" width=\"468\" height=\"60\" srcset=\"https:\/\/sportdream-aussies.de\/wp-content\/uploads\/2017\/09\/sunlight_aussies_60.jpg 468w, https:\/\/sportdream-aussies.de\/wp-content\/uploads\/2017\/09\/sunlight_aussies_60-300x38.jpg 300w\" sizes=\"auto, (max-width: 468px) 100vw, 468px\" \/><\/a><\/p>\n<hr \/>\n<p><a href=\"http:\/\/www.edoras-aussies.de\/\" target=\"_blank\" rel=\"noopener noreferrer\"><img loading=\"lazy\" decoding=\"async\" class=\"alignnone wp-image-1779 size-full\" src=\"https:\/\/sportdream-aussies.de\/wp-content\/uploads\/2017\/09\/clanedoras_60.jpg\" alt=\"\" width=\"468\" height=\"60\" srcset=\"https:\/\/sportdream-aussies.de\/wp-content\/uploads\/2017\/09\/clanedoras_60.jpg 468w, https:\/\/sportdream-aussies.de\/wp-content\/uploads\/2017\/09\/clanedoras_60-300x38.jpg 300w\" sizes=\"auto, (max-width: 468px) 100vw, 468px\" \/><\/a><\/p>\n<hr \/>\n<p>Bollwerks Aussies, die Z\u00fcchterin von Ashley<\/p>\n<p><a href=\"http:\/\/www.bollwerks.de\/amy\/php_main\/index.php\" target=\"_blank\" rel=\"noopener noreferrer\"><img loading=\"lazy\" decoding=\"async\" class=\"alignnone wp-image-1777 size-full\" src=\"https:\/\/sportdream-aussies.de\/wp-content\/uploads\/2017\/09\/bollwerks_banner_60.jpg\" alt=\"\" width=\"468\" height=\"60\" srcset=\"https:\/\/sportdream-aussies.de\/wp-content\/uploads\/2017\/09\/bollwerks_banner_60.jpg 468w, https:\/\/sportdream-aussies.de\/wp-content\/uploads\/2017\/09\/bollwerks_banner_60-300x38.jpg 300w\" sizes=\"auto, (max-width: 468px) 100vw, 468px\" \/><\/a><\/p>\n<hr \/>\n<p><a href=\"https:\/\/www.blueranch.ch\" target=\"_blank\" rel=\"noopener noreferrer\"><img loading=\"lazy\" decoding=\"async\" class=\"alignnone wp-image-1776 size-full\" src=\"https:\/\/sportdream-aussies.de\/wp-content\/uploads\/2017\/09\/blue_ranch_60.jpg\" alt=\"\" width=\"468\" height=\"60\" srcset=\"https:\/\/sportdream-aussies.de\/wp-content\/uploads\/2017\/09\/blue_ranch_60.jpg 468w, https:\/\/sportdream-aussies.de\/wp-content\/uploads\/2017\/09\/blue_ranch_60-300x38.jpg 300w\" sizes=\"auto, (max-width: 468px) 100vw, 468px\" \/><\/a><\/p>\n<p><a href=\"https:\/\/www.aussie.de\" target=\"_blank\" rel=\"noopener noreferrer\"><img loading=\"lazy\" decoding=\"async\" class=\"alignnone\" src=\"https:\/\/www.aussie.de\/aussie-de.jpg\" alt=\"Australian Shepherd\" width=\"468\" height=\"60\" border=\"0\" \/><\/a><\/p>\n<hr \/>\n<p>HSG Rhein Sieg unser Verein f\u00fcr Agility und Obedience<\/p>\n<p><a href=\"http:\/\/www.agility-hsg.de\/\" target=\"_blank\" rel=\"noopener noreferrer\"><img loading=\"lazy\" decoding=\"async\" class=\"alignnone wp-image-1773 size-full\" src=\"https:\/\/sportdream-aussies.de\/wp-content\/uploads\/2017\/09\/agilityhundesportgruppe.jpg\" alt=\"\" width=\"468\" height=\"114\" srcset=\"https:\/\/sportdream-aussies.de\/wp-content\/uploads\/2017\/09\/agilityhundesportgruppe.jpg 468w, https:\/\/sportdream-aussies.de\/wp-content\/uploads\/2017\/09\/agilityhundesportgruppe-300x73.jpg 300w\" sizes=\"auto, (max-width: 468px) 100vw, 468px\" \/><\/a><\/p>\n<hr \/>\n<p><a href=\"https:\/\/www.myaustralianshepherd.de\/\" target=\"_blank\" rel=\"noopener noreferrer\"><img loading=\"lazy\" decoding=\"async\" class=\"alignnone wp-image-2254 size-full\" src=\"https:\/\/sportdream-aussies.de\/wp-content\/uploads\/2017\/09\/myAustralianShepherdBanner_400x102px.jpg\" alt=\"\" width=\"400\" height=\"102\" srcset=\"https:\/\/sportdream-aussies.de\/wp-content\/uploads\/2017\/09\/myAustralianShepherdBanner_400x102px.jpg 400w, https:\/\/sportdream-aussies.de\/wp-content\/uploads\/2017\/09\/myAustralianShepherdBanner_400x102px-300x77.jpg 300w\" sizes=\"auto, (max-width: 400px) 100vw, 400px\" \/><\/a><\/p>\n<hr \/>\n<p><a href=\"http:\/\/www.ihrtier-ihrjuwel.de\/\"><img loading=\"lazy\" decoding=\"async\" class=\"alignnone size-medium wp-image-2639\" src=\"https:\/\/sportdream-aussies.de\/wp-content\/uploads\/2018\/03\/IhrTier-300x61.jpg\" alt=\"\" width=\"300\" height=\"61\" srcset=\"https:\/\/sportdream-aussies.de\/wp-content\/uploads\/2018\/03\/IhrTier-300x61.jpg 300w, https:\/\/sportdream-aussies.de\/wp-content\/uploads\/2018\/03\/IhrTier.jpg 431w\" sizes=\"auto, (max-width: 300px) 100vw, 300px\" \/><\/a><\/p>\n<p>Ein wundersch\u00f6ne Seite f\u00fcr tolle Schmuckst\u00fccke aus den Haaren von unseren Lieblingen<\/p>\n<hr \/>\n","protected":false},"excerpt":{"rendered":"<p>Unser Banner zum mitnehmen Unser Verein \u00fcber den wir z\u00fcchten Cool Paws Aussies hier wohnt Bliss aus unserem B Wurf! Wind-Divine-Aussies, aus dieser Zucht stammt der Vater unseres H Wurfes Sunligth Aussies hier wohnt der Papa unseres D Wurfes Bollwerks Aussies, die Z\u00fcchterin von Ashley HSG Rhein Sieg unser Verein f\u00fcr Agility und Obedience Ein [&hellip;]<\/p>\n","protected":false},"author":1,"featured_media":4385,"parent":0,"menu_order":0,"comment_status":"closed","ping_status":"closed","template":"","meta":{"ngg_post_thumbnail":0,"footnotes":""},"class_list":["post-1039","page","type-page","status-publish","has-post-thumbnail","hentry"],"aioseo_notices":[],"jetpack_sharing_enabled":true,"_links":{"self":[{"href":"https:\/\/sportdream-aussies.de\/index.php?rest_route=\/wp\/v2\/pages\/1039","targetHints":{"allow":["GET"]}}],"collection":[{"href":"https:\/\/sportdream-aussies.de\/index.php?rest_route=\/wp\/v2\/pages"}],"about":[{"href":"https:\/\/sportdream-aussies.de\/index.php?rest_route=\/wp\/v2\/types\/page"}],"author":[{"embeddable":true,"href":"https:\/\/sportdream-aussies.de\/index.php?rest_route=\/wp\/v2\/users\/1"}],"replies":[{"embeddable":true,"href":"https:\/\/sportdream-aussies.de\/index.php?rest_route=%2Fwp%2Fv2%2Fcomments&post=1039"}],"version-history":[{"count":53,"href":"https:\/\/sportdream-aussies.de\/index.php?rest_route=\/wp\/v2\/pages\/1039\/revisions"}],"predecessor-version":[{"id":3984,"href":"https:\/\/sportdream-aussies.de\/index.php?rest_route=\/wp\/v2\/pages\/1039\/revisions\/3984"}],"wp:featuredmedia":[{"embeddable":true,"href":"https:\/\/sportdream-aussies.de\/index.php?rest_route=\/wp\/v2\/media\/4385"}],"wp:attachment":[{"href":"https:\/\/sportdream-aussies.de\/index.php?rest_route=%2Fwp%2Fv2%2Fmedia&parent=1039"}],"curies":[{"name":"wp","href":"https:\/\/api.w.org\/{rel}","templated":true}]}}